{"id":24796,"date":"2025-04-03T09:25:46","date_gmt":"2025-04-03T09:25:46","guid":{"rendered":"https:\/\/esquell.eu\/product\/moule-pour-anneaux-de-8-tailles-differentes-mt-15-a-19\/"},"modified":"2026-02-14T10:24:02","modified_gmt":"2026-02-14T10:24:02","slug":"moule-pour-anneaux-de-8-tailles-differentes-mt-15-a-19","status":"publish","type":"product","link":"https:\/\/esquell.eu\/fr\/produit\/moule-pour-anneaux-de-8-tailles-differentes-mt-15-a-19\/","title":{"rendered":"Moule pour anneaux de 8 tailles diff\u00e9rentes. mt 15 \u00e0 19"},"content":{"rendered":"<div class=\"product-addition-content\">\n<p>Moule pour bagues de 8 tailles diff\u00e9rentes. Pour les bagues de taille 15 \u00e0 19. <\/p>\n<p>Pour la r\u00e9sine UV, la r\u00e9sine, la p\u00e2te d&rsquo;argent.<\/p>\n<p>Mod\u00e8le de bague<\/p>\n<\/div>\n","protected":false},"excerpt":{"rendered":"<p>Moule pour bagues de 8 tailles diff\u00e9rentes. Pour les bagues de taille 15 \u00e0 19. <\/p>\n<p>Pour la r\u00e9sine UV, la r\u00e9sine, la p\u00e2te d&rsquo;argent.<\/p>\n<p>Mod\u00e8le de bague<\/p>\n","protected":false},"featured_media":24797,"comment_status":"closed","ping_status":"closed","template":"","meta":{"_acf_changed":false,"_seopress_robots_primary_cat":"none","_seopress_titles_title":"","_seopress_titles_desc":"","_seopress_robots_index":""},"more":[],"product_brand":[6398],"product_cat":[15643],"product_tag":[10218,7494,18872,7496,18873,7469,18871,7473,12934,8441,6645,13391,6939,6646,7929,18827,7098,6638,6388,6741,6404,6390,6378,6405,6372,6718,13946,17274,6409,11207,11206,6649,8632,13389,18879,18877,18878,9380,6647,9797,6798,6374,6815,6849,6801,6640,9875,18875,7695,10552,9874,15097,18876,6643,6816,7506,9894,7774,14735,6805,17271,18874,7429,11291,9892,6803],"class_list":{"0":"post-24796","1":"product","2":"type-product","3":"status-publish","4":"has-post-thumbnail","6":"product_brand-l1","7":"product_cat-moules","8":"product_tag-10218","9":"product_tag-7494","10":"product_tag-18872","11":"product_tag-7496","12":"product_tag-18873","13":"product_tag-7469","14":"product_tag-18871","15":"product_tag-7473","16":"product_tag-23-bijoux","17":"product_tag-3d","18":"product_tag-a","19":"product_tag-a-7","20":"product_tag-acheter-2","21":"product_tag-acheter","22":"product_tag-acrylique","23":"product_tag-animaux","24":"product_tag-anneau","25":"product_tag-anneaux","26":"product_tag-argile","27":"product_tag-argile-3","28":"product_tag-argile-argentee","29":"product_tag-argile-metallique-2","30":"product_tag-argile-metallique","31":"product_tag-artclay","32":"product_tag-bijoux","33":"product_tag-bijoux-3","34":"product_tag-bijoux-commemoratifs-3","35":"product_tag-bijoux-commemoratifs-4","36":"product_tag-bricolage","37":"product_tag-chat","38":"product_tag-chien","39":"product_tag-commande","40":"product_tag-comme","41":"product_tag-comment-2","42":"product_tag-comment-faire","43":"product_tag-crin-de-cheval","44":"product_tag-dent","45":"product_tag-differents","46":"product_tag-en-ligne","47":"product_tag-epoxy","48":"product_tag-faire-2","49":"product_tag-faire","50":"product_tag-fimo","51":"product_tag-formulaires","52":"product_tag-il","53":"product_tag-maison","54":"product_tag-memoire","55":"product_tag-modele-de-bague","56":"product_tag-modelisation-2","57":"product_tag-moule-3","58":"product_tag-moule-2","59":"product_tag-moules-2","60":"product_tag-ornement-en-frene","61":"product_tag-ou","62":"product_tag-pate-polymere","63":"product_tag-pour","64":"product_tag-resine-2","65":"product_tag-resine","66":"product_tag-silicone","67":"product_tag-soi","68":"product_tag-son-2","69":"product_tag-sonnerie-automatique","70":"product_tag-structures","71":"product_tag-tailles","72":"product_tag-uv","73":"product_tag-votre","74":"product_shipping_class-standard","76":"first","77":"instock","78":"taxable","79":"shipping-taxable","80":"purchasable","81":"product-type-simple"},"acf":[],"_links":{"self":[{"href":"https:\/\/esquell.eu\/fr\/wp-json\/wp\/v2\/product\/24796","targetHints":{"allow":["GET"]}}],"collection":[{"href":"https:\/\/esquell.eu\/fr\/wp-json\/wp\/v2\/product"}],"about":[{"href":"https:\/\/esquell.eu\/fr\/wp-json\/wp\/v2\/types\/product"}],"replies":[{"embeddable":true,"href":"https:\/\/esquell.eu\/fr\/wp-json\/wp\/v2\/comments?post=24796"}],"wp:featuredmedia":[{"embeddable":true,"href":"https:\/\/esquell.eu\/fr\/wp-json\/wp\/v2\/media\/24797"}],"wp:attachment":[{"href":"https:\/\/esquell.eu\/fr\/wp-json\/wp\/v2\/media?parent=24796"}],"wp:term":[{"taxonomy":"more","embeddable":true,"href":"https:\/\/esquell.eu\/fr\/wp-json\/wp\/v2\/more?post=24796"},{"taxonomy":"product_brand","embeddable":true,"href":"https:\/\/esquell.eu\/fr\/wp-json\/wp\/v2\/product_brand?post=24796"},{"taxonomy":"product_cat","embeddable":true,"href":"https:\/\/esquell.eu\/fr\/wp-json\/wp\/v2\/product_cat?post=24796"},{"taxonomy":"product_tag","embeddable":true,"href":"https:\/\/esquell.eu\/fr\/wp-json\/wp\/v2\/product_tag?post=24796"}],"curies":[{"name":"wp","href":"https:\/\/api.w.org\/{rel}","templated":true}]}}