{"id":24773,"date":"2025-04-03T09:25:46","date_gmt":"2025-04-03T09:25:46","guid":{"rendered":"https:\/\/esquell.eu\/product\/moule-silicone-papillons-motif-dentelle-ajouree\/"},"modified":"2025-04-03T09:25:46","modified_gmt":"2025-04-03T09:25:46","slug":"moule-silicone-papillons-motif-dentelle-ajouree","status":"publish","type":"product","link":"https:\/\/esquell.eu\/fr\/produit\/moule-silicone-papillons-motif-dentelle-ajouree\/","title":{"rendered":"moule silicone papillons Motif dentelle ajour\u00e9e."},"content":{"rendered":"<p>Gabarit Silcon divers papillons<\/p>\n<p>Ajour\u00e9.<\/p>\n<p>19*7 cm<\/p>\n<p>Taille des papillons env. 3 cm<\/p>\n","protected":false},"excerpt":{"rendered":"<p>Gabarit Silcon divers papillons  <\/p>\n<p>Travail \u00e0 temps partiel.  <\/p>\n<p>19*7 cm<\/p>\n<p>Taille des papillons environ 3 cm<\/p>\n<p>Lorsque vous utilisez de l&rsquo;argile m\u00e9tallique. Remplissez le moule et laissez s\u00e9cher dans le moule.   <\/p>\n<p>Le moule est r\u00e9sistant \u00e0 la chaleur et peut donc \u00eatre plac\u00e9 sur la plaque de s\u00e9chage.  <\/p>\n","protected":false},"featured_media":3925,"comment_status":"closed","ping_status":"closed","template":"","meta":{"_acf_changed":false,"_seopress_robots_primary_cat":"none","_seopress_titles_title":"","_seopress_titles_desc":"","_seopress_robots_index":""},"more":[],"product_brand":[],"product_cat":[15643],"product_tag":[6388,6741,6404,6378,6376,6372,6658,15798,11093,15797,9797,18638,18840,9874,15645,12241,14735,7596,13944],"class_list":{"0":"post-24773","1":"product","2":"type-product","3":"status-publish","4":"has-post-thumbnail","6":"product_cat-moules","7":"product_tag-argile","8":"product_tag-argile-3","9":"product_tag-argile-argentee","10":"product_tag-argile-metallique","11":"product_tag-artclaysilver","12":"product_tag-bijoux","13":"product_tag-bijoux-en-argile","14":"product_tag-bords","15":"product_tag-cote","16":"product_tag-dentelle","17":"product_tag-epoxy","18":"product_tag-motif","19":"product_tag-motif-de-dentelle","20":"product_tag-moule-2","21":"product_tag-papillon","22":"product_tag-papillons-2","23":"product_tag-silicone","24":"product_tag-travail-ouvert","25":"product_tag-travail-ouvert-2","26":"product_shipping_class-standard","28":"first","29":"instock","30":"taxable","31":"shipping-taxable","32":"purchasable","33":"product-type-simple"},"acf":[],"_links":{"self":[{"href":"https:\/\/esquell.eu\/fr\/wp-json\/wp\/v2\/product\/24773","targetHints":{"allow":["GET"]}}],"collection":[{"href":"https:\/\/esquell.eu\/fr\/wp-json\/wp\/v2\/product"}],"about":[{"href":"https:\/\/esquell.eu\/fr\/wp-json\/wp\/v2\/types\/product"}],"replies":[{"embeddable":true,"href":"https:\/\/esquell.eu\/fr\/wp-json\/wp\/v2\/comments?post=24773"}],"wp:featuredmedia":[{"embeddable":true,"href":"https:\/\/esquell.eu\/fr\/wp-json\/wp\/v2\/media\/3925"}],"wp:attachment":[{"href":"https:\/\/esquell.eu\/fr\/wp-json\/wp\/v2\/media?parent=24773"}],"wp:term":[{"taxonomy":"more","embeddable":true,"href":"https:\/\/esquell.eu\/fr\/wp-json\/wp\/v2\/more?post=24773"},{"taxonomy":"product_brand","embeddable":true,"href":"https:\/\/esquell.eu\/fr\/wp-json\/wp\/v2\/product_brand?post=24773"},{"taxonomy":"product_cat","embeddable":true,"href":"https:\/\/esquell.eu\/fr\/wp-json\/wp\/v2\/product_cat?post=24773"},{"taxonomy":"product_tag","embeddable":true,"href":"https:\/\/esquell.eu\/fr\/wp-json\/wp\/v2\/product_tag?post=24773"}],"curies":[{"name":"wp","href":"https:\/\/api.w.org\/{rel}","templated":true}]}}