{"id":24770,"date":"2025-04-03T09:25:46","date_gmt":"2025-04-03T09:25:46","guid":{"rendered":"https:\/\/esquell.eu\/product\/mini-moule-en-silicone-pour-fleurs\/"},"modified":"2025-04-03T09:25:46","modified_gmt":"2025-04-03T09:25:46","slug":"mini-moule-en-silicone-pour-fleurs","status":"publish","type":"product","link":"https:\/\/esquell.eu\/fr\/produit\/mini-moule-en-silicone-pour-fleurs\/","title":{"rendered":"Mini-moule en silicone pour fleurs"},"content":{"rendered":"<p>Mini moule \u00e0 fleurs en silicone<\/p>\n<p>Taille approx. 5.5 * 7 cm<\/p>\n","protected":false},"excerpt":{"rendered":"<p>Mini-moule en silicone pour la r\u00e9alisation d&rsquo;ornements en p\u00e2te d&rsquo;argent.<\/p>\n<p>Les pi\u00e8ces s\u00e9par\u00e9es peuvent \u00eatre assembl\u00e9es avec de la p\u00e2te d&rsquo;argent.<\/p>\n","protected":false},"featured_media":8294,"comment_status":"closed","ping_status":"closed","template":"","meta":{"_acf_changed":false,"_seopress_robots_primary_cat":"none","_seopress_titles_title":"","_seopress_titles_desc":"","_seopress_robots_index":""},"more":[],"product_brand":[6398],"product_cat":[15643],"product_tag":[6476,6645,6646,6945,7761,6397,7024,6923,6638,6473,6404,6378,6390,10133,6376,18834,6393,6372,6402,6641,6958,8735,6941,6409,7770,6738,8424,13869,6655,8503,8492,6647,9797,6798,6374,18841,6837,7705,6785,7510,6849,6401,6653,6712,6651,6659,6951,7120,6801,9011,8722,6550,6634,6369,6472,6930,7026,8501,6789,18838,19625,8497,7031,9105,16253,15646,16283,9128,9874,8712,15097,14829,6661,6567,11155,18839,6643,6726,6657,6391,6665,6536,6644,8678,18842,7029,10131,7774,9894,9896,14831,15795,18831,6925,14735,6407,6663,16977,6411,6787,18837,6803,6408,6667,7032],"class_list":{"0":"post-24770","1":"product","2":"type-product","3":"status-publish","4":"has-post-thumbnail","6":"product_brand-l1","7":"product_cat-moules","8":"product_tag-6476","9":"product_tag-a","10":"product_tag-acheter","11":"product_tag-alkmaar","12":"product_tag-allemagne-2","13":"product_tag-allemagne","14":"product_tag-almere","15":"product_tag-amsterdam","16":"product_tag-anneaux","17":"product_tag-argile-2","18":"product_tag-argile-argentee","19":"product_tag-argile-metallique","20":"product_tag-argile-metallique-2","21":"product_tag-argile-metallique-precieuse","22":"product_tag-artclaysilver","23":"product_tag-aster","24":"product_tag-belgique","25":"product_tag-bijoux","26":"product_tag-bon-marche","27":"product_tag-boucles-doreilles","28":"product_tag-boutique","29":"product_tag-boutique-2","30":"product_tag-brabant","31":"product_tag-bricolage","32":"product_tag-camps","33":"product_tag-cool","34":"product_tag-cooltools","35":"product_tag-danemark","36":"product_tag-drenthe","37":"product_tag-dronten","38":"product_tag-emmen","39":"product_tag-en-ligne","40":"product_tag-epoxy","41":"product_tag-faire-2","42":"product_tag-faire","43":"product_tag-felxible","44":"product_tag-fleur","45":"product_tag-fleurs-2","46":"product_tag-flevoland","47":"product_tag-flexible","48":"product_tag-formulaires","49":"product_tag-france","50":"product_tag-frise","51":"product_tag-gratuit","52":"product_tag-groningue","53":"product_tag-gueldre","54":"product_tag-heerenveen","55":"product_tag-hoogeveen","56":"product_tag-il","57":"product_tag-iles-wadden","58":"product_tag-internet","59":"product_tag-largent-2","60":"product_tag-largent-3","61":"product_tag-largent","62":"product_tag-lart","63":"product_tag-leeuwarden","64":"product_tag-lelystad","65":"product_tag-lemmer","66":"product_tag-limbourg","67":"product_tag-marguerite","68":"product_tag-marguerite-2","69":"product_tag-meppel","70":"product_tag-metal-2","71":"product_tag-micro","72":"product_tag-minimal","73":"product_tag-modele-2","74":"product_tag-modeles-4","75":"product_tag-moule","76":"product_tag-moule-2","77":"product_tag-moules","78":"product_tag-moules-2","79":"product_tag-nevisas","80":"product_tag-nord","81":"product_tag-offrir","82":"product_tag-ommen","83":"product_tag-ornements-3","84":"product_tag-ou","85":"product_tag-outils-2","86":"product_tag-overijssel","87":"product_tag-pays-bas","88":"product_tag-pays-bas-2","89":"product_tag-petit","90":"product_tag-pieces","91":"product_tag-plastique-2","92":"product_tag-pliable","93":"product_tag-pmc","94":"product_tag-precieux","95":"product_tag-resine","96":"product_tag-resine-2","97":"product_tag-resine-acrylique","98":"product_tag-reve","99":"product_tag-rose-4","100":"product_tag-rose-5","101":"product_tag-rotterdam","102":"product_tag-silicone","103":"product_tag-silverclay-co-uk","104":"product_tag-sud","105":"product_tag-suede","106":"product_tag-tempete-de-sable","107":"product_tag-utrecht","108":"product_tag-violon","109":"product_tag-votre","110":"product_tag-vous","111":"product_tag-zelande","112":"product_tag-zwolle","113":"product_shipping_class-standard","115":"first","116":"instock","117":"taxable","118":"shipping-taxable","119":"purchasable","120":"product-type-simple"},"acf":[],"_links":{"self":[{"href":"https:\/\/esquell.eu\/fr\/wp-json\/wp\/v2\/product\/24770","targetHints":{"allow":["GET"]}}],"collection":[{"href":"https:\/\/esquell.eu\/fr\/wp-json\/wp\/v2\/product"}],"about":[{"href":"https:\/\/esquell.eu\/fr\/wp-json\/wp\/v2\/types\/product"}],"replies":[{"embeddable":true,"href":"https:\/\/esquell.eu\/fr\/wp-json\/wp\/v2\/comments?post=24770"}],"wp:featuredmedia":[{"embeddable":true,"href":"https:\/\/esquell.eu\/fr\/wp-json\/wp\/v2\/media\/8294"}],"wp:attachment":[{"href":"https:\/\/esquell.eu\/fr\/wp-json\/wp\/v2\/media?parent=24770"}],"wp:term":[{"taxonomy":"more","embeddable":true,"href":"https:\/\/esquell.eu\/fr\/wp-json\/wp\/v2\/more?post=24770"},{"taxonomy":"product_brand","embeddable":true,"href":"https:\/\/esquell.eu\/fr\/wp-json\/wp\/v2\/product_brand?post=24770"},{"taxonomy":"product_cat","embeddable":true,"href":"https:\/\/esquell.eu\/fr\/wp-json\/wp\/v2\/product_cat?post=24770"},{"taxonomy":"product_tag","embeddable":true,"href":"https:\/\/esquell.eu\/fr\/wp-json\/wp\/v2\/product_tag?post=24770"}],"curies":[{"name":"wp","href":"https:\/\/api.w.org\/{rel}","templated":true}]}}