{"id":24769,"date":"2025-04-03T09:25:46","date_gmt":"2025-04-03T09:25:46","guid":{"rendered":"https:\/\/esquell.eu\/product\/moule-a-feuilles-en-silicone\/"},"modified":"2025-04-03T09:25:46","modified_gmt":"2025-04-03T09:25:46","slug":"moule-a-feuilles-en-silicone","status":"publish","type":"product","link":"https:\/\/esquell.eu\/fr\/produit\/moule-a-feuilles-en-silicone\/","title":{"rendered":"Moule \u00e0 feuilles en silicone"},"content":{"rendered":"<p>Moule en silicone avec diff\u00e9rentes feuilles.<\/p>\n<p>Les plus petites feuilles mesurent 8 mm. Les plus grandes mesurent 30 mm. <\/p>\n<p>Pour les clous d&rsquo;oreilles, les pendentifs, les breloques, les bagues, etc.<\/p>\n<p>A utiliser avec la p\u00e2te \u00e0 modeler, la p\u00e2te d&rsquo;argent, la p\u00e2te de bronze, la p\u00e2te de cuivre, la p\u00e2te fimo, la p\u00e2te polym\u00e8re, le cernit, etc.<\/p>\n","protected":false},"excerpt":{"rendered":"<p>Moule en silicone avec diff\u00e9rentes feuilles.<\/p>\n<p>Les plus petites feuilles mesurent 8 mm. Les plus grandes mesurent 30 mm. <\/p>\n<p>Pour les clous d&rsquo;oreilles, les pendentifs, les breloques, les bagues, etc.<\/p>\n<p>A utiliser avec la p\u00e2te \u00e0 modeler, la p\u00e2te d&rsquo;argent, la p\u00e2te de bronze, la p\u00e2te de cuivre, la p\u00e2te fimo, la p\u00e2te polym\u00e8re, le cernit, etc.<\/p>\n<p>Vaporisez toujours la formule antiadh\u00e9sive coolslip avant de l&rsquo;utiliser. Cela emp\u00eache l&rsquo;argile de coller aux moules. <\/p>\n","protected":false},"featured_media":3927,"comment_status":"closed","ping_status":"closed","template":"","meta":{"_acf_changed":false,"_seopress_robots_primary_cat":"none","_seopress_titles_title":"","_seopress_titles_desc":"","_seopress_robots_index":""},"more":[],"product_brand":[],"product_cat":[15643],"product_tag":[6645,6646,6386,6945,7016,10772,6923,18827,7098,6638,6473,6404,6420,7141,7028,6378,6390,6376,6565,8422,6393,6372,6402,6641,6941,6409,6528,7770,6819,11486,13956,7104,6851,6825,6655,8503,8509,7043,6374,6810,6813,6837,6833,6785,7510,8834,6849,6653,18826,6659,6951,7648,6381,6369,6634,6472,8996,6930,8501,6789,6426,6759,7031,18829,18825,17490,18836,16283,9874,18833,14829,6661,6567,6652,6643,6657,6816,6391,6665,6774,8073,11208,6536,7933,10131,6418,6751,14831,15795,6925,8511,18828,6407,18830,7429,6663,10139,6787,6408,6667,7032],"class_list":{"0":"post-24769","1":"product","2":"type-product","3":"status-publish","4":"has-post-thumbnail","6":"product_cat-moules","7":"product_tag-a","8":"product_tag-acheter","9":"product_tag-aida","10":"product_tag-alkmaar","11":"product_tag-amende-2","12":"product_tag-amende-3","13":"product_tag-amsterdam","14":"product_tag-animaux","15":"product_tag-anneau","16":"product_tag-anneaux","17":"product_tag-argile-2","18":"product_tag-argile-argentee","19":"product_tag-argile-bronze","20":"product_tag-argile-cuivree","21":"product_tag-argile-cuivreuse","22":"product_tag-argile-metallique","23":"product_tag-argile-metallique-2","24":"product_tag-artclaysilver","25":"product_tag-atelier","26":"product_tag-aussie","27":"product_tag-belgique","28":"product_tag-bijoux","29":"product_tag-bon-marche","30":"product_tag-boucles-doreilles","31":"product_tag-brabant","32":"product_tag-bricolage","33":"product_tag-bronze-2","34":"product_tag-camps","35":"product_tag-cernit","36":"product_tag-cheval","37":"product_tag-chevaux","38":"product_tag-cuivre-2","39":"product_tag-cutters","40":"product_tag-decouper-des-formes","41":"product_tag-drenthe","42":"product_tag-dronten","43":"product_tag-emmeloord","44":"product_tag-enschede","45":"product_tag-faire","46":"product_tag-feuille","47":"product_tag-feuilles","48":"product_tag-fleur","49":"product_tag-fleurs","50":"product_tag-flevoland","51":"product_tag-flexible","52":"product_tag-flexible-2","53":"product_tag-formulaires","54":"product_tag-frise","55":"product_tag-groiningen","56":"product_tag-gueldre","57":"product_tag-heerenveen","58":"product_tag-idees","59":"product_tag-japon","60":"product_tag-largent","61":"product_tag-largent-3","62":"product_tag-lart","63":"product_tag-linspiration","64":"product_tag-leeuwarden","65":"product_tag-lemmer","66":"product_tag-limbourg","67":"product_tag-malleable","68":"product_tag-metal","69":"product_tag-metal-2","70":"product_tag-metal-precieux-2","71":"product_tag-metallurgie-5","72":"product_tag-modele-de-bijou-2","73":"product_tag-modele-de-bijou-6","74":"product_tag-modeles-4","75":"product_tag-moule-2","76":"product_tag-moules-pour-bijoux","77":"product_tag-nevisas","78":"product_tag-nord","79":"product_tag-offrir","80":"product_tag-orfevres","81":"product_tag-ou","82":"product_tag-overijssel","83":"product_tag-pate-polymere","84":"product_tag-pays-bas","85":"product_tag-pays-bas-2","86":"product_tag-pendentif","87":"product_tag-personnel","88":"product_tag-personnel-2","89":"product_tag-petit","90":"product_tag-petit-2","91":"product_tag-precieux","92":"product_tag-promethee","93":"product_tag-reduction","94":"product_tag-reve","95":"product_tag-rose-4","96":"product_tag-rotterdam","97":"product_tag-se-faufiler","98":"product_tag-sillicone","99":"product_tag-silverclay-co-uk","100":"product_tag-special","101":"product_tag-structures","102":"product_tag-sud","103":"product_tag-unique","104":"product_tag-utrecht","105":"product_tag-vous","106":"product_tag-zelande","107":"product_tag-zwolle","108":"product_shipping_class-standard","110":"first","111":"instock","112":"taxable","113":"shipping-taxable","114":"purchasable","115":"product-type-simple"},"acf":[],"_links":{"self":[{"href":"https:\/\/esquell.eu\/fr\/wp-json\/wp\/v2\/product\/24769","targetHints":{"allow":["GET"]}}],"collection":[{"href":"https:\/\/esquell.eu\/fr\/wp-json\/wp\/v2\/product"}],"about":[{"href":"https:\/\/esquell.eu\/fr\/wp-json\/wp\/v2\/types\/product"}],"replies":[{"embeddable":true,"href":"https:\/\/esquell.eu\/fr\/wp-json\/wp\/v2\/comments?post=24769"}],"wp:featuredmedia":[{"embeddable":true,"href":"https:\/\/esquell.eu\/fr\/wp-json\/wp\/v2\/media\/3927"}],"wp:attachment":[{"href":"https:\/\/esquell.eu\/fr\/wp-json\/wp\/v2\/media?parent=24769"}],"wp:term":[{"taxonomy":"more","embeddable":true,"href":"https:\/\/esquell.eu\/fr\/wp-json\/wp\/v2\/more?post=24769"},{"taxonomy":"product_brand","embeddable":true,"href":"https:\/\/esquell.eu\/fr\/wp-json\/wp\/v2\/product_brand?post=24769"},{"taxonomy":"product_cat","embeddable":true,"href":"https:\/\/esquell.eu\/fr\/wp-json\/wp\/v2\/product_cat?post=24769"},{"taxonomy":"product_tag","embeddable":true,"href":"https:\/\/esquell.eu\/fr\/wp-json\/wp\/v2\/product_tag?post=24769"}],"curies":[{"name":"wp","href":"https:\/\/api.w.org\/{rel}","templated":true}]}}