{"id":24746,"date":"2025-04-03T09:25:46","date_gmt":"2025-04-03T09:25:46","guid":{"rendered":"https:\/\/esquell.eu\/product\/lettres-moulees-alphabet-hauteur-des-caracteres-18-mm\/"},"modified":"2025-04-03T09:25:46","modified_gmt":"2025-04-03T09:25:46","slug":"lettres-moulees-alphabet-hauteur-des-caracteres-18-mm","status":"publish","type":"product","link":"https:\/\/esquell.eu\/fr\/produit\/lettres-moulees-alphabet-hauteur-des-caracteres-18-mm\/","title":{"rendered":"Lettres moul\u00e9es, alphabet. Hauteur des caract\u00e8res : 18 mm"},"content":{"rendered":"<p>Moule \u00e0 lettres, moule en silicone avec alphabet.<\/p>\n<p>Hauteur des lettres 18mm.<\/p>\n<p>Dimensions du moule entier, 11.3 cm * 20.3 cm<\/p>\n<p>Convient \u00e0 toutes sortes d&rsquo;argile, d&rsquo;argile m\u00e9tallique, d&rsquo;\u00e9poxy, de r\u00e9sine, de r\u00e9sine UV, etc.<\/p>\n","protected":false},"excerpt":{"rendered":"<p>Lettermal, moule en silicone avec alphabet.<\/p>\n<p>Hauteur des lettres : 18 mm.<\/p>\n<p>Dimensions de l&rsquo;ensemble du moule, voir photos<\/p>\n<p>Convient \u00e0 tous les types d&rsquo;argile, d&rsquo;argile m\u00e9tallique, d&rsquo;\u00e9poxy, de r\u00e9sine, de r\u00e9sine UV, etc.<\/p>\n<p>Pour \u00e9viter que l&rsquo;argile m\u00e9tallique ne colle au moule, vous pouvez utiliser de l&rsquo;huile d&rsquo;olive ou de l&rsquo;<a href=\"?ObjectPath=\/Shops\/83636376\/Products\/AM0007\">antiadh\u00e9sif coolslip <\/a>.  <\/p>\n","protected":false},"featured_media":3934,"comment_status":"closed","ping_status":"closed","template":"","meta":{"_acf_changed":false,"_seopress_robots_primary_cat":"none","_seopress_titles_title":"","_seopress_titles_desc":"","_seopress_robots_index":""},"more":[],"product_brand":[],"product_cat":[15643],"product_tag":[9296,6645,6646,6939,6397,7045,7024,16174,6923,6931,6741,6404,8401,6420,7028,18798,6378,6390,9115,6376,6949,7572,6393,6658,18576,9326,6941,6409,6935,7490,6649,17674,8424,6650,6655,6647,18802,9797,7766,6374,6798,18795,6785,9809,6653,6933,6651,6659,7120,6801,9011,6369,6550,7026,7030,7768,6559,6789,17446,18797,6640,7040,15646,16283,9874,18407,15097,6661,18800,6643,8718,18794,6657,6816,6391,6665,18799,6710,16820,7029,7094,6418,7774,9894,9896,15644,6925,14735,6407,6805,6663,11984,7764,6787,9892,11627,18420,6803,6408,6667,7032],"class_list":{"0":"post-24746","1":"product","2":"type-product","3":"status-publish","4":"has-post-thumbnail","6":"product_cat-moules","7":"product_tag-9296","8":"product_tag-a","9":"product_tag-acheter","10":"product_tag-acheter-2","11":"product_tag-allemagne","12":"product_tag-almelo","13":"product_tag-almere","14":"product_tag-alphabet","15":"product_tag-amsterdam","16":"product_tag-anvers","17":"product_tag-argile-3","18":"product_tag-argile-argentee","19":"product_tag-argile-artistique","20":"product_tag-argile-bronze","21":"product_tag-argile-cuivreuse","22":"product_tag-argile-en-gros","23":"product_tag-argile-metallique","24":"product_tag-argile-metallique-2","25":"product_tag-art-de-largile","26":"product_tag-artclaysilver","27":"product_tag-assen","28":"product_tag-avec","29":"product_tag-belgique","30":"product_tag-bijoux-en-argile","31":"product_tag-bijoux-en-epoxy","32":"product_tag-boutique-en-ligne-dargile","33":"product_tag-brabant","34":"product_tag-bricolage","35":"product_tag-bruxelles","36":"product_tag-ceramique","37":"product_tag-commande","38":"product_tag-composants-2","39":"product_tag-cooltools","40":"product_tag-cuivre","41":"product_tag-drenthe","42":"product_tag-en-ligne","43":"product_tag-ens","44":"product_tag-epoxy","45":"product_tag-etreilen","46":"product_tag-faire","47":"product_tag-faire-2","48":"product_tag-fait-a-la-main-4","49":"product_tag-flevoland","50":"product_tag-fournitures-pour-largile","51":"product_tag-frise","52":"product_tag-gentilhomme","53":"product_tag-groningue","54":"product_tag-gueldre","55":"product_tag-hoogeveen","56":"product_tag-il","57":"product_tag-iles-wadden","58":"product_tag-largent","59":"product_tag-largent-2","60":"product_tag-lelystad","61":"product_tag-liege","62":"product_tag-liege-2","63":"product_tag-lignes-dartisanat","64":"product_tag-limbourg","65":"product_tag-magasin-dargile","66":"product_tag-magasin-dargile-2","67":"product_tag-maison","68":"product_tag-middelburg","69":"product_tag-modele-2","70":"product_tag-modeles-4","71":"product_tag-moule-2","72":"product_tag-moule-en-silicone","73":"product_tag-moules-2","74":"product_tag-nord","75":"product_tag-oosing","76":"product_tag-ou","77":"product_tag-outils-en-argile","78":"product_tag-outils-en-ceramique","79":"product_tag-overijssel","80":"product_tag-pate-polymere","81":"product_tag-pays-bas","82":"product_tag-pays-bas-2","83":"product_tag-pendentif-en-argile","84":"product_tag-pendentifs","85":"product_tag-pendentifs-en-epoxy","86":"product_tag-pmc","87":"product_tag-pont","88":"product_tag-promethee","89":"product_tag-resine","90":"product_tag-resine-2","91":"product_tag-resine-acrylique","92":"product_tag-resine-epoxy","93":"product_tag-rotterdam","94":"product_tag-silicone","95":"product_tag-silverclay-co-uk","96":"product_tag-soi","97":"product_tag-sud","98":"product_tag-terneuzen","99":"product_tag-urk","100":"product_tag-utrecht","101":"product_tag-uv","102":"product_tag-uvresin","103":"product_tag-verre-creatif-2","104":"product_tag-votre","105":"product_tag-vous","106":"product_tag-zelande","107":"product_tag-zwolle","108":"product_shipping_class-standard","110":"first","111":"instock","112":"taxable","113":"shipping-taxable","114":"purchasable","115":"product-type-simple"},"acf":[],"_links":{"self":[{"href":"https:\/\/esquell.eu\/fr\/wp-json\/wp\/v2\/product\/24746","targetHints":{"allow":["GET"]}}],"collection":[{"href":"https:\/\/esquell.eu\/fr\/wp-json\/wp\/v2\/product"}],"about":[{"href":"https:\/\/esquell.eu\/fr\/wp-json\/wp\/v2\/types\/product"}],"replies":[{"embeddable":true,"href":"https:\/\/esquell.eu\/fr\/wp-json\/wp\/v2\/comments?post=24746"}],"wp:featuredmedia":[{"embeddable":true,"href":"https:\/\/esquell.eu\/fr\/wp-json\/wp\/v2\/media\/3934"}],"wp:attachment":[{"href":"https:\/\/esquell.eu\/fr\/wp-json\/wp\/v2\/media?parent=24746"}],"wp:term":[{"taxonomy":"more","embeddable":true,"href":"https:\/\/esquell.eu\/fr\/wp-json\/wp\/v2\/more?post=24746"},{"taxonomy":"product_brand","embeddable":true,"href":"https:\/\/esquell.eu\/fr\/wp-json\/wp\/v2\/product_brand?post=24746"},{"taxonomy":"product_cat","embeddable":true,"href":"https:\/\/esquell.eu\/fr\/wp-json\/wp\/v2\/product_cat?post=24746"},{"taxonomy":"product_tag","embeddable":true,"href":"https:\/\/esquell.eu\/fr\/wp-json\/wp\/v2\/product_tag?post=24746"}],"curies":[{"name":"wp","href":"https:\/\/api.w.org\/{rel}","templated":true}]}}