{"id":24727,"date":"2025-04-03T09:24:49","date_gmt":"2025-04-03T09:24:49","guid":{"rendered":"https:\/\/esquell.eu\/product\/mini-moule-a-fleurs-en-silicone\/"},"modified":"2025-04-03T09:24:49","modified_gmt":"2025-04-03T09:24:49","slug":"mini-moule-a-fleurs-en-silicone","status":"publish","type":"product","link":"https:\/\/esquell.eu\/fr\/produit\/mini-moule-a-fleurs-en-silicone\/","title":{"rendered":"Mini-moule \u00e0 fleurs en silicone"},"content":{"rendered":"<p>Mini-moule en silicone pour la r\u00e9alisation d&rsquo;ornements en p\u00e2te d&rsquo;argent.<\/p>\n<p>Les pi\u00e8ces s\u00e9par\u00e9es peuvent \u00eatre assembl\u00e9es avec de la p\u00e2te d&rsquo;argent.<\/p>\n","protected":false},"excerpt":{"rendered":"<p>Mini moule \u00e0 fleurs en silicone<\/p>\n<p>Taille approx. 5.5 * 7 cm<\/p>\n","protected":false},"featured_media":8297,"comment_status":"closed","ping_status":"closed","template":"","meta":{"_acf_changed":false,"_seopress_robots_primary_cat":"none","_seopress_titles_title":"","_seopress_titles_desc":"","_seopress_robots_index":""},"more":[],"product_brand":[6398],"product_cat":[15643],"product_tag":[15038,8708,8441,6386,18511,7024,18232,6388,6473,6741,6404,6378,6390,6405,6376,6393,6396,6372,6658,7548,18229,18762,18760,15793,6395,9797,6763,6374,6849,6401,8241,7648,6761,6381,9643,6559,6400,17446,7681,6821,15646,16283,9874,6391,7670,7774,9894,14735,6407,18230,18240,18231],"class_list":{"0":"post-24727","1":"product","2":"type-product","3":"status-publish","4":"has-post-thumbnail","6":"product_brand-l1","7":"product_cat-moules","8":"product_tag-voici","9":"product_tag-co-uk","10":"product_tag-3d","11":"product_tag-aida","12":"product_tag-ailes","13":"product_tag-almere","14":"product_tag-amstedam","15":"product_tag-argile","16":"product_tag-argile-2","17":"product_tag-argile-3","18":"product_tag-argile-argentee","19":"product_tag-argile-metallique","20":"product_tag-argile-metallique-2","21":"product_tag-artclay","22":"product_tag-artclaysilver","23":"product_tag-belgique","24":"product_tag-belgique-2","25":"product_tag-bijoux","26":"product_tag-bijoux-en-argile","27":"product_tag-bijoux-en-argile-2","28":"product_tag-chauve-souris","29":"product_tag-chauve-souris-2","30":"product_tag-chauves-souris","31":"product_tag-coeur","32":"product_tag-deutsland","33":"product_tag-epoxy","34":"product_tag-facebook","35":"product_tag-faire","36":"product_tag-formulaires","37":"product_tag-france","38":"product_tag-hobby","39":"product_tag-idees","40":"product_tag-instagram","41":"product_tag-japon","42":"product_tag-leleystad","43":"product_tag-lignes-dartisanat","44":"product_tag-luxembourg","45":"product_tag-magasin-dargile","46":"product_tag-magasin-de-perles","47":"product_tag-mini","48":"product_tag-modele-2","49":"product_tag-modeles-4","50":"product_tag-moule-2","51":"product_tag-pays-bas","52":"product_tag-pinterest","53":"product_tag-resine","54":"product_tag-resine-2","55":"product_tag-silicone","56":"product_tag-silverclay-co-uk","57":"product_tag-souris","58":"product_tag-souris-2","59":"product_tag-voler-2","60":"product_shipping_class-standard","62":"first","63":"instock","64":"taxable","65":"shipping-taxable","66":"purchasable","67":"product-type-simple"},"acf":[],"_links":{"self":[{"href":"https:\/\/esquell.eu\/fr\/wp-json\/wp\/v2\/product\/24727","targetHints":{"allow":["GET"]}}],"collection":[{"href":"https:\/\/esquell.eu\/fr\/wp-json\/wp\/v2\/product"}],"about":[{"href":"https:\/\/esquell.eu\/fr\/wp-json\/wp\/v2\/types\/product"}],"replies":[{"embeddable":true,"href":"https:\/\/esquell.eu\/fr\/wp-json\/wp\/v2\/comments?post=24727"}],"wp:featuredmedia":[{"embeddable":true,"href":"https:\/\/esquell.eu\/fr\/wp-json\/wp\/v2\/media\/8297"}],"wp:attachment":[{"href":"https:\/\/esquell.eu\/fr\/wp-json\/wp\/v2\/media?parent=24727"}],"wp:term":[{"taxonomy":"more","embeddable":true,"href":"https:\/\/esquell.eu\/fr\/wp-json\/wp\/v2\/more?post=24727"},{"taxonomy":"product_brand","embeddable":true,"href":"https:\/\/esquell.eu\/fr\/wp-json\/wp\/v2\/product_brand?post=24727"},{"taxonomy":"product_cat","embeddable":true,"href":"https:\/\/esquell.eu\/fr\/wp-json\/wp\/v2\/product_cat?post=24727"},{"taxonomy":"product_tag","embeddable":true,"href":"https:\/\/esquell.eu\/fr\/wp-json\/wp\/v2\/product_tag?post=24727"}],"curies":[{"name":"wp","href":"https:\/\/api.w.org\/{rel}","templated":true}]}}