{"id":24711,"date":"2025-04-03T09:24:49","date_gmt":"2025-04-03T09:24:49","guid":{"rendered":"https:\/\/esquell.eu\/product\/mini-moule-a-coeur-en-silicone-avec-bordure-decorative\/"},"modified":"2025-04-03T09:24:49","modified_gmt":"2025-04-03T09:24:49","slug":"mini-moule-a-coeur-en-silicone-avec-bordure-decorative","status":"publish","type":"product","link":"https:\/\/esquell.eu\/fr\/produit\/mini-moule-a-coeur-en-silicone-avec-bordure-decorative\/","title":{"rendered":"Mini-moule \u00e0 c\u0153ur en silicone avec bordure d\u00e9corative"},"content":{"rendered":"<div class=\"product-addition-content\">\n<p>Mini moules 3D en silicone pour la fabrication de petits ornements.<br \/>\nPour la fabrication et la d\u00e9coration de bijoux.<\/p>\n<p>Coeurs avec bordure d\u00e9corative<\/p>\n<p>Dimensions du moule entier 45*28*9mm<\/p>\n<p>Convient pour l&rsquo;arguile d&rsquo;argent, l&rsquo;argile bronze, l&rsquo;argile cuivre, la r\u00e9sine, la r\u00e9sine UV, la fimo, la p\u00e2te polym\u00e8re, le fondant, etc.<\/p>\n<\/div>\n","protected":false},"excerpt":{"rendered":"<p>Mini gabarits 3D en silicone pour la r\u00e9alisation de petits ornements. Pour la fabrication et la d\u00e9coration de bijoux. <\/p>\n<p>Convient pour l&rsquo;arguile d&rsquo;argent, l&rsquo;argile bronze, l&rsquo;argile cuivre, la r\u00e9sine, la r\u00e9sine UV, la fimo, la p\u00e2te polym\u00e8re, le fondant, etc.<\/p>\n","protected":false},"featured_media":8304,"comment_status":"closed","ping_status":"closed","template":"","meta":{"_acf_changed":false,"_seopress_robots_primary_cat":"none","_seopress_titles_title":"","_seopress_titles_desc":"","_seopress_robots_index":""},"more":[],"product_brand":[6398],"product_cat":[15643],"product_tag":[18291,8441,6645,6646,7024,6923,6974,6931,6388,6473,6404,6378,6390,7100,6565,6393,6372,6402,6958,8735,6941,6409,11207,18307,18308,11486,18303,15793,8424,8451,16135,18283,6655,6647,9797,18289,7689,6763,6374,16252,6810,6813,6815,6837,18301,18315,6653,6933,6651,6659,8241,6761,15052,7030,6559,6789,18313,18312,18305,7031,18035,6821,16283,9874,6661,6567,18285,18287,18368,6937,6643,6657,15645,6816,18297,18369,18295,18293,6391,6665,6644,7670,7094,6418,18309,7774,9894,9896,18310,6925,15056,14735,15649,6407,6663,6411,18299,18311,17904,6787,9892,6667,7032],"class_list":{"0":"post-24711","1":"product","2":"type-product","3":"status-publish","4":"has-post-thumbnail","6":"product_brand-l1","7":"product_cat-moules","8":"product_tag-3-demensionnel","9":"product_tag-3d","10":"product_tag-a","11":"product_tag-acheter","12":"product_tag-almere","13":"product_tag-amsterdam","14":"product_tag-ancre","15":"product_tag-anvers","16":"product_tag-argile","17":"product_tag-argile-2","18":"product_tag-argile-argentee","19":"product_tag-argile-metallique","20":"product_tag-argile-metallique-2","21":"product_tag-artclaysilvershop","22":"product_tag-atelier","23":"product_tag-belgique","24":"product_tag-bijoux","25":"product_tag-bon-marche","26":"product_tag-boutique","27":"product_tag-boutique-2","28":"product_tag-brabant","29":"product_tag-bricolage","30":"product_tag-chat","31":"product_tag-chat-2","32":"product_tag-chats","33":"product_tag-cheval","34":"product_tag-chiffres-2","35":"product_tag-coeur","36":"product_tag-cooltools","37":"product_tag-coquilles","38":"product_tag-coquilles-2","39":"product_tag-decorations","40":"product_tag-drenthe","41":"product_tag-en-ligne","42":"product_tag-epoxy","43":"product_tag-etoile-de-mer","44":"product_tag-etsy","45":"product_tag-facebook","46":"product_tag-faire","47":"product_tag-fer-a-cheval","48":"product_tag-feuille","49":"product_tag-feuilles","50":"product_tag-fimo","51":"product_tag-fleur","52":"product_tag-fleur-3","53":"product_tag-fleur-de-liss","54":"product_tag-frise","55":"product_tag-gentilhomme","56":"product_tag-groningue","57":"product_tag-gueldre","58":"product_tag-hobby","59":"product_tag-instagram","60":"product_tag-lettres","61":"product_tag-liege","62":"product_tag-lignes-dartisanat","63":"product_tag-limbourg","64":"product_tag-marche","65":"product_tag-marche-de-largile-argentee","66":"product_tag-maritime","67":"product_tag-metal-2","68":"product_tag-metalclayworld","69":"product_tag-mini","70":"product_tag-modeles-4","71":"product_tag-moule-2","72":"product_tag-nord","73":"product_tag-offrir","74":"product_tag-oiseau","75":"product_tag-ornements","76":"product_tag-ornements-2","77":"product_tag-ostende","78":"product_tag-ou","79":"product_tag-overijssel","80":"product_tag-papillon","81":"product_tag-pate-polymere","82":"product_tag-patte","83":"product_tag-patte-2","84":"product_tag-patte-de-chien","85":"product_tag-pattes-de-chien-2","86":"product_tag-pays-bas","87":"product_tag-pays-bas-2","88":"product_tag-pieces","89":"product_tag-pinterest","90":"product_tag-pont","91":"product_tag-promethee","92":"product_tag-propose","93":"product_tag-resine","94":"product_tag-resine-2","95":"product_tag-resine-acrylique","96":"product_tag-resine-uv-2","97":"product_tag-rotterdam","98":"product_tag-secours","99":"product_tag-silicone","100":"product_tag-silicone-3","101":"product_tag-silverclay-co-uk","102":"product_tag-sud","103":"product_tag-tempete-de-sable","104":"product_tag-trefle","105":"product_tag-trois-demensionnels","106":"product_tag-uk","107":"product_tag-utrecht","108":"product_tag-uv","109":"product_tag-zelande","110":"product_tag-zwolle","111":"product_shipping_class-standard","113":"first","114":"instock","115":"taxable","116":"shipping-taxable","117":"purchasable","118":"product-type-simple"},"acf":[],"_links":{"self":[{"href":"https:\/\/esquell.eu\/fr\/wp-json\/wp\/v2\/product\/24711","targetHints":{"allow":["GET"]}}],"collection":[{"href":"https:\/\/esquell.eu\/fr\/wp-json\/wp\/v2\/product"}],"about":[{"href":"https:\/\/esquell.eu\/fr\/wp-json\/wp\/v2\/types\/product"}],"replies":[{"embeddable":true,"href":"https:\/\/esquell.eu\/fr\/wp-json\/wp\/v2\/comments?post=24711"}],"wp:featuredmedia":[{"embeddable":true,"href":"https:\/\/esquell.eu\/fr\/wp-json\/wp\/v2\/media\/8304"}],"wp:attachment":[{"href":"https:\/\/esquell.eu\/fr\/wp-json\/wp\/v2\/media?parent=24711"}],"wp:term":[{"taxonomy":"more","embeddable":true,"href":"https:\/\/esquell.eu\/fr\/wp-json\/wp\/v2\/more?post=24711"},{"taxonomy":"product_brand","embeddable":true,"href":"https:\/\/esquell.eu\/fr\/wp-json\/wp\/v2\/product_brand?post=24711"},{"taxonomy":"product_cat","embeddable":true,"href":"https:\/\/esquell.eu\/fr\/wp-json\/wp\/v2\/product_cat?post=24711"},{"taxonomy":"product_tag","embeddable":true,"href":"https:\/\/esquell.eu\/fr\/wp-json\/wp\/v2\/product_tag?post=24711"}],"curies":[{"name":"wp","href":"https:\/\/api.w.org\/{rel}","templated":true}]}}