{"id":24694,"date":"2025-04-03T09:24:49","date_gmt":"2025-04-03T09:24:49","guid":{"rendered":"https:\/\/esquell.eu\/product\/moule-en-silicone-pour-champignons-et-feuilles\/"},"modified":"2025-04-03T09:24:49","modified_gmt":"2025-04-03T09:24:49","slug":"moule-en-silicone-pour-champignons-et-feuilles","status":"publish","type":"product","link":"https:\/\/esquell.eu\/fr\/produit\/moule-en-silicone-pour-champignons-et-feuilles\/","title":{"rendered":"Moule en silicone pour champignons et feuilles"},"content":{"rendered":"<p>Moule en silicone avec champignons et feuilles.<\/p>\n<p>Dimensions du moule entier : environ 8,3*8,3<\/p>\n<p>&nbsp;<\/p>\n<p>Particuli\u00e8rement adapt\u00e9 \u00e0 l&rsquo;arguile d&rsquo;argent, l&rsquo;argile cuivreuse, l&rsquo;argile bronze et l&rsquo;argile polym\u00e8re, entre autres. R\u00e9sine, \u00e9poxy, etc. <\/p>\n","protected":false},"excerpt":{"rendered":"<p>Moule en silicone avec champignons et feuilles.<\/p>\n<p>Dimensions du moule entier : environ 8,3*8,3<\/p>\n<p>&nbsp;<\/p>\n<p>&nbsp;<\/p>\n<p>Particuli\u00e8rement adapt\u00e9 \u00e0 l&rsquo;arguile d&rsquo;argent, l&rsquo;argile cuivreuse, l&rsquo;argile bronze et l&rsquo;argile polym\u00e8re, entre autres. R\u00e9sine, \u00e9poxy, etc. <\/p>\n","protected":false},"featured_media":8309,"comment_status":"closed","ping_status":"closed","template":"","meta":{"_acf_changed":false,"_seopress_robots_primary_cat":"none","_seopress_titles_title":"","_seopress_titles_desc":"","_seopress_robots_index":""},"more":[],"product_brand":[6398],"product_cat":[15643],"product_tag":[18640,6397,6388,6741,15021,18424,6393,6372,6642,6658,7548,6409,17408,17409,6395,9797,6374,18443,8992,10382,18756,6401,18442,18750,6400,9874,15097,6391,18758,7774,9894,7596,9892,7055],"class_list":{"0":"post-24694","1":"product","2":"type-product","3":"status-publish","4":"has-post-thumbnail","6":"product_brand-l1","7":"product_cat-moules","8":"product_tag-ajour","9":"product_tag-allemagne","10":"product_tag-argile","11":"product_tag-argile-3","12":"product_tag-argiles","13":"product_tag-automne","14":"product_tag-belgique","15":"product_tag-bijoux","16":"product_tag-bijoux-2","17":"product_tag-bijoux-en-argile","18":"product_tag-bijoux-en-argile-2","19":"product_tag-bricolage","20":"product_tag-champignon","21":"product_tag-champignons","22":"product_tag-deutsland","23":"product_tag-epoxy","24":"product_tag-faire","25":"product_tag-fantaisie-2","26":"product_tag-feuilles-2","27":"product_tag-filegrain","28":"product_tag-filegree","29":"product_tag-france","30":"product_tag-gosplay","31":"product_tag-lion","32":"product_tag-luxembourg","33":"product_tag-moule-2","34":"product_tag-moules-2","35":"product_tag-pays-bas","36":"product_tag-reimplantation-du-fichiergre","37":"product_tag-resine","38":"product_tag-resine-2","39":"product_tag-travail-ouvert","40":"product_tag-uv","41":"product_tag-verre","42":"product_shipping_class-standard","44":"first","45":"instock","46":"taxable","47":"shipping-taxable","48":"purchasable","49":"product-type-simple"},"acf":[],"_links":{"self":[{"href":"https:\/\/esquell.eu\/fr\/wp-json\/wp\/v2\/product\/24694","targetHints":{"allow":["GET"]}}],"collection":[{"href":"https:\/\/esquell.eu\/fr\/wp-json\/wp\/v2\/product"}],"about":[{"href":"https:\/\/esquell.eu\/fr\/wp-json\/wp\/v2\/types\/product"}],"replies":[{"embeddable":true,"href":"https:\/\/esquell.eu\/fr\/wp-json\/wp\/v2\/comments?post=24694"}],"wp:featuredmedia":[{"embeddable":true,"href":"https:\/\/esquell.eu\/fr\/wp-json\/wp\/v2\/media\/8309"}],"wp:attachment":[{"href":"https:\/\/esquell.eu\/fr\/wp-json\/wp\/v2\/media?parent=24694"}],"wp:term":[{"taxonomy":"more","embeddable":true,"href":"https:\/\/esquell.eu\/fr\/wp-json\/wp\/v2\/more?post=24694"},{"taxonomy":"product_brand","embeddable":true,"href":"https:\/\/esquell.eu\/fr\/wp-json\/wp\/v2\/product_brand?post=24694"},{"taxonomy":"product_cat","embeddable":true,"href":"https:\/\/esquell.eu\/fr\/wp-json\/wp\/v2\/product_cat?post=24694"},{"taxonomy":"product_tag","embeddable":true,"href":"https:\/\/esquell.eu\/fr\/wp-json\/wp\/v2\/product_tag?post=24694"}],"curies":[{"name":"wp","href":"https:\/\/api.w.org\/{rel}","templated":true}]}}