{"id":24680,"date":"2025-04-03T09:24:49","date_gmt":"2025-04-03T09:24:49","guid":{"rendered":"https:\/\/esquell.eu\/product\/mini-moule-en-silicone-angels-dimensions-du-moule-complet-41197mm\/"},"modified":"2025-04-03T09:24:49","modified_gmt":"2025-04-03T09:24:49","slug":"mini-moule-en-silicone-angels-dimensions-du-moule-complet-41197mm","status":"publish","type":"product","link":"https:\/\/esquell.eu\/fr\/produit\/mini-moule-en-silicone-angels-dimensions-du-moule-complet-41197mm\/","title":{"rendered":"Mini-moule en silicone Angels. Dimensions du moule complet 41*19*7mm"},"content":{"rendered":"<div class=\"product-addition-content\">\n<p>Mini gabarits 3D en silicone pour r\u00e9aliser de petits ornements.<\/p>\n<p>Petits anges. Taille des anges, 14*16mm <\/p>\n<p>Convient pour l&rsquo;arguile d&rsquo;argent, l&rsquo;argile bronze, l&rsquo;argile cuivre, la r\u00e9sine, la r\u00e9sine UV, la fimo, la p\u00e2te polym\u00e8re, le fondant, etc.<\/p>\n<\/div>\n","protected":false},"excerpt":{"rendered":"<p>Mini gabarits 3D en silicone pour r\u00e9aliser de petits ornements.<\/p>\n<p>Petits anges. Taille des anges, 14*16mm <\/p>\n<p>&nbsp;<\/p>\n<p>Convient pour l&rsquo;arguile d&rsquo;argent, l&rsquo;argile bronze, l&rsquo;argile cuivre, la r\u00e9sine, la r\u00e9sine UV, la fimo, la p\u00e2te polym\u00e8re, le fondant, etc.<\/p>\n","protected":false},"featured_media":8310,"comment_status":"closed","ping_status":"closed","template":"","meta":{"_acf_changed":false,"_seopress_robots_primary_cat":"none","_seopress_titles_title":"","_seopress_titles_desc":"","_seopress_robots_index":""},"more":[],"product_brand":[6398],"product_cat":[15643],"product_tag":[18469,6645,6646,7929,6945,7024,6923,7098,6638,6931,6404,6378,6376,6949,6575,6393,6372,6642,6402,6641,7814,6958,8735,6792,6716,7116,6409,6935,7770,11207,18307,18474,18473,11486,18303,15794,7762,8424,7871,18468,18471,13576,8503,8509,8492,6647,7766,6763,6374,6813,18466,6653,6933,18476,6651,6951,7120,6761,17397,18467,18032,6930,7026,15052,7030,18313,8991,18305,18475,18035,6821,18470,15646,9874,6661,6567,18287,6937,6643,6657,12241,6816,18472,6391,6665,6774,6966,7670,7094,6751,7774,6925,14735,15649,6407,6663,6411,7032],"class_list":{"0":"post-24680","1":"product","2":"type-product","3":"status-publish","4":"has-post-thumbnail","6":"product_brand-l1","7":"product_cat-moules","8":"product_tag-3-d","9":"product_tag-a","10":"product_tag-acheter","11":"product_tag-acrylique","12":"product_tag-alkmaar","13":"product_tag-almere","14":"product_tag-amsterdam","15":"product_tag-anneau","16":"product_tag-anneaux","17":"product_tag-anvers","18":"product_tag-argile-argentee","19":"product_tag-argile-metallique","20":"product_tag-artclaysilver","21":"product_tag-assen","22":"product_tag-ateliers","23":"product_tag-belgique","24":"product_tag-bijoux","25":"product_tag-bijoux-2","26":"product_tag-bon-marche","27":"product_tag-boucles-doreilles","28":"product_tag-boucles-doreilles-2","29":"product_tag-boutique","30":"product_tag-boutique-2","31":"product_tag-bracelet","32":"product_tag-breloques","33":"product_tag-breloques-2","34":"product_tag-bricolage","35":"product_tag-bruxelles","36":"product_tag-camps","37":"product_tag-chat","38":"product_tag-chat-2","39":"product_tag-chatons-2","40":"product_tag-chats-2","41":"product_tag-cheval","42":"product_tag-chiffres-2","43":"product_tag-coeurs","44":"product_tag-coevorden","45":"product_tag-cooltools","46":"product_tag-creatif","47":"product_tag-croiser","48":"product_tag-decoration","49":"product_tag-drente","50":"product_tag-dronten","51":"product_tag-emmeloord","52":"product_tag-emmen","53":"product_tag-en-ligne","54":"product_tag-etreilen","55":"product_tag-facebook","56":"product_tag-faire","57":"product_tag-feuilles","58":"product_tag-fleurs-3","59":"product_tag-frise","60":"product_tag-gentilhomme","61":"product_tag-gronignen","62":"product_tag-groningue","63":"product_tag-heerenveen","64":"product_tag-hoogeveen","65":"product_tag-instagram","66":"product_tag-journee-de-largile","67":"product_tag-le-moins-cher","68":"product_tag-le-reve-du-nevada","69":"product_tag-leeuwarden","70":"product_tag-lelystad","71":"product_tag-lettres","72":"product_tag-liege","73":"product_tag-marche","74":"product_tag-marche-de-largent","75":"product_tag-maritime","76":"product_tag-metalclay-uk","77":"product_tag-metalclayworld","78":"product_tag-mini","79":"product_tag-minimal-2","80":"product_tag-modele-2","81":"product_tag-moule-2","82":"product_tag-nord","83":"product_tag-offrir","84":"product_tag-ornements","85":"product_tag-ostende","86":"product_tag-ou","87":"product_tag-overijssel","88":"product_tag-papillons-2","89":"product_tag-pate-polymere","90":"product_tag-pattes","91":"product_tag-pays-bas","92":"product_tag-pays-bas-2","93":"product_tag-pendentif","94":"product_tag-perles-2","95":"product_tag-pinterest","96":"product_tag-pont","97":"product_tag-reduction","98":"product_tag-resine","99":"product_tag-rotterdam","100":"product_tag-silicone","101":"product_tag-silicone-3","102":"product_tag-silverclay-co-uk","103":"product_tag-sud","104":"product_tag-tempete-de-sable","105":"product_tag-zwolle","106":"product_shipping_class-standard","108":"first","109":"instock","110":"taxable","111":"shipping-taxable","112":"purchasable","113":"product-type-simple"},"acf":[],"_links":{"self":[{"href":"https:\/\/esquell.eu\/fr\/wp-json\/wp\/v2\/product\/24680","targetHints":{"allow":["GET"]}}],"collection":[{"href":"https:\/\/esquell.eu\/fr\/wp-json\/wp\/v2\/product"}],"about":[{"href":"https:\/\/esquell.eu\/fr\/wp-json\/wp\/v2\/types\/product"}],"replies":[{"embeddable":true,"href":"https:\/\/esquell.eu\/fr\/wp-json\/wp\/v2\/comments?post=24680"}],"wp:featuredmedia":[{"embeddable":true,"href":"https:\/\/esquell.eu\/fr\/wp-json\/wp\/v2\/media\/8310"}],"wp:attachment":[{"href":"https:\/\/esquell.eu\/fr\/wp-json\/wp\/v2\/media?parent=24680"}],"wp:term":[{"taxonomy":"more","embeddable":true,"href":"https:\/\/esquell.eu\/fr\/wp-json\/wp\/v2\/more?post=24680"},{"taxonomy":"product_brand","embeddable":true,"href":"https:\/\/esquell.eu\/fr\/wp-json\/wp\/v2\/product_brand?post=24680"},{"taxonomy":"product_cat","embeddable":true,"href":"https:\/\/esquell.eu\/fr\/wp-json\/wp\/v2\/product_cat?post=24680"},{"taxonomy":"product_tag","embeddable":true,"href":"https:\/\/esquell.eu\/fr\/wp-json\/wp\/v2\/product_tag?post=24680"}],"curies":[{"name":"wp","href":"https:\/\/api.w.org\/{rel}","templated":true}]}}