{"id":24654,"date":"2025-04-03T09:24:49","date_gmt":"2025-04-03T09:24:49","guid":{"rendered":"https:\/\/esquell.eu\/product\/moule-en-silicone-feuilles-diverses\/"},"modified":"2025-04-03T09:24:49","modified_gmt":"2025-04-03T09:24:49","slug":"moule-en-silicone-feuilles-diverses","status":"publish","type":"product","link":"https:\/\/esquell.eu\/fr\/produit\/moule-en-silicone-feuilles-diverses\/","title":{"rendered":"Moule en silicone feuilles diverses"},"content":{"rendered":"<p>Moule en silicone diverses feuilles (d&rsquo;automne)<\/p>\n<p>Dimensions moule entier env. 10 * 8 cm<\/p>\n<p>Si vous utilisez de l&rsquo;arguile d&rsquo;argent ou d&rsquo;autres argiles m\u00e9talliques, vaporisez d&rsquo;abord l\u00e9g\u00e8rement le moule avec de l&rsquo;arguile d&rsquo;argent ou d&rsquo;autres argiles m\u00e9talliques. <strong><u>Coolslip formule antiadh\u00e9sive<\/u><\/strong><\/p>\n","protected":false},"excerpt":{"rendered":"<p>Moule en silicone diverses feuilles (d&rsquo;automne)<\/p>\n<p>Dimensions moule entier env. 10 * 8 cm<\/p>\n<p>Si vous utilisez de l&rsquo;arguile d&rsquo;argent ou d&rsquo;autres argiles m\u00e9talliques, vaporisez d&rsquo;abord l\u00e9g\u00e8rement le moule avec de l&rsquo;arguile d&rsquo;argent ou d&rsquo;autres argiles m\u00e9talliques. <a href=\"https:\/\/www.esquell.nl\/p\/coolslip-antiplak-formule\"><strong><u>Coolslip formule antiadh\u00e9sive<\/u><\/strong><\/a><\/p>\n","protected":false},"featured_media":8322,"comment_status":"closed","ping_status":"closed","template":"","meta":{"_acf_changed":false,"_seopress_robots_primary_cat":"none","_seopress_titles_title":"","_seopress_titles_desc":"","_seopress_robots_index":""},"more":[],"product_brand":[6398],"product_cat":[15643],"product_tag":[18640,6397,6388,6473,6404,7028,6393,6372,6658,6402,6389,6409,18636,18727,11335,6706,6395,6743,9797,6374,18726,18728,8992,6401,8745,8085,6640,13231,6759,7031,18638,18642,9874,10552,15097,6410,6648,6391,18646,9894,6443,18648,14735,8990,15995,18644,7596,18634],"class_list":{"0":"post-24654","1":"product","2":"type-product","3":"status-publish","4":"has-post-thumbnail","6":"product_brand-l1","7":"product_cat-moules","8":"product_tag-ajour","9":"product_tag-allemagne","10":"product_tag-argile","11":"product_tag-argile-2","12":"product_tag-argile-argentee","13":"product_tag-argile-cuivreuse","14":"product_tag-belgique","15":"product_tag-bijoux","16":"product_tag-bijoux-en-argile","17":"product_tag-bon-marche","18":"product_tag-boutique-en-ligne","19":"product_tag-bricolage","20":"product_tag-cachemire","21":"product_tag-cachemire-2","22":"product_tag-caoutchouc-2","23":"product_tag-commerce-de-gros","24":"product_tag-deutsland","25":"product_tag-distributeur","26":"product_tag-epoxy","27":"product_tag-faire","28":"product_tag-feuille-dautomne","29":"product_tag-feuille-de-chene","30":"product_tag-feuilles-2","31":"product_tag-france","32":"product_tag-la-texture","33":"product_tag-luxmebourg","34":"product_tag-maison","35":"product_tag-mat-2","36":"product_tag-metal","37":"product_tag-metal-2","38":"product_tag-motif","39":"product_tag-motifs","40":"product_tag-moule-2","41":"product_tag-moule-3","42":"product_tag-moules-2","43":"product_tag-nouveau","44":"product_tag-nouveau-2","45":"product_tag-pays-bas","46":"product_tag-printemps","47":"product_tag-resine-2","48":"product_tag-resine-uv","49":"product_tag-silicines","50":"product_tag-silicone","51":"product_tag-structure","52":"product_tag-tapis-2","53":"product_tag-tendance","54":"product_tag-travail-ouvert","55":"product_tag-verre-tcheque","56":"product_shipping_class-standard","58":"first","59":"instock","60":"taxable","61":"shipping-taxable","62":"purchasable","63":"product-type-simple"},"acf":[],"_links":{"self":[{"href":"https:\/\/esquell.eu\/fr\/wp-json\/wp\/v2\/product\/24654","targetHints":{"allow":["GET"]}}],"collection":[{"href":"https:\/\/esquell.eu\/fr\/wp-json\/wp\/v2\/product"}],"about":[{"href":"https:\/\/esquell.eu\/fr\/wp-json\/wp\/v2\/types\/product"}],"replies":[{"embeddable":true,"href":"https:\/\/esquell.eu\/fr\/wp-json\/wp\/v2\/comments?post=24654"}],"wp:featuredmedia":[{"embeddable":true,"href":"https:\/\/esquell.eu\/fr\/wp-json\/wp\/v2\/media\/8322"}],"wp:attachment":[{"href":"https:\/\/esquell.eu\/fr\/wp-json\/wp\/v2\/media?parent=24654"}],"wp:term":[{"taxonomy":"more","embeddable":true,"href":"https:\/\/esquell.eu\/fr\/wp-json\/wp\/v2\/more?post=24654"},{"taxonomy":"product_brand","embeddable":true,"href":"https:\/\/esquell.eu\/fr\/wp-json\/wp\/v2\/product_brand?post=24654"},{"taxonomy":"product_cat","embeddable":true,"href":"https:\/\/esquell.eu\/fr\/wp-json\/wp\/v2\/product_cat?post=24654"},{"taxonomy":"product_tag","embeddable":true,"href":"https:\/\/esquell.eu\/fr\/wp-json\/wp\/v2\/product_tag?post=24654"}],"curies":[{"name":"wp","href":"https:\/\/api.w.org\/{rel}","templated":true}]}}