{"id":24633,"date":"2025-04-03T09:24:49","date_gmt":"2025-04-03T09:24:49","guid":{"rendered":"https:\/\/esquell.eu\/product\/mini-moule-en-silicone-notes-de-musique\/"},"modified":"2025-04-03T09:24:49","modified_gmt":"2025-04-03T09:24:49","slug":"mini-moule-en-silicone-notes-de-musique","status":"publish","type":"product","link":"https:\/\/esquell.eu\/fr\/produit\/mini-moule-en-silicone-notes-de-musique\/","title":{"rendered":"Mini-moule en silicone notes de musique"},"content":{"rendered":"<p>Mini gabarits 3D en silicone pour la fabrication de petits ornements.<\/p>\n<p>Pour la fabrication et la d\u00e9coration de bijoux.<\/p>\n<p>Pour les tailles de notes de musique, voir les photos<\/p>\n<p>Convient pour la p\u00e2te d&rsquo;argent, la p\u00e2te de bronze, la p\u00e2te de cuivre, la r\u00e9sine, la r\u00e9sine UV, la fimo, la p\u00e2te polym\u00e8re, le fondant, etc.<\/p>\n","protected":false},"excerpt":{"rendered":"<p>Mini gabarits 3D en silicone pour r\u00e9aliser de petites notes de musique.<\/p>\n<p>Moules avec yeux pendants.  <\/p>\n<p>Dimensions du moule entier 3,6*2,8*0,5 cm<\/p>\n<p><\/p>\n<p>Pour les dimensions des notes de musique, voir la photo 2<\/p>\n<p><\/p>\n<p>Vous ne voulez pas de pendentifs sur votre note de musique en p\u00e2te \u00e0 modeler ?  <br \/>Il suffit ensuite de le couper \u00e0 l&rsquo;aide d&rsquo;un couteau de pr\u00e9cision<\/p>\n<p><\/p>\n<p>Le moule en silicone est r\u00e9sistant \u00e0 la chaleur, de sorte que l&rsquo;argile peut s\u00e9cher dans le moule sur une plaque de s\u00e9chage.  <\/p>\n","protected":false},"featured_media":3936,"comment_status":"closed","ping_status":"closed","template":"","meta":{"_acf_changed":false,"_seopress_robots_primary_cat":"none","_seopress_titles_title":"","_seopress_titles_desc":"","_seopress_robots_index":""},"more":[],"product_brand":[],"product_cat":[15643],"product_tag":[18291,8441,6645,6646,7024,6923,6974,6931,6388,6473,6404,6378,6390,7100,6565,6393,6372,6402,6958,8735,6941,6409,11207,18307,18308,11486,18303,15793,8424,8451,16135,18283,6655,6647,9797,18289,7689,6763,6374,16252,6810,6813,6815,6837,18301,18315,6653,6933,6651,6659,8241,6761,15052,7030,6559,6789,18313,18312,18305,7031,18035,6821,16283,9874,6661,6567,18285,18287,18368,6937,6643,6657,15645,6816,18297,18369,18295,18293,6391,6665,6644,7670,7094,6418,18309,7774,9894,9896,18310,6925,15056,14735,15649,6407,6663,6411,18299,18311,17904,6787,9892,6667,7032],"class_list":{"0":"post-24633","1":"product","2":"type-product","3":"status-publish","4":"has-post-thumbnail","6":"product_cat-moules","7":"product_tag-3-demensionnel","8":"product_tag-3d","9":"product_tag-a","10":"product_tag-acheter","11":"product_tag-almere","12":"product_tag-amsterdam","13":"product_tag-ancre","14":"product_tag-anvers","15":"product_tag-argile","16":"product_tag-argile-2","17":"product_tag-argile-argentee","18":"product_tag-argile-metallique","19":"product_tag-argile-metallique-2","20":"product_tag-artclaysilvershop","21":"product_tag-atelier","22":"product_tag-belgique","23":"product_tag-bijoux","24":"product_tag-bon-marche","25":"product_tag-boutique","26":"product_tag-boutique-2","27":"product_tag-brabant","28":"product_tag-bricolage","29":"product_tag-chat","30":"product_tag-chat-2","31":"product_tag-chats","32":"product_tag-cheval","33":"product_tag-chiffres-2","34":"product_tag-coeur","35":"product_tag-cooltools","36":"product_tag-coquilles","37":"product_tag-coquilles-2","38":"product_tag-decorations","39":"product_tag-drenthe","40":"product_tag-en-ligne","41":"product_tag-epoxy","42":"product_tag-etoile-de-mer","43":"product_tag-etsy","44":"product_tag-facebook","45":"product_tag-faire","46":"product_tag-fer-a-cheval","47":"product_tag-feuille","48":"product_tag-feuilles","49":"product_tag-fimo","50":"product_tag-fleur","51":"product_tag-fleur-3","52":"product_tag-fleur-de-liss","53":"product_tag-frise","54":"product_tag-gentilhomme","55":"product_tag-groningue","56":"product_tag-gueldre","57":"product_tag-hobby","58":"product_tag-instagram","59":"product_tag-lettres","60":"product_tag-liege","61":"product_tag-lignes-dartisanat","62":"product_tag-limbourg","63":"product_tag-marche","64":"product_tag-marche-de-largile-argentee","65":"product_tag-maritime","66":"product_tag-metal-2","67":"product_tag-metalclayworld","68":"product_tag-mini","69":"product_tag-modeles-4","70":"product_tag-moule-2","71":"product_tag-nord","72":"product_tag-offrir","73":"product_tag-oiseau","74":"product_tag-ornements","75":"product_tag-ornements-2","76":"product_tag-ostende","77":"product_tag-ou","78":"product_tag-overijssel","79":"product_tag-papillon","80":"product_tag-pate-polymere","81":"product_tag-patte","82":"product_tag-patte-2","83":"product_tag-patte-de-chien","84":"product_tag-pattes-de-chien-2","85":"product_tag-pays-bas","86":"product_tag-pays-bas-2","87":"product_tag-pieces","88":"product_tag-pinterest","89":"product_tag-pont","90":"product_tag-promethee","91":"product_tag-propose","92":"product_tag-resine","93":"product_tag-resine-2","94":"product_tag-resine-acrylique","95":"product_tag-resine-uv-2","96":"product_tag-rotterdam","97":"product_tag-secours","98":"product_tag-silicone","99":"product_tag-silicone-3","100":"product_tag-silverclay-co-uk","101":"product_tag-sud","102":"product_tag-tempete-de-sable","103":"product_tag-trefle","104":"product_tag-trois-demensionnels","105":"product_tag-uk","106":"product_tag-utrecht","107":"product_tag-uv","108":"product_tag-zelande","109":"product_tag-zwolle","110":"product_shipping_class-standard","112":"first","113":"instock","114":"taxable","115":"shipping-taxable","116":"purchasable","117":"product-type-simple"},"acf":[],"_links":{"self":[{"href":"https:\/\/esquell.eu\/fr\/wp-json\/wp\/v2\/product\/24633","targetHints":{"allow":["GET"]}}],"collection":[{"href":"https:\/\/esquell.eu\/fr\/wp-json\/wp\/v2\/product"}],"about":[{"href":"https:\/\/esquell.eu\/fr\/wp-json\/wp\/v2\/types\/product"}],"replies":[{"embeddable":true,"href":"https:\/\/esquell.eu\/fr\/wp-json\/wp\/v2\/comments?post=24633"}],"wp:featuredmedia":[{"embeddable":true,"href":"https:\/\/esquell.eu\/fr\/wp-json\/wp\/v2\/media\/3936"}],"wp:attachment":[{"href":"https:\/\/esquell.eu\/fr\/wp-json\/wp\/v2\/media?parent=24633"}],"wp:term":[{"taxonomy":"more","embeddable":true,"href":"https:\/\/esquell.eu\/fr\/wp-json\/wp\/v2\/more?post=24633"},{"taxonomy":"product_brand","embeddable":true,"href":"https:\/\/esquell.eu\/fr\/wp-json\/wp\/v2\/product_brand?post=24633"},{"taxonomy":"product_cat","embeddable":true,"href":"https:\/\/esquell.eu\/fr\/wp-json\/wp\/v2\/product_cat?post=24633"},{"taxonomy":"product_tag","embeddable":true,"href":"https:\/\/esquell.eu\/fr\/wp-json\/wp\/v2\/product_tag?post=24633"}],"curies":[{"name":"wp","href":"https:\/\/api.w.org\/{rel}","templated":true}]}}