{"id":24601,"date":"2025-04-03T09:24:36","date_gmt":"2025-04-03T09:24:36","guid":{"rendered":"https:\/\/esquell.eu\/product\/moule-en-silicone-pour-fleurs\/"},"modified":"2025-04-03T09:24:36","modified_gmt":"2025-04-03T09:24:36","slug":"moule-en-silicone-pour-fleurs","status":"publish","type":"product","link":"https:\/\/esquell.eu\/fr\/produit\/moule-en-silicone-pour-fleurs\/","title":{"rendered":"Moule en silicone pour fleurs"},"content":{"rendered":"<p>Moules 3D en silicone pour la fabrication de bijoux Pour la fabrication et la d\u00e9coration de bijoux.<\/p>\n<p>Convient pour la p\u00e2te d&rsquo;argent, la p\u00e2te de bronze, la p\u00e2te de cuivre, la r\u00e9sine, la r\u00e9sine UV, la fimo, la p\u00e2te polym\u00e8re, le fondant, etc<\/p>\n<p>Taille du moule complet environ 6,8*6,8 cm<\/p>\n","protected":false},"excerpt":{"rendered":"<p>Moules 3D en silicone pour la fabrication de bijoux Pour la fabrication et la d\u00e9coration de bijoux.<\/p>\n<p>Convient pour la p\u00e2te d&rsquo;argent, la p\u00e2te de bronze, la p\u00e2te de cuivre, la r\u00e9sine, la r\u00e9sine UV, la fimo, la p\u00e2te polym\u00e8re, le fondant, etc<\/p>\n<p>Taille du moule complet environ 6,8*6,8 cm<\/p>\n","protected":false},"featured_media":8338,"comment_status":"closed","ping_status":"closed","template":"","meta":{"_acf_changed":false,"_seopress_robots_primary_cat":"none","_seopress_titles_title":"","_seopress_titles_desc":"","_seopress_robots_index":""},"more":[],"product_brand":[6398],"product_cat":[15643],"product_tag":[15038,8441,6645,6646,18647,6974,6931,7590,8070,7668,6388,6473,6404,6378,6390,18661,18659,7100,18657,6565,6393,6372,6642,6402,18635,6958,8735,6941,6409,9132,11207,18307,11486,11206,18303,15793,15806,15794,8424,8451,18468,18649,6655,6647,9797,18651,7689,6763,6374,16252,6813,6837,6833,7705,6785,9369,6653,18578,6933,6712,6651,6659,6761,9016,6369,15052,18663,18652,18641,18313,18305,7304,16253,15646,16283,9874,18643,6661,18653,6567,6643,6657,15645,18297,6391,6665,7670,7094,6829,6751,18655,7774,9894,14831,15795,15789,18637,18645,14735,6407,18639,6663,18650,19058,9892,6408],"class_list":{"0":"post-24601","1":"product","2":"type-product","3":"status-publish","4":"has-post-thumbnail","6":"product_brand-l1","7":"product_cat-moules","8":"product_tag-voici","9":"product_tag-3d","10":"product_tag-a","11":"product_tag-acheter","12":"product_tag-amour","13":"product_tag-ancre","14":"product_tag-anvers","15":"product_tag-argent-malleable-2","16":"product_tag-argente","17":"product_tag-argenterie-2","18":"product_tag-argile","19":"product_tag-argile-2","20":"product_tag-argile-argentee","21":"product_tag-argile-metallique","22":"product_tag-argile-metallique-2","23":"product_tag-artclaysilverkopen","24":"product_tag-artclaysilveronline","25":"product_tag-artclaysilvershop","26":"product_tag-artclaysilverwinkel","27":"product_tag-atelier","28":"product_tag-belgique","29":"product_tag-bijoux","30":"product_tag-bijoux-2","31":"product_tag-bon-marche","32":"product_tag-bords-ornementaux","33":"product_tag-boutique","34":"product_tag-boutique-2","35":"product_tag-brabant","36":"product_tag-bricolage","37":"product_tag-carrement","38":"product_tag-chat","39":"product_tag-chat-2","40":"product_tag-cheval","41":"product_tag-chien","42":"product_tag-chiffres-2","43":"product_tag-coeur","44":"product_tag-coeur-2","45":"product_tag-coeurs","46":"product_tag-cooltools","47":"product_tag-coquilles","48":"product_tag-croiser","49":"product_tag-decoration-2","50":"product_tag-drenthe","51":"product_tag-en-ligne","52":"product_tag-epoxy","53":"product_tag-etoile","54":"product_tag-etsy","55":"product_tag-facebook","56":"product_tag-faire","57":"product_tag-fer-a-cheval","58":"product_tag-feuilles","59":"product_tag-fleur","60":"product_tag-fleurs","61":"product_tag-fleurs-2","62":"product_tag-flevoland","63":"product_tag-fondant","64":"product_tag-frise","65":"product_tag-gateau-2","66":"product_tag-gentilhomme","67":"product_tag-gratuit","68":"product_tag-groningue","69":"product_tag-gueldre","70":"product_tag-instagram","71":"product_tag-journees-de-largile","72":"product_tag-largent","73":"product_tag-lettres","74":"product_tag-liimbourg","75":"product_tag-lune","76":"product_tag-magasin-dargent","77":"product_tag-marche","78":"product_tag-maritime","79":"product_tag-metalclayuk","80":"product_tag-minimal","81":"product_tag-modele-2","82":"product_tag-modeles-4","83":"product_tag-moule-2","84":"product_tag-nevada","85":"product_tag-nord","86":"product_tag-offre-dargent","87":"product_tag-offrir","88":"product_tag-ou","89":"product_tag-overijssel","90":"product_tag-papillon","91":"product_tag-patte","92":"product_tag-pays-bas","93":"product_tag-pays-bas-2","94":"product_tag-pinterest","95":"product_tag-pont","96":"product_tag-poubelles","97":"product_tag-reduction","98":"product_tag-remise-en-argent","99":"product_tag-resine","100":"product_tag-resine-2","101":"product_tag-reve","102":"product_tag-rose-4","103":"product_tag-roses","104":"product_tag-s","105":"product_tag-se-marier","106":"product_tag-silicone","107":"product_tag-silverclay-co-uk","108":"product_tag-silverleionline","109":"product_tag-sud","110":"product_tag-tete-de-cheval","111":"product_tag-tete-de-cheval-2","112":"product_tag-uv","113":"product_tag-vous","114":"product_shipping_class-standard","116":"first","117":"instock","118":"taxable","119":"shipping-taxable","120":"purchasable","121":"product-type-simple"},"acf":[],"_links":{"self":[{"href":"https:\/\/esquell.eu\/fr\/wp-json\/wp\/v2\/product\/24601","targetHints":{"allow":["GET"]}}],"collection":[{"href":"https:\/\/esquell.eu\/fr\/wp-json\/wp\/v2\/product"}],"about":[{"href":"https:\/\/esquell.eu\/fr\/wp-json\/wp\/v2\/types\/product"}],"replies":[{"embeddable":true,"href":"https:\/\/esquell.eu\/fr\/wp-json\/wp\/v2\/comments?post=24601"}],"wp:featuredmedia":[{"embeddable":true,"href":"https:\/\/esquell.eu\/fr\/wp-json\/wp\/v2\/media\/8338"}],"wp:attachment":[{"href":"https:\/\/esquell.eu\/fr\/wp-json\/wp\/v2\/media?parent=24601"}],"wp:term":[{"taxonomy":"more","embeddable":true,"href":"https:\/\/esquell.eu\/fr\/wp-json\/wp\/v2\/more?post=24601"},{"taxonomy":"product_brand","embeddable":true,"href":"https:\/\/esquell.eu\/fr\/wp-json\/wp\/v2\/product_brand?post=24601"},{"taxonomy":"product_cat","embeddable":true,"href":"https:\/\/esquell.eu\/fr\/wp-json\/wp\/v2\/product_cat?post=24601"},{"taxonomy":"product_tag","embeddable":true,"href":"https:\/\/esquell.eu\/fr\/wp-json\/wp\/v2\/product_tag?post=24601"}],"curies":[{"name":"wp","href":"https:\/\/api.w.org\/{rel}","templated":true}]}}