{"id":24600,"date":"2025-04-03T09:24:36","date_gmt":"2025-04-03T09:24:36","guid":{"rendered":"https:\/\/esquell.eu\/product\/moule-en-silicone-ajoure-motif-cachemire-motif-cachemire\/"},"modified":"2025-04-03T09:24:36","modified_gmt":"2025-04-03T09:24:36","slug":"moule-en-silicone-ajoure-motif-cachemire-motif-cachemire","status":"publish","type":"product","link":"https:\/\/esquell.eu\/fr\/produit\/moule-en-silicone-ajoure-motif-cachemire-motif-cachemire\/","title":{"rendered":"Moule en silicone ajour\u00e9 motif cachemire \/ motif cachemire"},"content":{"rendered":"<p>Moule en silicone pour divers motifs paisley.<\/p>\n<p>Motif ajour\u00e9<\/p>\n<p>Taille : 10,5*8,5*0,4 cm<\/p>\n<p>Convient \u00e9galement \u00e0 l&rsquo;utilisation d&rsquo;un d\u00e9tail du motif pour la r\u00e9alisation d&rsquo;un bijou ajour\u00e9.<\/p>\n","protected":false},"excerpt":{"rendered":"<p>Moule en silicone pour divers motifs paisley.<\/p>\n<p>Motif ajour\u00e9<\/p>\n<p>Taille : 10,5*8,5*0,4 cm<\/p>\n<p>Convient \u00e9galement \u00e0 l&rsquo;utilisation d&rsquo;un d\u00e9tail du motif pour la r\u00e9alisation d&rsquo;un bijou ajour\u00e9.<\/p>\n<p>&nbsp;<\/p>\n","protected":false},"featured_media":8333,"comment_status":"closed","ping_status":"closed","template":"","meta":{"_acf_changed":false,"_seopress_robots_primary_cat":"none","_seopress_titles_title":"","_seopress_titles_desc":"","_seopress_robots_index":""},"more":[],"product_brand":[6398],"product_cat":[15643],"product_tag":[18640,6397,6388,6473,6404,7028,6393,6372,6658,6402,6389,6409,18636,11335,6706,6395,6743,9797,6374,6401,8745,8085,6640,13231,6759,7031,18638,18642,9874,10552,15097,6410,6648,6391,18646,9894,6443,18648,14735,8990,15995,18644,7596,18634],"class_list":{"0":"post-24600","1":"product","2":"type-product","3":"status-publish","4":"has-post-thumbnail","6":"product_brand-l1","7":"product_cat-moules","8":"product_tag-ajour","9":"product_tag-allemagne","10":"product_tag-argile","11":"product_tag-argile-2","12":"product_tag-argile-argentee","13":"product_tag-argile-cuivreuse","14":"product_tag-belgique","15":"product_tag-bijoux","16":"product_tag-bijoux-en-argile","17":"product_tag-bon-marche","18":"product_tag-boutique-en-ligne","19":"product_tag-bricolage","20":"product_tag-cachemire","21":"product_tag-caoutchouc-2","22":"product_tag-commerce-de-gros","23":"product_tag-deutsland","24":"product_tag-distributeur","25":"product_tag-epoxy","26":"product_tag-faire","27":"product_tag-france","28":"product_tag-la-texture","29":"product_tag-luxmebourg","30":"product_tag-maison","31":"product_tag-mat-2","32":"product_tag-metal","33":"product_tag-metal-2","34":"product_tag-motif","35":"product_tag-motifs","36":"product_tag-moule-2","37":"product_tag-moule-3","38":"product_tag-moules-2","39":"product_tag-nouveau","40":"product_tag-nouveau-2","41":"product_tag-pays-bas","42":"product_tag-printemps","43":"product_tag-resine-2","44":"product_tag-resine-uv","45":"product_tag-silicines","46":"product_tag-silicone","47":"product_tag-structure","48":"product_tag-tapis-2","49":"product_tag-tendance","50":"product_tag-travail-ouvert","51":"product_tag-verre-tcheque","52":"product_shipping_class-standard","54":"first","55":"instock","56":"taxable","57":"shipping-taxable","58":"purchasable","59":"product-type-simple"},"acf":[],"_links":{"self":[{"href":"https:\/\/esquell.eu\/fr\/wp-json\/wp\/v2\/product\/24600","targetHints":{"allow":["GET"]}}],"collection":[{"href":"https:\/\/esquell.eu\/fr\/wp-json\/wp\/v2\/product"}],"about":[{"href":"https:\/\/esquell.eu\/fr\/wp-json\/wp\/v2\/types\/product"}],"replies":[{"embeddable":true,"href":"https:\/\/esquell.eu\/fr\/wp-json\/wp\/v2\/comments?post=24600"}],"wp:featuredmedia":[{"embeddable":true,"href":"https:\/\/esquell.eu\/fr\/wp-json\/wp\/v2\/media\/8333"}],"wp:attachment":[{"href":"https:\/\/esquell.eu\/fr\/wp-json\/wp\/v2\/media?parent=24600"}],"wp:term":[{"taxonomy":"more","embeddable":true,"href":"https:\/\/esquell.eu\/fr\/wp-json\/wp\/v2\/more?post=24600"},{"taxonomy":"product_brand","embeddable":true,"href":"https:\/\/esquell.eu\/fr\/wp-json\/wp\/v2\/product_brand?post=24600"},{"taxonomy":"product_cat","embeddable":true,"href":"https:\/\/esquell.eu\/fr\/wp-json\/wp\/v2\/product_cat?post=24600"},{"taxonomy":"product_tag","embeddable":true,"href":"https:\/\/esquell.eu\/fr\/wp-json\/wp\/v2\/product_tag?post=24600"}],"curies":[{"name":"wp","href":"https:\/\/api.w.org\/{rel}","templated":true}]}}