{"id":24582,"date":"2025-04-03T09:24:36","date_gmt":"2025-04-03T09:24:36","guid":{"rendered":"https:\/\/esquell.eu\/product\/moule-en-silicone-navires-et-bateaux\/"},"modified":"2025-04-03T09:24:36","modified_gmt":"2025-04-03T09:24:36","slug":"moule-en-silicone-navires-et-bateaux","status":"publish","type":"product","link":"https:\/\/esquell.eu\/fr\/produit\/moule-en-silicone-navires-et-bateaux\/","title":{"rendered":"Moule en silicone Navires et bateaux"},"content":{"rendered":"<div class=\"product-addition-content\">\n<p>Moule en silicone avec bateaux<\/p>\n<p>Taille du moule entier : environ 9 * 4,5 cm<\/p>\n<p>A utiliser avec la p\u00e2te \u00e0 modeler, la p\u00e2te d&rsquo;argent, la p\u00e2te de bronze, la p\u00e2te de cuivre, la p\u00e2te fimo, la p\u00e2te polym\u00e8re, le cernit, etc.<\/p>\n<p>Vaporisez toujours la formule antiadh\u00e9sive coolslip avant de l&rsquo;utiliser. Cela emp\u00eache l&rsquo;argile de coller aux moules. <\/p>\n<\/div>\n","protected":false},"excerpt":{"rendered":"<p>Moule en silicone avec fleur<\/p>\n<p>Dimensions du moule entier environ 9 * 4,5 cm<\/p>\n<p>Peut \u00eatre utilis\u00e9 avec de la p\u00e2te \u00e0 modeler m\u00e9tallique, de la p\u00e2te \u00e0 modeler argent\u00e9e, de la p\u00e2te \u00e0 modeler bronze, de la p\u00e2te \u00e0 modeler cuivre, de la p\u00e2te \u00e0 modeler fimo, de la p\u00e2te \u00e0 modeler polym\u00e8re, du cernit, etc.<\/p>\n<p>Vaporisez toujours la <a href=\"http:\/\/www.esquell.nl\/epages\/83636376.sf\/nl_NL\/?ObjectPath=\/Shops\/83636376\/Products\/AM0007\">formule antiadh\u00e9sive coolslip<\/a> avant l&rsquo;utilisation. Cela emp\u00eache l&rsquo;argile de coller aux moules.<\/p>\n","protected":false},"featured_media":8341,"comment_status":"closed","ping_status":"closed","template":"","meta":{"_acf_changed":false,"_seopress_robots_primary_cat":"none","_seopress_titles_title":"","_seopress_titles_desc":"","_seopress_robots_index":""},"more":[],"product_brand":[6521],"product_cat":[15643],"product_tag":[8708,6645,8284,6646,7045,9799,6931,7339,6388,6473,6404,6420,6390,10133,6405,7100,6949,18579,19684,18587,6393,6372,6958,8735,6389,6796,6941,6409,6412,6935,7770,6819,6650,6655,7038,6647,7043,13776,6374,6815,6785,6635,6653,6933,7417,6651,6659,7648,6634,6472,8996,6930,6789,7042,18365,18364,7031,16283,9874,15097,18583,18585,14829,7657,6661,6937,6643,6636,6726,6657,6816,6391,6665,7670,7029,7094,10131,14831,14735,6407,18589,6663,6787,18581,6667,7032],"class_list":{"0":"post-24582","1":"product","2":"type-product","3":"status-publish","4":"has-post-thumbnail","6":"product_brand-promethee","7":"product_cat-moules","8":"product_tag-co-uk","9":"product_tag-a","10":"product_tag-achats-3","11":"product_tag-acheter","12":"product_tag-almelo","13":"product_tag-antiadhesif","14":"product_tag-anvers","15":"product_tag-argent-malleable","16":"product_tag-argile","17":"product_tag-argile-2","18":"product_tag-argile-argentee","19":"product_tag-argile-bronze","20":"product_tag-argile-metallique-2","21":"product_tag-argile-metallique-precieuse","22":"product_tag-artclay","23":"product_tag-artclaysilvershop","24":"product_tag-assen","25":"product_tag-bateau","26":"product_tag-bateau-2","27":"product_tag-bateaux","28":"product_tag-belgique","29":"product_tag-bijoux","30":"product_tag-boutique","31":"product_tag-boutique-2","32":"product_tag-boutique-en-ligne","33":"product_tag-boutique-en-ligne-2","34":"product_tag-brabant","35":"product_tag-bricolage","36":"product_tag-bronze","37":"product_tag-bruxelles","38":"product_tag-camps","39":"product_tag-cernit","40":"product_tag-cuivre","41":"product_tag-drenthe","42":"product_tag-eindhoven","43":"product_tag-en-ligne","44":"product_tag-enschede","45":"product_tag-exemples","46":"product_tag-faire","47":"product_tag-fimo","48":"product_tag-flevoland","49":"product_tag-fournitures","50":"product_tag-frise","51":"product_tag-gentilhomme","52":"product_tag-glissiere-de-securite","53":"product_tag-groningue","54":"product_tag-gueldre","55":"product_tag-idees","56":"product_tag-largent-3","57":"product_tag-lart","58":"product_tag-linspiration","59":"product_tag-leeuwarden","60":"product_tag-limbourg","61":"product_tag-maastricht","62":"product_tag-maritime-2","63":"product_tag-mer","64":"product_tag-metal-2","65":"product_tag-modeles-4","66":"product_tag-moule-2","67":"product_tag-moules-2","68":"product_tag-navire","69":"product_tag-navires","70":"product_tag-nevisas","71":"product_tag-nop","72":"product_tag-nord","73":"product_tag-ostende","74":"product_tag-ou","75":"product_tag-outils","76":"product_tag-outils-2","77":"product_tag-overijssel","78":"product_tag-pate-polymere","79":"product_tag-pays-bas","80":"product_tag-pays-bas-2","81":"product_tag-pinterest","82":"product_tag-pmc","83":"product_tag-pont","84":"product_tag-precieux","85":"product_tag-reve","86":"product_tag-silicone","87":"product_tag-silverclay-co-uk","88":"product_tag-structures-3","89":"product_tag-sud","90":"product_tag-utrecht","91":"product_tag-voilier","92":"product_tag-zelande","93":"product_tag-zwolle","94":"product_shipping_class-standard","96":"first","97":"instock","98":"taxable","99":"shipping-taxable","100":"purchasable","101":"product-type-simple"},"acf":[],"_links":{"self":[{"href":"https:\/\/esquell.eu\/fr\/wp-json\/wp\/v2\/product\/24582","targetHints":{"allow":["GET"]}}],"collection":[{"href":"https:\/\/esquell.eu\/fr\/wp-json\/wp\/v2\/product"}],"about":[{"href":"https:\/\/esquell.eu\/fr\/wp-json\/wp\/v2\/types\/product"}],"replies":[{"embeddable":true,"href":"https:\/\/esquell.eu\/fr\/wp-json\/wp\/v2\/comments?post=24582"}],"wp:featuredmedia":[{"embeddable":true,"href":"https:\/\/esquell.eu\/fr\/wp-json\/wp\/v2\/media\/8341"}],"wp:attachment":[{"href":"https:\/\/esquell.eu\/fr\/wp-json\/wp\/v2\/media?parent=24582"}],"wp:term":[{"taxonomy":"more","embeddable":true,"href":"https:\/\/esquell.eu\/fr\/wp-json\/wp\/v2\/more?post=24582"},{"taxonomy":"product_brand","embeddable":true,"href":"https:\/\/esquell.eu\/fr\/wp-json\/wp\/v2\/product_brand?post=24582"},{"taxonomy":"product_cat","embeddable":true,"href":"https:\/\/esquell.eu\/fr\/wp-json\/wp\/v2\/product_cat?post=24582"},{"taxonomy":"product_tag","embeddable":true,"href":"https:\/\/esquell.eu\/fr\/wp-json\/wp\/v2\/product_tag?post=24582"}],"curies":[{"name":"wp","href":"https:\/\/api.w.org\/{rel}","templated":true}]}}