{"id":24580,"date":"2025-04-03T09:24:36","date_gmt":"2025-04-03T09:24:36","guid":{"rendered":"https:\/\/esquell.eu\/product\/moule-en-silicone-avec-ailes-de-chauve-souris-mini-moule\/"},"modified":"2025-04-03T09:24:36","modified_gmt":"2025-04-03T09:24:36","slug":"moule-en-silicone-avec-ailes-de-chauve-souris-mini-moule","status":"publish","type":"product","link":"https:\/\/esquell.eu\/fr\/produit\/moule-en-silicone-avec-ailes-de-chauve-souris-mini-moule\/","title":{"rendered":"Moule en silicone avec ailes de chauve-souris. Mini moule"},"content":{"rendered":"<p>Taille du moule entier environ 6&#215;6 cm. Moule peu profond. <\/p>\n<p>Diff\u00e9rentes tailles d&rsquo;ailes, la plus petite d&rsquo;environ 2 cm et la plus grande d&rsquo;environ 3 cm.<\/p>\n<p>Moule en silicone pour ailes de chauve-souris.<br \/>\nConvient \u00e0 diverses argiles, \u00e0 la r\u00e9sine UV, \u00e0 la r\u00e9sine, \u00e0 l&rsquo;arguile d&rsquo;argent, \u00e0 l&rsquo;argile cuivr\u00e9e, \u00e0 l&rsquo;argile bronz\u00e9e,<\/p>\n","protected":false},"excerpt":{"rendered":"<p>Dimensions du moule entier environ 6&#215;6 cm (voir image)<\/p>\n<p>Diff\u00e9rentes tailles d&rsquo;ailes, la plus petite d&rsquo;environ 2 cm et la plus grande d&rsquo;environ 3 cm.<\/p>\n<p>Moule en silicone pour ailes de chauve-souris. Convient \u00e0 diff\u00e9rents types d&rsquo;argile, de r\u00e9sine UV, de r\u00e9sine, d&rsquo;arguile d&rsquo;argent, d&rsquo;argile cuivr\u00e9e, d&rsquo;argile bronz\u00e9e, <\/p>\n","protected":false},"featured_media":3942,"comment_status":"closed","ping_status":"closed","template":"","meta":{"_acf_changed":false,"_seopress_robots_primary_cat":"none","_seopress_titles_title":"","_seopress_titles_desc":"","_seopress_robots_index":""},"more":[],"product_brand":[],"product_cat":[15643],"product_tag":[6645,6646,6945,7045,7024,7036,6923,6388,6741,6404,6406,6420,7028,6378,6949,8817,6393,12949,6372,6658,18576,6389,6796,7582,6409,6794,18229,15028,6962,18582,7047,11150,8503,8509,7043,9797,7766,6374,6798,18443,8834,18578,18442,11152,18476,6651,9069,9304,11167,6951,18588,7120,6801,7121,6930,7026,8501,11157,18577,7042,11024,7040,6821,18580,16283,9874,10552,18407,15097,11917,18586,11155,6643,11151,6636,15645,18584,6816,6391,7933,6927,6829,12948,11915,7774,9894,11156,6925,6943,14735,6805,6787,9892,8495,6803,11916,9080,11168,7032],"class_list":{"0":"post-24580","1":"product","2":"type-product","3":"status-publish","4":"has-post-thumbnail","6":"product_cat-moules","7":"product_tag-a","8":"product_tag-acheter","9":"product_tag-alkmaar","10":"product_tag-almelo","11":"product_tag-almere","12":"product_tag-amersfoort","13":"product_tag-amsterdam","14":"product_tag-argile","15":"product_tag-argile-3","16":"product_tag-argile-argentee","17":"product_tag-argile-aurifere","18":"product_tag-argile-bronze","19":"product_tag-argile-cuivreuse","20":"product_tag-argile-metallique","21":"product_tag-assen","22":"product_tag-barneveld","23":"product_tag-belgique","24":"product_tag-beverwijk","25":"product_tag-bijoux","26":"product_tag-bijoux-en-argile","27":"product_tag-bijoux-en-epoxy","28":"product_tag-boutique-en-ligne","29":"product_tag-boutique-en-ligne-2","30":"product_tag-breda","31":"product_tag-bricolage","32":"product_tag-chaine","33":"product_tag-chauve-souris","34":"product_tag-chiffres","35":"product_tag-collier","36":"product_tag-cuisson-des-gateaux","37":"product_tag-delft","38":"product_tag-dombourg","39":"product_tag-dronten","40":"product_tag-emmeloord","41":"product_tag-enschede","42":"product_tag-epoxy","43":"product_tag-etreilen","44":"product_tag-faire","45":"product_tag-faire-2","46":"product_tag-fantaisie-2","47":"product_tag-flexible-2","48":"product_tag-gateau-2","49":"product_tag-gosplay","50":"product_tag-gouda","51":"product_tag-gronignen","52":"product_tag-groningue","53":"product_tag-haarlem","54":"product_tag-hardenberg","55":"product_tag-harlingen","56":"product_tag-heerenveen","57":"product_tag-heerhugowaard","58":"product_tag-hoogeveen","59":"product_tag-il","60":"product_tag-la-haye","61":"product_tag-leeuwarden","62":"product_tag-lelystad","63":"product_tag-lemmer","64":"product_tag-les-chiffres","65":"product_tag-libellule-2","66":"product_tag-maastricht","67":"product_tag-materiaux","68":"product_tag-middelburg","69":"product_tag-mini","70":"product_tag-mini-moule","71":"product_tag-modeles-4","72":"product_tag-moule-2","73":"product_tag-moule-3","74":"product_tag-moule-en-silicone","75":"product_tag-moules-2","76":"product_tag-nieuwegein","77":"product_tag-noordwijk","78":"product_tag-ommen","79":"product_tag-ou","80":"product_tag-ouddorp","81":"product_tag-outils","82":"product_tag-papillon","83":"product_tag-papillon-3","84":"product_tag-pate-polymere","85":"product_tag-pays-bas","86":"product_tag-petit-2","87":"product_tag-plomb","88":"product_tag-poubelles","89":"product_tag-purmerend","90":"product_tag-renesse","91":"product_tag-resine","92":"product_tag-resine-2","93":"product_tag-roosendaal","94":"product_tag-rotterdam","95":"product_tag-scheveningen","96":"product_tag-silicone","97":"product_tag-soi","98":"product_tag-utrecht","99":"product_tag-uv","100":"product_tag-venlo","101":"product_tag-votre","102":"product_tag-woerden","103":"product_tag-zaandam","104":"product_tag-zierikzee","105":"product_tag-zwolle","106":"product_shipping_class-standard","108":"first","109":"instock","110":"taxable","111":"shipping-taxable","112":"purchasable","113":"product-type-simple"},"acf":[],"_links":{"self":[{"href":"https:\/\/esquell.eu\/fr\/wp-json\/wp\/v2\/product\/24580","targetHints":{"allow":["GET"]}}],"collection":[{"href":"https:\/\/esquell.eu\/fr\/wp-json\/wp\/v2\/product"}],"about":[{"href":"https:\/\/esquell.eu\/fr\/wp-json\/wp\/v2\/types\/product"}],"replies":[{"embeddable":true,"href":"https:\/\/esquell.eu\/fr\/wp-json\/wp\/v2\/comments?post=24580"}],"wp:featuredmedia":[{"embeddable":true,"href":"https:\/\/esquell.eu\/fr\/wp-json\/wp\/v2\/media\/3942"}],"wp:attachment":[{"href":"https:\/\/esquell.eu\/fr\/wp-json\/wp\/v2\/media?parent=24580"}],"wp:term":[{"taxonomy":"more","embeddable":true,"href":"https:\/\/esquell.eu\/fr\/wp-json\/wp\/v2\/more?post=24580"},{"taxonomy":"product_brand","embeddable":true,"href":"https:\/\/esquell.eu\/fr\/wp-json\/wp\/v2\/product_brand?post=24580"},{"taxonomy":"product_cat","embeddable":true,"href":"https:\/\/esquell.eu\/fr\/wp-json\/wp\/v2\/product_cat?post=24580"},{"taxonomy":"product_tag","embeddable":true,"href":"https:\/\/esquell.eu\/fr\/wp-json\/wp\/v2\/product_tag?post=24580"}],"curies":[{"name":"wp","href":"https:\/\/api.w.org\/{rel}","templated":true}]}}