{"id":24568,"date":"2025-04-03T09:24:36","date_gmt":"2025-04-03T09:24:36","guid":{"rendered":"https:\/\/esquell.eu\/product\/moule-en-silicone-branche-avec-bourgeon\/"},"modified":"2025-04-03T09:24:36","modified_gmt":"2025-04-03T09:24:36","slug":"moule-en-silicone-branche-avec-bourgeon","status":"publish","type":"product","link":"https:\/\/esquell.eu\/fr\/produit\/moule-en-silicone-branche-avec-bourgeon\/","title":{"rendered":"Moule en silicone branche avec bourgeon"},"content":{"rendered":"<p>Moule en silicone branche avec bourgeon<\/p>\n<p>Pour les tailles, voir les photos<\/p>\n<p>Convient pour l&rsquo;arguile d&rsquo;argent, l&rsquo;argile m\u00e9tallique, l&rsquo;argile, la r\u00e9sine UV, la r\u00e9sine, l&rsquo;acrylique, l&rsquo;\u00e9poxy, etc.<br \/>\nBijoux en argile, fabrication de bijoux en argile. Bijoux de bricolage. <\/p>\n<p>Avant de l&rsquo;utiliser avec de l&rsquo;arguile d&rsquo;argent, vaporisez d&rsquo;abord un produit antiadh\u00e9sif, par exemple de l&rsquo;huile d&rsquo;olive ou la formule antiadh\u00e9sive Coolslip pour l&rsquo;argile m\u00e9tallique.<\/p>\n","protected":false},"excerpt":{"rendered":"<p>Moule en silicone branche avec bourgeon<\/p>\n<p>Tailles voir photos  <\/p>\n<p>Convient \u00e0 l&rsquo;arguile d&rsquo;argent, \u00e0 l&rsquo;argile m\u00e9tallique, \u00e0 l&rsquo;argile, \u00e0 la r\u00e9sine UV, \u00e0 la r\u00e9sine, \u00e0 l&rsquo;acrylique, \u00e0 l&rsquo;\u00e9poxy, etc.<\/p>\n<p>Avant d&rsquo;utiliser la p\u00e2te d&rsquo;argent, vaporisez d&rsquo;abord un produit antiadh\u00e9sif. Par exemple, de l&rsquo;huile d&rsquo;olive ou du <strong><a href=\"https:\/\/www.esquell.nl\/p\/coolslip-antiplak-formule\">Coolslip<\/a><\/strong> <\/p>\n","protected":false},"featured_media":3940,"comment_status":"closed","ping_status":"closed","template":"","meta":{"_acf_changed":false,"_seopress_robots_primary_cat":"none","_seopress_titles_title":"","_seopress_titles_desc":"","_seopress_robots_index":""},"more":[],"product_brand":[],"product_cat":[15643],"product_tag":[6386,6473,6388,6741,6404,6420,6530,7141,7028,6405,6376,6393,6396,6642,6372,7548,6658,18553,6409,18549,17429,18229,18556,6743,6724,9797,6374,18443,15785,6401,7479,18442,6712,6381,6634,6472,18444,6656,6400,6640,9874,10552,6816,6391,7774,9894,14735],"class_list":{"0":"post-24568","1":"product","2":"type-product","3":"status-publish","4":"has-post-thumbnail","6":"product_cat-moules","7":"product_tag-aida","8":"product_tag-argile-2","9":"product_tag-argile","10":"product_tag-argile-3","11":"product_tag-argile-argentee","12":"product_tag-argile-bronze","13":"product_tag-argile-bronzee","14":"product_tag-argile-cuivree","15":"product_tag-argile-cuivreuse","16":"product_tag-artclay","17":"product_tag-artclaysilver","18":"product_tag-belgique","19":"product_tag-belgique-2","20":"product_tag-bijoux-2","21":"product_tag-bijoux","22":"product_tag-bijoux-en-argile-2","23":"product_tag-bijoux-en-argile","24":"product_tag-bouton-3","25":"product_tag-bricolage","26":"product_tag-brin","27":"product_tag-brins-2","28":"product_tag-chauve-souris","29":"product_tag-commerce-de-gros-2","30":"product_tag-distributeur","31":"product_tag-envoyer","32":"product_tag-epoxy","33":"product_tag-faire","34":"product_tag-fantaisie-2","35":"product_tag-fleur-2","36":"product_tag-france","37":"product_tag-france-2","38":"product_tag-gosplay","39":"product_tag-gratuit","40":"product_tag-japon","41":"product_tag-largent-3","42":"product_tag-lart","43":"product_tag-libellule","44":"product_tag-luxembourg-2","45":"product_tag-luxembourg","46":"product_tag-maison","47":"product_tag-moule-2","48":"product_tag-moule-3","49":"product_tag-pate-polymere","50":"product_tag-pays-bas","51":"product_tag-resine","52":"product_tag-resine-2","53":"product_tag-silicone","54":"product_shipping_class-standard","56":"first","57":"instock","58":"taxable","59":"shipping-taxable","60":"purchasable","61":"product-type-simple"},"acf":[],"_links":{"self":[{"href":"https:\/\/esquell.eu\/fr\/wp-json\/wp\/v2\/product\/24568","targetHints":{"allow":["GET"]}}],"collection":[{"href":"https:\/\/esquell.eu\/fr\/wp-json\/wp\/v2\/product"}],"about":[{"href":"https:\/\/esquell.eu\/fr\/wp-json\/wp\/v2\/types\/product"}],"replies":[{"embeddable":true,"href":"https:\/\/esquell.eu\/fr\/wp-json\/wp\/v2\/comments?post=24568"}],"wp:featuredmedia":[{"embeddable":true,"href":"https:\/\/esquell.eu\/fr\/wp-json\/wp\/v2\/media\/3940"}],"wp:attachment":[{"href":"https:\/\/esquell.eu\/fr\/wp-json\/wp\/v2\/media?parent=24568"}],"wp:term":[{"taxonomy":"more","embeddable":true,"href":"https:\/\/esquell.eu\/fr\/wp-json\/wp\/v2\/more?post=24568"},{"taxonomy":"product_brand","embeddable":true,"href":"https:\/\/esquell.eu\/fr\/wp-json\/wp\/v2\/product_brand?post=24568"},{"taxonomy":"product_cat","embeddable":true,"href":"https:\/\/esquell.eu\/fr\/wp-json\/wp\/v2\/product_cat?post=24568"},{"taxonomy":"product_tag","embeddable":true,"href":"https:\/\/esquell.eu\/fr\/wp-json\/wp\/v2\/product_tag?post=24568"}],"curies":[{"name":"wp","href":"https:\/\/api.w.org\/{rel}","templated":true}]}}