{"id":24527,"date":"2025-04-03T09:24:36","date_gmt":"2025-04-03T09:24:36","guid":{"rendered":"https:\/\/esquell.eu\/product\/mini-moule-en-silicone-ailes-et-coeur\/"},"modified":"2025-04-03T09:24:36","modified_gmt":"2025-04-03T09:24:36","slug":"mini-moule-en-silicone-ailes-et-coeur","status":"publish","type":"product","link":"https:\/\/esquell.eu\/fr\/produit\/mini-moule-en-silicone-ailes-et-coeur\/","title":{"rendered":"Mini-moule en silicone ailes et c\u0153ur"},"content":{"rendered":"<p>Mini gabarits 3D en silicone avec ailes pour r\u00e9aliser de petits ornements.<\/p>\n<p>Convient \u00e0 l&rsquo;arguile d&rsquo;argent, l&rsquo;argile bronze, l&rsquo;argile cuivre, la r\u00e9sine, la r\u00e9sine UV, la fimo, l&rsquo;argile polym\u00e8re, le fondant, etc.<\/p>\n","protected":false},"excerpt":{"rendered":"<p>Mini-moule Siliocone. Ailes.   <\/p>\n<p><\/p>\n<p>Mini gabarits 3D en silicone pour r\u00e9aliser de petits ornements.<\/p>\n<p>Convient pour l&rsquo;arguile d&rsquo;argent, l&rsquo;argile bronze, l&rsquo;argile cuivre, la r\u00e9sine, la r\u00e9sine UV, la fimo, la p\u00e2te polym\u00e8re, le fondant, etc.<\/p>\n","protected":false},"featured_media":3943,"comment_status":"closed","ping_status":"closed","template":"","meta":{"_acf_changed":false,"_seopress_robots_primary_cat":"none","_seopress_titles_title":"","_seopress_titles_desc":"","_seopress_robots_index":""},"more":[],"product_brand":[],"product_cat":[15643],"product_tag":[8441,6645,7675,6646,6939,6386,18517,18511,6397,7761,18516,6741,6404,6378,6390,6405,6376,10009,6396,6372,6642,7477,6658,6402,7844,6409,6412,6579,11289,18229,18514,15806,15794,6649,6706,6650,6395,6743,6647,9797,6374,7565,6401,7479,7679,6745,6381,6369,6559,6400,6821,16253,15646,18515,9874,15097,18513,6567,6643,6816,6391,7933,6751,7774,9894,14735,8366,9892],"class_list":{"0":"post-24527","1":"product","2":"type-product","3":"status-publish","4":"has-post-thumbnail","6":"product_cat-moules","7":"product_tag-3d","8":"product_tag-a","9":"product_tag-achats","10":"product_tag-acheter","11":"product_tag-acheter-2","12":"product_tag-aida","13":"product_tag-aile","14":"product_tag-ailes","15":"product_tag-allemagne","16":"product_tag-allemagne-2","17":"product_tag-anges","18":"product_tag-argile-3","19":"product_tag-argile-argentee","20":"product_tag-argile-metallique","21":"product_tag-argile-metallique-2","22":"product_tag-artclay","23":"product_tag-artclaysilver","24":"product_tag-beguinage","25":"product_tag-belgique-2","26":"product_tag-bijoux","27":"product_tag-bijoux-2","28":"product_tag-bijoux-4","29":"product_tag-bijoux-en-argile","30":"product_tag-bon-marche","31":"product_tag-bon-marche-2","32":"product_tag-bricolage","33":"product_tag-bronze","34":"product_tag-certifie","35":"product_tag-certifie-2","36":"product_tag-chauve-souris","37":"product_tag-clous","38":"product_tag-coeur-2","39":"product_tag-coeurs","40":"product_tag-commande","41":"product_tag-commerce-de-gros","42":"product_tag-cuivre","43":"product_tag-deutsland","44":"product_tag-distributeur","45":"product_tag-en-ligne","46":"product_tag-epoxy","47":"product_tag-faire","48":"product_tag-formation","49":"product_tag-france","50":"product_tag-france-2","51":"product_tag-google","52":"product_tag-instructeur","53":"product_tag-japon","54":"product_tag-largent","55":"product_tag-lignes-dartisanat","56":"product_tag-luxembourg","57":"product_tag-mini","58":"product_tag-minimal","59":"product_tag-modele-2","60":"product_tag-modele-dongle","61":"product_tag-moule-2","62":"product_tag-moules-2","63":"product_tag-nailart","64":"product_tag-offrir","65":"product_tag-ou","66":"product_tag-pate-polymere","67":"product_tag-pays-bas","68":"product_tag-petit-2","69":"product_tag-reduction","70":"product_tag-resine","71":"product_tag-resine-2","72":"product_tag-silicone","73":"product_tag-smuck","74":"product_tag-uv","75":"product_shipping_class-standard","77":"first","78":"instock","79":"taxable","80":"shipping-taxable","81":"purchasable","82":"product-type-simple"},"acf":[],"_links":{"self":[{"href":"https:\/\/esquell.eu\/fr\/wp-json\/wp\/v2\/product\/24527","targetHints":{"allow":["GET"]}}],"collection":[{"href":"https:\/\/esquell.eu\/fr\/wp-json\/wp\/v2\/product"}],"about":[{"href":"https:\/\/esquell.eu\/fr\/wp-json\/wp\/v2\/types\/product"}],"replies":[{"embeddable":true,"href":"https:\/\/esquell.eu\/fr\/wp-json\/wp\/v2\/comments?post=24527"}],"wp:featuredmedia":[{"embeddable":true,"href":"https:\/\/esquell.eu\/fr\/wp-json\/wp\/v2\/media\/3943"}],"wp:attachment":[{"href":"https:\/\/esquell.eu\/fr\/wp-json\/wp\/v2\/media?parent=24527"}],"wp:term":[{"taxonomy":"more","embeddable":true,"href":"https:\/\/esquell.eu\/fr\/wp-json\/wp\/v2\/more?post=24527"},{"taxonomy":"product_brand","embeddable":true,"href":"https:\/\/esquell.eu\/fr\/wp-json\/wp\/v2\/product_brand?post=24527"},{"taxonomy":"product_cat","embeddable":true,"href":"https:\/\/esquell.eu\/fr\/wp-json\/wp\/v2\/product_cat?post=24527"},{"taxonomy":"product_tag","embeddable":true,"href":"https:\/\/esquell.eu\/fr\/wp-json\/wp\/v2\/product_tag?post=24527"}],"curies":[{"name":"wp","href":"https:\/\/api.w.org\/{rel}","templated":true}]}}