{"id":24516,"date":"2025-04-03T09:24:36","date_gmt":"2025-04-03T09:24:36","guid":{"rendered":"https:\/\/esquell.eu\/product\/moule-en-silicone-pour-figurines-de-bebe\/"},"modified":"2025-04-03T09:24:36","modified_gmt":"2025-04-03T09:24:36","slug":"moule-en-silicone-pour-figurines-de-bebe","status":"publish","type":"product","link":"https:\/\/esquell.eu\/fr\/produit\/moule-en-silicone-pour-figurines-de-bebe\/","title":{"rendered":"Moule en silicone pour figurines de b\u00e9b\u00e9"},"content":{"rendered":"<p>Moule en silicone avec des figurines de b\u00e9b\u00e9 telles que :<\/p>\n<p>Pieds, berceau, \u00e9pingle, cigogne, cheval \u00e0 bascule, hochet, ours, etc.<\/p>\n","protected":false},"excerpt":{"rendered":"<p>Moule en silicone avec figurines de b\u00e9b\u00e9 telles que pieds, berceau, \u00e9pingle, cigogne, cheval \u00e0 bascule, hochet, ours, etc.<\/p>\n","protected":false},"featured_media":8355,"comment_status":"closed","ping_status":"closed","template":"","meta":{"_acf_changed":false,"_seopress_robots_primary_cat":"none","_seopress_titles_title":"","_seopress_titles_desc":"","_seopress_robots_index":""},"more":[],"product_brand":[6398],"product_cat":[15643],"product_tag":[6386,6741,6388,6404,6378,6390,6405,6376,6642,6372,6658,6402,6389,6409,11289,6706,18497,6743,6374,6761,6745,6381,6990,18493,6640,6759,6821,16283,18495,6410,6816,7670],"class_list":{"0":"post-24516","1":"product","2":"type-product","3":"status-publish","4":"has-post-thumbnail","6":"product_brand-l1","7":"product_cat-moules","8":"product_tag-aida","9":"product_tag-argile-3","10":"product_tag-argile","11":"product_tag-argile-argentee","12":"product_tag-argile-metallique","13":"product_tag-argile-metallique-2","14":"product_tag-artclay","15":"product_tag-artclaysilver","16":"product_tag-bijoux-2","17":"product_tag-bijoux","18":"product_tag-bijoux-en-argile","19":"product_tag-bon-marche","20":"product_tag-boutique-en-ligne","21":"product_tag-bricolage","22":"product_tag-certifie-2","23":"product_tag-commerce-de-gros","24":"product_tag-corring","25":"product_tag-distributeur","26":"product_tag-faire","27":"product_tag-instagram","28":"product_tag-instructeur","29":"product_tag-japon","30":"product_tag-magnifique","31":"product_tag-magnifique-2","32":"product_tag-maison","33":"product_tag-metal","34":"product_tag-mini","35":"product_tag-modeles-4","36":"product_tag-moule-en-silicone-2","37":"product_tag-nouveau","38":"product_tag-pate-polymere","39":"product_tag-pinterest","40":"product_shipping_class-standard","42":"first","43":"instock","44":"taxable","45":"shipping-taxable","46":"purchasable","47":"product-type-simple"},"acf":[],"_links":{"self":[{"href":"https:\/\/esquell.eu\/fr\/wp-json\/wp\/v2\/product\/24516","targetHints":{"allow":["GET"]}}],"collection":[{"href":"https:\/\/esquell.eu\/fr\/wp-json\/wp\/v2\/product"}],"about":[{"href":"https:\/\/esquell.eu\/fr\/wp-json\/wp\/v2\/types\/product"}],"replies":[{"embeddable":true,"href":"https:\/\/esquell.eu\/fr\/wp-json\/wp\/v2\/comments?post=24516"}],"wp:featuredmedia":[{"embeddable":true,"href":"https:\/\/esquell.eu\/fr\/wp-json\/wp\/v2\/media\/8355"}],"wp:attachment":[{"href":"https:\/\/esquell.eu\/fr\/wp-json\/wp\/v2\/media?parent=24516"}],"wp:term":[{"taxonomy":"more","embeddable":true,"href":"https:\/\/esquell.eu\/fr\/wp-json\/wp\/v2\/more?post=24516"},{"taxonomy":"product_brand","embeddable":true,"href":"https:\/\/esquell.eu\/fr\/wp-json\/wp\/v2\/product_brand?post=24516"},{"taxonomy":"product_cat","embeddable":true,"href":"https:\/\/esquell.eu\/fr\/wp-json\/wp\/v2\/product_cat?post=24516"},{"taxonomy":"product_tag","embeddable":true,"href":"https:\/\/esquell.eu\/fr\/wp-json\/wp\/v2\/product_tag?post=24516"}],"curies":[{"name":"wp","href":"https:\/\/api.w.org\/{rel}","templated":true}]}}