{"id":24504,"date":"2025-04-03T09:24:36","date_gmt":"2025-04-03T09:24:36","guid":{"rendered":"https:\/\/esquell.eu\/product\/tuyaux-en-silicone-pour-les-moules\/"},"modified":"2025-04-03T09:24:36","modified_gmt":"2025-04-03T09:24:36","slug":"tuyaux-en-silicone-pour-les-moules","status":"publish","type":"product","link":"https:\/\/esquell.eu\/fr\/produit\/tuyaux-en-silicone-pour-les-moules\/","title":{"rendered":"Tuyaux en silicone pour les moules."},"content":{"rendered":"<p>Moule en silicone avec 2 serpents entrelac\u00e9s.<br \/>\nLe diam\u00e8tre du cercle avec les serpents est de 3,2 cm<br \/>\nConvient \u00e0 la p\u00e2te d&rsquo;argent, \u00e0 la p\u00e2te m\u00e9tallique, \u00e0 l&rsquo;argile, \u00e0 la r\u00e9sine UV, \u00e0 la r\u00e9sine, \u00e0 l&rsquo;acrylique, \u00e0 l&rsquo;\u00e9poxy, etc.<br \/>\nBijoux en argile, bijoux en argile, cr\u00e9ez vos propres bijoux, bijoux. <\/p>\n","protected":false},"excerpt":{"rendered":"<p>Moule en silicone avec 2 serpents entrelac\u00e9s.  <\/p>\n<p>Le diam\u00e8tre du cercle avec les serpents est de 3,2 cm.<\/p>\n<p><\/p>\n<p>Convient \u00e0 l&rsquo;arguile d&rsquo;argent, \u00e0 l&rsquo;argile m\u00e9tallique, \u00e0 l&rsquo;argile, \u00e0 la r\u00e9sine UV, \u00e0 la r\u00e9sine, \u00e0 l&rsquo;acrylique, \u00e0 l&rsquo;\u00e9poxy, etc.<\/p>\n<p>Avant d&rsquo;utiliser la p\u00e2te d&rsquo;argent, vaporisez d&rsquo;abord un produit antiadh\u00e9sif. Par exemple, de l&rsquo;huile d&rsquo;olive ou du <strong><a href=\"https:\/\/www.esquell.nl\/p\/coolslip-antiplak-formule\">Coolslip<\/a><\/strong> <\/p>\n","protected":false},"featured_media":3945,"comment_status":"closed","ping_status":"closed","template":"","meta":{"_acf_changed":false,"_seopress_robots_primary_cat":"none","_seopress_titles_title":"","_seopress_titles_desc":"","_seopress_robots_index":""},"more":[],"product_brand":[],"product_cat":[15643],"product_tag":[6386,6741,6404,6420,7028,18447,6376,7027,13147,6393,6396,6372,6642,6658,6402,7844,6389,6796,6409,6819,18229,6706,18445,9380,6724,9797,16499,6374,18443,6815,6401,7479,9392,18442,9280,6712,6381,18444,6559,6400,6656,9874,10552,15097,6567,6816,6391,7029,6418,6751,7774,9894,18446,14735,18441],"class_list":{"0":"post-24504","1":"product","2":"type-product","3":"status-publish","4":"has-post-thumbnail","6":"product_cat-moules","7":"product_tag-aida","8":"product_tag-argile-3","9":"product_tag-argile-argentee","10":"product_tag-argile-bronze","11":"product_tag-argile-cuivreuse","12":"product_tag-artclayacademi","13":"product_tag-artclaysilver","14":"product_tag-avantageux-2","15":"product_tag-beaucoup","16":"product_tag-belgique","17":"product_tag-belgique-2","18":"product_tag-bijoux","19":"product_tag-bijoux-2","20":"product_tag-bijoux-en-argile","21":"product_tag-bon-marche","22":"product_tag-bon-marche-2","23":"product_tag-boutique-en-ligne","24":"product_tag-boutique-en-ligne-2","25":"product_tag-bricolage","26":"product_tag-cernit","27":"product_tag-chauve-souris","28":"product_tag-commerce-de-gros","29":"product_tag-cosplay","30":"product_tag-differents","31":"product_tag-envoyer","32":"product_tag-epoxy","33":"product_tag-etendu","34":"product_tag-faire","35":"product_tag-fantaisie-2","36":"product_tag-fimo","37":"product_tag-france","38":"product_tag-france-2","39":"product_tag-gamme","40":"product_tag-gosplay","41":"product_tag-grand","42":"product_tag-gratuit","43":"product_tag-japon","44":"product_tag-libellule","45":"product_tag-lignes-dartisanat","46":"product_tag-luxembourg","47":"product_tag-luxembourg-2","48":"product_tag-moule-2","49":"product_tag-moule-3","50":"product_tag-moules-2","51":"product_tag-offrir","52":"product_tag-pate-polymere","53":"product_tag-pays-bas","54":"product_tag-pmc","55":"product_tag-promethee","56":"product_tag-reduction","57":"product_tag-resine","58":"product_tag-resine-2","59":"product_tag-serpents","60":"product_tag-silicone","61":"product_tag-tuyau","62":"product_shipping_class-standard","64":"first","65":"instock","66":"taxable","67":"shipping-taxable","68":"purchasable","69":"product-type-simple"},"acf":[],"_links":{"self":[{"href":"https:\/\/esquell.eu\/fr\/wp-json\/wp\/v2\/product\/24504","targetHints":{"allow":["GET"]}}],"collection":[{"href":"https:\/\/esquell.eu\/fr\/wp-json\/wp\/v2\/product"}],"about":[{"href":"https:\/\/esquell.eu\/fr\/wp-json\/wp\/v2\/types\/product"}],"replies":[{"embeddable":true,"href":"https:\/\/esquell.eu\/fr\/wp-json\/wp\/v2\/comments?post=24504"}],"wp:featuredmedia":[{"embeddable":true,"href":"https:\/\/esquell.eu\/fr\/wp-json\/wp\/v2\/media\/3945"}],"wp:attachment":[{"href":"https:\/\/esquell.eu\/fr\/wp-json\/wp\/v2\/media?parent=24504"}],"wp:term":[{"taxonomy":"more","embeddable":true,"href":"https:\/\/esquell.eu\/fr\/wp-json\/wp\/v2\/more?post=24504"},{"taxonomy":"product_brand","embeddable":true,"href":"https:\/\/esquell.eu\/fr\/wp-json\/wp\/v2\/product_brand?post=24504"},{"taxonomy":"product_cat","embeddable":true,"href":"https:\/\/esquell.eu\/fr\/wp-json\/wp\/v2\/product_cat?post=24504"},{"taxonomy":"product_tag","embeddable":true,"href":"https:\/\/esquell.eu\/fr\/wp-json\/wp\/v2\/product_tag?post=24504"}],"curies":[{"name":"wp","href":"https:\/\/api.w.org\/{rel}","templated":true}]}}