{"id":24437,"date":"2025-04-03T09:24:26","date_gmt":"2025-04-03T09:24:26","guid":{"rendered":"https:\/\/esquell.eu\/product\/moule-en-silicone-decoratif-grande-feuille\/"},"modified":"2026-02-14T10:23:27","modified_gmt":"2026-02-14T10:23:27","slug":"moule-en-silicone-decoratif-grande-feuille","status":"publish","type":"product","link":"https:\/\/esquell.eu\/fr\/produit\/moule-en-silicone-decoratif-grande-feuille\/","title":{"rendered":"Moule en silicone d\u00e9coratif pour grandes feuilles."},"content":{"rendered":"<div class=\"product-addition-content\">\n<p>Moule en silicone avec diff\u00e9rents types et tailles de feuilles<\/p>\n<p>Taille du moule entier environ 12*16 cm La plus petite feuille est d&rsquo;environ 2 cm La plus grande feuille est d&rsquo;environ 6 cm<\/p>\n<p>Remarquez le grand moule, tr\u00e8s appropri\u00e9 pour l&rsquo;argile de cuivre et de bronze, la r\u00e9sine UV, l&rsquo;\u00e9poxy, etc.<\/p>\n<p>Id\u00e9al pour les pendentifs ou les broches, par exemple.<\/p>\n<p>A utiliser avec la p\u00e2te \u00e0 modeler, la p\u00e2te d&rsquo;argent, la p\u00e2te de bronze, la p\u00e2te de cuivre, la p\u00e2te fimo, la p\u00e2te polym\u00e8re, le cernit, etc.<\/p>\n<p>Vaporisez toujours la formule antiadh\u00e9sive coolslip avant d&rsquo;utiliser l&rsquo;argile m\u00e9tallique. Cela emp\u00eache l&rsquo;argile de coller aux moules. <\/p>\n<\/div>\n","protected":false},"excerpt":{"rendered":"<p>Moule en silicone avec grande feuille<\/p>\n<p>Longueur de la lame : 4,3 m<\/p>\n<p>&nbsp;<\/p>\n<p>&nbsp;<\/p>\n<p>Pour les clous d&rsquo;oreilles, les pendentifs, les breloques, les bagues, etc.<\/p>\n<p>A utiliser avec la p\u00e2te \u00e0 modeler, la p\u00e2te d&rsquo;argent, la p\u00e2te de bronze, la p\u00e2te de cuivre, la p\u00e2te fimo, la p\u00e2te polym\u00e8re, le cernit, etc.<\/p>\n<p>Vaporisez toujours la formule antiadh\u00e9sive coolslip avant de l&rsquo;utiliser. Cela emp\u00eache l&rsquo;argile de coller aux moules. <\/p>\n","protected":false},"featured_media":30598,"comment_status":"closed","ping_status":"closed","template":"","meta":{"_acf_changed":false,"_seopress_robots_primary_cat":"none","_seopress_titles_title":"","_seopress_titles_desc":"","_seopress_robots_index":""},"more":[],"product_brand":[6398],"product_cat":[15643,11931],"product_tag":[8708,6645,8284,6646,7045,9799,6931,18211,7339,6388,6473,6404,6420,6390,10133,6405,7100,6949,6393,6372,6958,8735,6389,6796,6941,6409,6412,6935,7770,6819,6650,6655,7038,6647,7043,13776,6374,18209,6815,6785,6849,6635,6653,6933,18205,18366,18207,7417,6651,6659,7648,7249,7283,6634,6472,8996,6930,6789,7042,7031,16283,9874,15097,14829,7657,6661,6937,6643,6636,6726,6657,15645,18212,6816,6391,6665,7670,7029,7094,10131,14831,14735,6407,7429,6663,6787,6667,7032],"class_list":{"0":"post-24437","1":"product","2":"type-product","3":"status-publish","4":"has-post-thumbnail","6":"product_brand-l1","7":"product_cat-moules","8":"product_cat-nouveau","9":"product_tag-co-uk","10":"product_tag-a","11":"product_tag-achats-3","12":"product_tag-acheter","13":"product_tag-almelo","14":"product_tag-antiadhesif","15":"product_tag-anvers","16":"product_tag-arbre-3","17":"product_tag-argent-malleable","18":"product_tag-argile","19":"product_tag-argile-2","20":"product_tag-argile-argentee","21":"product_tag-argile-bronze","22":"product_tag-argile-metallique-2","23":"product_tag-argile-metallique-precieuse","24":"product_tag-artclay","25":"product_tag-artclaysilvershop","26":"product_tag-assen","27":"product_tag-belgique","28":"product_tag-bijoux","29":"product_tag-boutique","30":"product_tag-boutique-2","31":"product_tag-boutique-en-ligne","32":"product_tag-boutique-en-ligne-2","33":"product_tag-brabant","34":"product_tag-bricolage","35":"product_tag-bronze","36":"product_tag-bruxelles","37":"product_tag-camps","38":"product_tag-cernit","39":"product_tag-cuivre","40":"product_tag-drenthe","41":"product_tag-eindhoven","42":"product_tag-en-ligne","43":"product_tag-enschede","44":"product_tag-exemples","45":"product_tag-faire","46":"product_tag-feuille-de-ginkgo","47":"product_tag-fimo","48":"product_tag-flevoland","49":"product_tag-formulaires","50":"product_tag-fournitures","51":"product_tag-frise","52":"product_tag-gentilhomme","53":"product_tag-ginkgo","54":"product_tag-ginkgo-2","55":"product_tag-ginko","56":"product_tag-glissiere-de-securite","57":"product_tag-groningue","58":"product_tag-gueldre","59":"product_tag-idees","60":"product_tag-japonais-2","61":"product_tag-japonais-3","62":"product_tag-largent-3","63":"product_tag-lart","64":"product_tag-linspiration","65":"product_tag-leeuwarden","66":"product_tag-limbourg","67":"product_tag-maastricht","68":"product_tag-metal-2","69":"product_tag-modeles-4","70":"product_tag-moule-2","71":"product_tag-moules-2","72":"product_tag-nevisas","73":"product_tag-nop","74":"product_tag-nord","75":"product_tag-ostende","76":"product_tag-ou","77":"product_tag-outils","78":"product_tag-outils-2","79":"product_tag-overijssel","80":"product_tag-papillon","81":"product_tag-papillons-de-feuilles","82":"product_tag-pate-polymere","83":"product_tag-pays-bas","84":"product_tag-pays-bas-2","85":"product_tag-pinterest","86":"product_tag-pmc","87":"product_tag-pont","88":"product_tag-precieux","89":"product_tag-reve","90":"product_tag-silicone","91":"product_tag-silverclay-co-uk","92":"product_tag-structures","93":"product_tag-sud","94":"product_tag-utrecht","95":"product_tag-zelande","96":"product_tag-zwolle","97":"product_shipping_class-standard","99":"first","100":"instock","101":"taxable","102":"shipping-taxable","103":"purchasable","104":"product-type-simple"},"acf":[],"_links":{"self":[{"href":"https:\/\/esquell.eu\/fr\/wp-json\/wp\/v2\/product\/24437","targetHints":{"allow":["GET"]}}],"collection":[{"href":"https:\/\/esquell.eu\/fr\/wp-json\/wp\/v2\/product"}],"about":[{"href":"https:\/\/esquell.eu\/fr\/wp-json\/wp\/v2\/types\/product"}],"replies":[{"embeddable":true,"href":"https:\/\/esquell.eu\/fr\/wp-json\/wp\/v2\/comments?post=24437"}],"wp:featuredmedia":[{"embeddable":true,"href":"https:\/\/esquell.eu\/fr\/wp-json\/wp\/v2\/media\/30598"}],"wp:attachment":[{"href":"https:\/\/esquell.eu\/fr\/wp-json\/wp\/v2\/media?parent=24437"}],"wp:term":[{"taxonomy":"more","embeddable":true,"href":"https:\/\/esquell.eu\/fr\/wp-json\/wp\/v2\/more?post=24437"},{"taxonomy":"product_brand","embeddable":true,"href":"https:\/\/esquell.eu\/fr\/wp-json\/wp\/v2\/product_brand?post=24437"},{"taxonomy":"product_cat","embeddable":true,"href":"https:\/\/esquell.eu\/fr\/wp-json\/wp\/v2\/product_cat?post=24437"},{"taxonomy":"product_tag","embeddable":true,"href":"https:\/\/esquell.eu\/fr\/wp-json\/wp\/v2\/product_tag?post=24437"}],"curies":[{"name":"wp","href":"https:\/\/api.w.org\/{rel}","templated":true}]}}