{"id":24397,"date":"2025-04-03T09:24:17","date_gmt":"2025-04-03T09:24:17","guid":{"rendered":"https:\/\/esquell.eu\/product\/moule-en-silicone-avec-differents-trefles-trefle-4\/"},"modified":"2025-04-03T09:24:17","modified_gmt":"2025-04-03T09:24:17","slug":"moule-en-silicone-avec-differents-trefles-trefle-4","status":"publish","type":"product","link":"https:\/\/esquell.eu\/fr\/produit\/moule-en-silicone-avec-differents-trefles-trefle-4\/","title":{"rendered":"Moule en silicone avec diff\u00e9rents tr\u00e8fles, tr\u00e8fle 4"},"content":{"rendered":"<p>Moule en silicone avec diff\u00e9rents types de tr\u00e8fles 4.<\/p>\n<p>Taille du moule entier : environ 5,8*7 cm<\/p>\n<p>En combinaison avec l&rsquo;argile m\u00e9tallique, nous recommandons <u><strong>la formule antiadh\u00e9sive Coolslip<br \/>\n<\/strong><\/u><\/p>\n<p>Ce moule en silicone est tr\u00e8s facile \u00e0 utiliser et \u00e0 nettoyer. Le mat\u00e9riau est flexible et souple, ce qui vous permet de retirer facilement les n\u0153uds sans les ab\u00eemer. Apr\u00e8s utilisation, vous pouvez facilement nettoyer le moule avec de l&rsquo;eau et du savon. Le moule reste ainsi en bon \u00e9tat pendant longtemps et vous pouvez le r\u00e9utiliser souvent.   <\/p>\n","protected":false},"excerpt":{"rendered":"<p>Moule en silicone avec diff\u00e9rents types de tr\u00e8fles 4.<\/p>\n<p>Taille du moule entier : environ 5,8*7 cm<\/p>\n<p>En combinaison avec l&rsquo;argile m\u00e9tallique, nous recommandons <u><strong>la formule antiadh\u00e9sive Coolslip<br \/>\n<\/strong><\/u><\/p>\n<p>&nbsp;<\/p>\n<p>Ce moule en silicone est tr\u00e8s facile \u00e0 utiliser et \u00e0 nettoyer. Le mat\u00e9riau est flexible et souple, ce qui vous permet de retirer facilement les n\u0153uds sans les ab\u00eemer. Apr\u00e8s utilisation, vous pouvez facilement nettoyer le moule avec de l&rsquo;eau et du savon. Le moule reste ainsi en bon \u00e9tat pendant longtemps et vous pouvez le r\u00e9utiliser souvent.   <\/p>\n<p>&nbsp;<\/p>\n<p>&nbsp;<\/p>\n","protected":false},"featured_media":8376,"comment_status":"closed","ping_status":"closed","template":"","meta":{"_acf_changed":false,"_seopress_robots_primary_cat":"none","_seopress_titles_title":"","_seopress_titles_desc":"","_seopress_robots_index":""},"more":[],"product_brand":[6398],"product_cat":[15643],"product_tag":[15038,6945,7045,9066,12947,7036,18282,6923,7096,6388,6741,6404,6420,7028,6947,6949,18302,6393,9666,18290,8026,9286,18304,18296,18300,7582,6409,7546,18288,6772,7778,7498,7047,8489,9652,8616,8803,9086,9088,7038,8492,7043,6763,6374,10110,18292,10141,18281,6815,9100,11152,9069,9082,6951,9108,9104,18280,7049,7120,6761,18294,6369,6550,7287,7121,6930,18284,7026,11157,7042,10143,7040,18298,6416,11917,7034,7051,8688,6816,6391,6774,6927,12948,9297,11156,6925,6943,9096,18299,18332,8815,8495,18286,6408,9092,9080,9073,8819,9084,7032],"class_list":{"0":"post-24397","1":"product","2":"type-product","3":"status-publish","4":"has-post-thumbnail","6":"product_brand-l1","7":"product_cat-moules","8":"product_tag-voici","9":"product_tag-alkmaar","10":"product_tag-almelo","11":"product_tag-almere-tilburg","12":"product_tag-alphen-aan-den-rijn","13":"product_tag-amersfoort","14":"product_tag-amstelveen","15":"product_tag-amsterdam","16":"product_tag-apeldoorn","17":"product_tag-argile","18":"product_tag-argile-3","19":"product_tag-argile-argentee","20":"product_tag-argile-bronze","21":"product_tag-argile-cuivreuse","22":"product_tag-arnhem","23":"product_tag-assen","24":"product_tag-auto-boutonnage","25":"product_tag-belgique","26":"product_tag-bergen-op-zoom","27":"product_tag-bouton-2","28":"product_tag-boutons","29":"product_tag-boutons-2","30":"product_tag-boutons-3","31":"product_tag-boutons-en-argile","32":"product_tag-boutons-en-bronze","33":"product_tag-breda","34":"product_tag-bricolage","35":"product_tag-bronze-3","36":"product_tag-capelle-aan-den-ijssel","37":"product_tag-charme","38":"product_tag-corne","39":"product_tag-cuivre-3","40":"product_tag-delft","41":"product_tag-den-bosch","42":"product_tag-den-helder","43":"product_tag-deventer","44":"product_tag-doetinchem","45":"product_tag-dordrecht","46":"product_tag-ede","47":"product_tag-eindhoven","48":"product_tag-emmen","49":"product_tag-enschede","50":"product_tag-facebook","51":"product_tag-faire","52":"product_tag-fait","53":"product_tag-fait-2","54":"product_tag-fait-a-la-main","55":"product_tag-fait-a-la-main-3","56":"product_tag-fimo","57":"product_tag-geleen","58":"product_tag-gouda","59":"product_tag-haarlem","60":"product_tag-haarlemmermeer","61":"product_tag-heerenveen","62":"product_tag-heerlen","63":"product_tag-helmond","64":"product_tag-hengelo","65":"product_tag-hilversum","66":"product_tag-hoogeveen","67":"product_tag-instagram","68":"product_tag-katwijk","69":"product_tag-largent","70":"product_tag-largent-2","71":"product_tag-lor-3","72":"product_tag-la-haye","73":"product_tag-leeuwarden","74":"product_tag-leidschendam","75":"product_tag-lelystad","76":"product_tag-les-chiffres","77":"product_tag-maastricht","78":"product_tag-main","79":"product_tag-middelburg","80":"product_tag-modele-de-bouton","81":"product_tag-modelisation","82":"product_tag-nieuwegein","83":"product_tag-nijmegen","84":"product_tag-oss","85":"product_tag-pate-fimo","86":"product_tag-pate-polymere","87":"product_tag-pays-bas","88":"product_tag-pendentif","89":"product_tag-plomb","90":"product_tag-purmerend","91":"product_tag-roermond","92":"product_tag-roosendaal","93":"product_tag-rotterdam","94":"product_tag-scheveningen","95":"product_tag-sittard","96":"product_tag-trefle","97":"product_tag-trefle-2","98":"product_tag-veenendaal","99":"product_tag-venlo","100":"product_tag-vlaardingen","101":"product_tag-vous","102":"product_tag-westland","103":"product_tag-zaandam","104":"product_tag-zaanstad","105":"product_tag-zeist","106":"product_tag-zoetermeer","107":"product_tag-zwolle","108":"product_shipping_class-standard","110":"first","111":"instock","112":"taxable","113":"shipping-taxable","114":"purchasable","115":"product-type-simple"},"acf":[],"_links":{"self":[{"href":"https:\/\/esquell.eu\/fr\/wp-json\/wp\/v2\/product\/24397","targetHints":{"allow":["GET"]}}],"collection":[{"href":"https:\/\/esquell.eu\/fr\/wp-json\/wp\/v2\/product"}],"about":[{"href":"https:\/\/esquell.eu\/fr\/wp-json\/wp\/v2\/types\/product"}],"replies":[{"embeddable":true,"href":"https:\/\/esquell.eu\/fr\/wp-json\/wp\/v2\/comments?post=24397"}],"wp:featuredmedia":[{"embeddable":true,"href":"https:\/\/esquell.eu\/fr\/wp-json\/wp\/v2\/media\/8376"}],"wp:attachment":[{"href":"https:\/\/esquell.eu\/fr\/wp-json\/wp\/v2\/media?parent=24397"}],"wp:term":[{"taxonomy":"more","embeddable":true,"href":"https:\/\/esquell.eu\/fr\/wp-json\/wp\/v2\/more?post=24397"},{"taxonomy":"product_brand","embeddable":true,"href":"https:\/\/esquell.eu\/fr\/wp-json\/wp\/v2\/product_brand?post=24397"},{"taxonomy":"product_cat","embeddable":true,"href":"https:\/\/esquell.eu\/fr\/wp-json\/wp\/v2\/product_cat?post=24397"},{"taxonomy":"product_tag","embeddable":true,"href":"https:\/\/esquell.eu\/fr\/wp-json\/wp\/v2\/product_tag?post=24397"}],"curies":[{"name":"wp","href":"https:\/\/api.w.org\/{rel}","templated":true}]}}