{"id":24368,"date":"2025-04-03T09:24:17","date_gmt":"2025-04-03T09:24:17","guid":{"rendered":"https:\/\/esquell.eu\/product\/mini-moule-en-silicone-abeilles-abeilles\/"},"modified":"2025-04-03T09:24:17","modified_gmt":"2025-04-03T09:24:17","slug":"mini-moule-en-silicone-abeilles-abeilles","status":"publish","type":"product","link":"https:\/\/esquell.eu\/fr\/produit\/mini-moule-en-silicone-abeilles-abeilles\/","title":{"rendered":"Mini-moule en silicone abeilles, abeilles"},"content":{"rendered":"<p>Moule en silicone abeilles, abeilles<\/p>\n<p>Diff\u00e9rentes tailles d&rsquo;abeilles<\/p>\n<p>Convient pour l&rsquo;argile, l&rsquo;argile m\u00e9tallique, l&rsquo;argile, la r\u00e9sine uv, la r\u00e9sine, l&rsquo;acrylique, l&rsquo;\u00e9poxy, etc.<\/p>\n<p>A utiliser avec l&rsquo;arguile d&rsquo;argent \/ l&rsquo;argile m\u00e9tal&#8230; <strong><u>Coolslip <\/u><\/strong>est recommand\u00e9 comme agent antiadh\u00e9sif<\/p>\n","protected":false},"excerpt":{"rendered":"<p>Moule en silicone abeilles, abeilles<\/p>\n<p>Diff\u00e9rentes tailles d&rsquo;abeilles<\/p>\n<p>Convient pour l&rsquo;argile, l&rsquo;argile m\u00e9tallique, l&rsquo;argile, la r\u00e9sine uv, la r\u00e9sine, l&rsquo;acrylique, l&rsquo;\u00e9poxy, etc.<\/p>\n<p>A utiliser avec l&rsquo;arguile d&rsquo;argent \/ l&rsquo;argile m\u00e9tal&#8230; <strong><u><a href=\"https:\/\/www.esquell.nl\/p\/coolslip-antiplak-formule\">Coolslip<\/a> <\/u><\/strong>est recommand\u00e9 comme agent antiadh\u00e9sif<\/p>\n<p>&nbsp;<\/p>\n","protected":false},"featured_media":8384,"comment_status":"closed","ping_status":"closed","template":"","meta":{"_acf_changed":false,"_seopress_robots_primary_cat":"none","_seopress_titles_title":"","_seopress_titles_desc":"","_seopress_robots_index":""},"more":[],"product_brand":[6398],"product_cat":[15643],"product_tag":[6645,18223,18225,6646,7929,6945,7024,6923,7098,6638,6931,7096,6388,6473,6420,6530,7141,7028,6378,6390,15655,6947,15653,6949,8422,6393,6372,18228,6402,8350,6641,18227,6941,6792,7360,8368,7582,6716,7116,6409,6412,6528,6935,7770,6819,6794,7762,9919,6962,8224,7871,6650,7104,7047,6655,8503,7038,8492,9797,7766,6374,6815,6785,6653,9392,6933,6651,6659,6951,8241,7648,6369,6634,7215,6930,7026,6789,11024,8497,7031,7040,15646,9874,10552,15647,6661,6567,6937,6643,6657,6816,6391,6665,6774,7092,18226,7029,7094,8736,6751,7774,9894,9896,15644,6443,6925,14735,15649,6407,6663,6787,9892,11627,6408,6667,15651,7032],"class_list":{"0":"post-24368","1":"product","2":"type-product","3":"status-publish","4":"has-post-thumbnail","6":"product_brand-l1","7":"product_cat-moules","8":"product_tag-a","9":"product_tag-a-10","10":"product_tag-abeilles","11":"product_tag-acheter","12":"product_tag-acrylique","13":"product_tag-alkmaar","14":"product_tag-almere","15":"product_tag-amsterdam","16":"product_tag-anneau","17":"product_tag-anneaux","18":"product_tag-anvers","19":"product_tag-apeldoorn","20":"product_tag-argile","21":"product_tag-argile-2","22":"product_tag-argile-bronze","23":"product_tag-argile-bronzee","24":"product_tag-argile-cuivree","25":"product_tag-argile-cuivreuse","26":"product_tag-argile-metallique","27":"product_tag-argile-metallique-2","28":"product_tag-argiles-3","29":"product_tag-arnhem","30":"product_tag-artclaysilver-co-uk-cooltools-2","31":"product_tag-assen","32":"product_tag-aussie","33":"product_tag-belgique","34":"product_tag-bijoux","35":"product_tag-bijoux-en-forme-dabeille","36":"product_tag-bon-marche","37":"product_tag-boucle-doreille","38":"product_tag-boucles-doreilles","39":"product_tag-boucles-doreilles-abeille","40":"product_tag-brabant","41":"product_tag-bracelet","42":"product_tag-bracelets","43":"product_tag-brachelet","44":"product_tag-breda","45":"product_tag-breloques","46":"product_tag-breloques-2","47":"product_tag-bricolage","48":"product_tag-bronze","49":"product_tag-bronze-2","50":"product_tag-bruxelles","51":"product_tag-camps","52":"product_tag-cernit","53":"product_tag-chaine","54":"product_tag-coevorden","55":"product_tag-colle","56":"product_tag-collier","57":"product_tag-conseils","58":"product_tag-creatif","59":"product_tag-cuivre","60":"product_tag-cuivre-2","61":"product_tag-delft","62":"product_tag-drenthe","63":"product_tag-dronten","64":"product_tag-eindhoven","65":"product_tag-emmen","66":"product_tag-epoxy","67":"product_tag-etreilen","68":"product_tag-faire","69":"product_tag-fimo","70":"product_tag-flevoland","71":"product_tag-frise","72":"product_tag-gamme","73":"product_tag-gentilhomme","74":"product_tag-groningue","75":"product_tag-gueldre","76":"product_tag-heerenveen","77":"product_tag-hobby","78":"product_tag-idees","79":"product_tag-largent","80":"product_tag-largent-3","81":"product_tag-lor-2","82":"product_tag-leeuwarden","83":"product_tag-lelystad","84":"product_tag-limbourg","85":"product_tag-materiaux","86":"product_tag-meppel","87":"product_tag-metal-2","88":"product_tag-middelburg","89":"product_tag-modele-2","90":"product_tag-moule-2","91":"product_tag-moule-3","92":"product_tag-moules-moule","93":"product_tag-nord","94":"product_tag-offrir","95":"product_tag-ostende","96":"product_tag-ou","97":"product_tag-overijssel","98":"product_tag-pate-polymere","99":"product_tag-pays-bas","100":"product_tag-pays-bas-2","101":"product_tag-pendentif","102":"product_tag-pendentif-2","103":"product_tag-pendentif-abeille","104":"product_tag-pmc","105":"product_tag-pont","106":"product_tag-presomptueux","107":"product_tag-reduction","108":"product_tag-resine","109":"product_tag-resine-2","110":"product_tag-resine-acrylique","111":"product_tag-resine-epoxy","112":"product_tag-resine-uv","113":"product_tag-rotterdam","114":"product_tag-silicone","115":"product_tag-silicone-3","116":"product_tag-silverclay-co-uk","117":"product_tag-sud","118":"product_tag-utrecht","119":"product_tag-uv","120":"product_tag-uvresin","121":"product_tag-vous","122":"product_tag-zelande","123":"product_tag-zivlver-malleable-2","124":"product_tag-zwolle","125":"product_shipping_class-standard","127":"first","128":"instock","129":"taxable","130":"shipping-taxable","131":"purchasable","132":"product-type-simple"},"acf":[],"_links":{"self":[{"href":"https:\/\/esquell.eu\/fr\/wp-json\/wp\/v2\/product\/24368","targetHints":{"allow":["GET"]}}],"collection":[{"href":"https:\/\/esquell.eu\/fr\/wp-json\/wp\/v2\/product"}],"about":[{"href":"https:\/\/esquell.eu\/fr\/wp-json\/wp\/v2\/types\/product"}],"replies":[{"embeddable":true,"href":"https:\/\/esquell.eu\/fr\/wp-json\/wp\/v2\/comments?post=24368"}],"wp:featuredmedia":[{"embeddable":true,"href":"https:\/\/esquell.eu\/fr\/wp-json\/wp\/v2\/media\/8384"}],"wp:attachment":[{"href":"https:\/\/esquell.eu\/fr\/wp-json\/wp\/v2\/media?parent=24368"}],"wp:term":[{"taxonomy":"more","embeddable":true,"href":"https:\/\/esquell.eu\/fr\/wp-json\/wp\/v2\/more?post=24368"},{"taxonomy":"product_brand","embeddable":true,"href":"https:\/\/esquell.eu\/fr\/wp-json\/wp\/v2\/product_brand?post=24368"},{"taxonomy":"product_cat","embeddable":true,"href":"https:\/\/esquell.eu\/fr\/wp-json\/wp\/v2\/product_cat?post=24368"},{"taxonomy":"product_tag","embeddable":true,"href":"https:\/\/esquell.eu\/fr\/wp-json\/wp\/v2\/product_tag?post=24368"}],"curies":[{"name":"wp","href":"https:\/\/api.w.org\/{rel}","templated":true}]}}