{"id":24332,"date":"2025-04-03T09:24:17","date_gmt":"2025-04-03T09:24:17","guid":{"rendered":"https:\/\/esquell.eu\/product\/moule-en-silicone-3-x-3d-fleur\/"},"modified":"2025-04-03T09:24:17","modified_gmt":"2025-04-03T09:24:17","slug":"moule-en-silicone-3-x-3d-fleur","status":"publish","type":"product","link":"https:\/\/esquell.eu\/fr\/produit\/moule-en-silicone-3-x-3d-fleur\/","title":{"rendered":"Moule en silicone 3 x 3d fleur"},"content":{"rendered":"<div class=\"product-addition-content\">\n<p>Moule en silicone avec diff\u00e9rentes fleurs<\/p>\n<p>Diam\u00e8tre des fleurs 1,7 cm, 2,0 cm et 2,3 cm<\/p>\n<p>Pour les clous d&rsquo;oreilles, les pendentifs, les breloques, les bagues, etc.<\/p>\n<p>A utiliser avec la p\u00e2te \u00e0 modeler, la p\u00e2te d&rsquo;argent, la p\u00e2te de bronze, la p\u00e2te de cuivre, la p\u00e2te fimo, la p\u00e2te polym\u00e8re, le cernit, etc.<\/p>\n<p>Vaporisez toujours la formule antiadh\u00e9sive coolslip avant de l&rsquo;utiliser. Cela emp\u00eache l&rsquo;argile de coller aux moules. <\/p>\n<\/div>\n","protected":false},"excerpt":{"rendered":"<p>Moule en silicone avec diff\u00e9rentes fleurs<\/p>\n<p>Diam\u00e8tre des fleurs 1,7 cm, 2,0 cm et 2,3 cm<\/p>\n<p>&nbsp;<\/p>\n<p>Pour les clous d&rsquo;oreilles, les pendentifs, les breloques, les bagues, etc.<\/p>\n<p>A utiliser avec la p\u00e2te \u00e0 modeler, la p\u00e2te d&rsquo;argent, la p\u00e2te de bronze, la p\u00e2te de cuivre, la p\u00e2te fimo, la p\u00e2te polym\u00e8re, le cernit, etc.<\/p>\n<p>Vaporisez toujours la formule antiadh\u00e9sive coolslip avant de l&rsquo;utiliser. Cela emp\u00eache l&rsquo;argile de coller aux moules. <\/p>\n","protected":false},"featured_media":8387,"comment_status":"closed","ping_status":"closed","template":"","meta":{"_acf_changed":false,"_seopress_robots_primary_cat":"none","_seopress_titles_title":"","_seopress_titles_desc":"","_seopress_robots_index":""},"more":[],"product_brand":[6398],"product_cat":[15643],"product_tag":[8708,8441,6645,8284,6646,7045,9799,6931,18211,7339,6388,6473,6404,6420,6390,10133,6405,7100,6949,6393,6372,6958,8735,6389,6796,6941,6409,6412,6935,7770,6819,6650,6655,7038,6647,7043,13776,6374,18209,6815,6837,6833,6785,6849,6635,6653,6933,18205,18207,7417,6651,6659,7648,7249,7283,6634,6472,8996,6930,6789,7042,7031,16283,9874,15097,14829,7657,6661,6937,6643,6636,6726,6657,15645,18212,6816,6391,6665,7670,7029,7094,10131,14831,14735,6407,7429,6663,6787,6667,7032],"class_list":{"0":"post-24332","1":"product","2":"type-product","3":"status-publish","4":"has-post-thumbnail","6":"product_brand-l1","7":"product_cat-moules","8":"product_tag-co-uk","9":"product_tag-3d","10":"product_tag-a","11":"product_tag-achats-3","12":"product_tag-acheter","13":"product_tag-almelo","14":"product_tag-antiadhesif","15":"product_tag-anvers","16":"product_tag-arbre-3","17":"product_tag-argent-malleable","18":"product_tag-argile","19":"product_tag-argile-2","20":"product_tag-argile-argentee","21":"product_tag-argile-bronze","22":"product_tag-argile-metallique-2","23":"product_tag-argile-metallique-precieuse","24":"product_tag-artclay","25":"product_tag-artclaysilvershop","26":"product_tag-assen","27":"product_tag-belgique","28":"product_tag-bijoux","29":"product_tag-boutique","30":"product_tag-boutique-2","31":"product_tag-boutique-en-ligne","32":"product_tag-boutique-en-ligne-2","33":"product_tag-brabant","34":"product_tag-bricolage","35":"product_tag-bronze","36":"product_tag-bruxelles","37":"product_tag-camps","38":"product_tag-cernit","39":"product_tag-cuivre","40":"product_tag-drenthe","41":"product_tag-eindhoven","42":"product_tag-en-ligne","43":"product_tag-enschede","44":"product_tag-exemples","45":"product_tag-faire","46":"product_tag-feuille-de-ginkgo","47":"product_tag-fimo","48":"product_tag-fleur","49":"product_tag-fleurs","50":"product_tag-flevoland","51":"product_tag-formulaires","52":"product_tag-fournitures","53":"product_tag-frise","54":"product_tag-gentilhomme","55":"product_tag-ginkgo","56":"product_tag-ginko","57":"product_tag-glissiere-de-securite","58":"product_tag-groningue","59":"product_tag-gueldre","60":"product_tag-idees","61":"product_tag-japonais-2","62":"product_tag-japonais-3","63":"product_tag-largent-3","64":"product_tag-lart","65":"product_tag-linspiration","66":"product_tag-leeuwarden","67":"product_tag-limbourg","68":"product_tag-maastricht","69":"product_tag-metal-2","70":"product_tag-modeles-4","71":"product_tag-moule-2","72":"product_tag-moules-2","73":"product_tag-nevisas","74":"product_tag-nop","75":"product_tag-nord","76":"product_tag-ostende","77":"product_tag-ou","78":"product_tag-outils","79":"product_tag-outils-2","80":"product_tag-overijssel","81":"product_tag-papillon","82":"product_tag-papillons-de-feuilles","83":"product_tag-pate-polymere","84":"product_tag-pays-bas","85":"product_tag-pays-bas-2","86":"product_tag-pinterest","87":"product_tag-pmc","88":"product_tag-pont","89":"product_tag-precieux","90":"product_tag-reve","91":"product_tag-silicone","92":"product_tag-silverclay-co-uk","93":"product_tag-structures","94":"product_tag-sud","95":"product_tag-utrecht","96":"product_tag-zelande","97":"product_tag-zwolle","98":"product_shipping_class-standard","100":"first","101":"instock","102":"taxable","103":"shipping-taxable","104":"purchasable","105":"product-type-simple"},"acf":[],"_links":{"self":[{"href":"https:\/\/esquell.eu\/fr\/wp-json\/wp\/v2\/product\/24332","targetHints":{"allow":["GET"]}}],"collection":[{"href":"https:\/\/esquell.eu\/fr\/wp-json\/wp\/v2\/product"}],"about":[{"href":"https:\/\/esquell.eu\/fr\/wp-json\/wp\/v2\/types\/product"}],"replies":[{"embeddable":true,"href":"https:\/\/esquell.eu\/fr\/wp-json\/wp\/v2\/comments?post=24332"}],"wp:featuredmedia":[{"embeddable":true,"href":"https:\/\/esquell.eu\/fr\/wp-json\/wp\/v2\/media\/8387"}],"wp:attachment":[{"href":"https:\/\/esquell.eu\/fr\/wp-json\/wp\/v2\/media?parent=24332"}],"wp:term":[{"taxonomy":"more","embeddable":true,"href":"https:\/\/esquell.eu\/fr\/wp-json\/wp\/v2\/more?post=24332"},{"taxonomy":"product_brand","embeddable":true,"href":"https:\/\/esquell.eu\/fr\/wp-json\/wp\/v2\/product_brand?post=24332"},{"taxonomy":"product_cat","embeddable":true,"href":"https:\/\/esquell.eu\/fr\/wp-json\/wp\/v2\/product_cat?post=24332"},{"taxonomy":"product_tag","embeddable":true,"href":"https:\/\/esquell.eu\/fr\/wp-json\/wp\/v2\/product_tag?post=24332"}],"curies":[{"name":"wp","href":"https:\/\/api.w.org\/{rel}","templated":true}]}}