{"id":24282,"date":"2025-04-04T05:37:11","date_gmt":"2025-04-04T05:37:11","guid":{"rendered":"https:\/\/esquell.eu\/product\/buse-differentes-couleurs-diametre\/"},"modified":"2025-04-04T05:37:11","modified_gmt":"2025-04-04T05:37:11","slug":"buse-differentes-couleurs-diametre","status":"publish","type":"product","link":"https:\/\/esquell.eu\/fr\/produit\/buse-differentes-couleurs-diametre\/","title":{"rendered":"Buse Diff\u00e9rentes couleurs\/diam\u00e8tre"},"content":{"rendered":"<p>Buse pour argile \u00e0 pulv\u00e9riser. Diff\u00e9rents diam\u00e8tres <\/p>\n<p>La buse vous permet de tracer des lignes avec la p\u00e2te \u00e0 modeler.<\/p>\n<ul>\n<li>1,19 mm gris<\/li>\n<li>0,84 mm vert<\/li>\n<li>0,60 mm rose<\/li>\n<li>0,43 mm bleu<\/li>\n<\/ul>\n<p>Prix par 3 pi\u00e8ces.<\/p>\n<p>Ensemble de 12 pi\u00e8ces<\/p>\n","protected":false},"excerpt":{"rendered":"<p>Buse pour argile \u00e0 pulv\u00e9riser. Diam\u00e8tre 1,19 MM <\/p>\n<p>La buse vous permet de tracer des lignes avec la p\u00e2te \u00e0 modeler.<\/p>\n<p>Prix par 3 pi\u00e8ces<\/p>\n","protected":false},"featured_media":4484,"comment_status":"closed","ping_status":"closed","template":"","meta":{"_acf_changed":false,"_seopress_robots_primary_cat":"none","_seopress_titles_title":"","_seopress_titles_desc":"","_seopress_robots_index":""},"more":[],"product_brand":[],"product_cat":[6364],"product_tag":[7590,6404,6780,7588,7632,6405,7592,7586,6634,7584,7029,6782],"class_list":{"0":"post-24282","1":"product","2":"type-product","3":"status-publish","4":"has-post-thumbnail","6":"product_cat-materiel-supplementaire","7":"product_tag-argent-malleable-2","8":"product_tag-argile-argentee","9":"product_tag-argile-en-spray","10":"product_tag-argile-metallique-3","11":"product_tag-argile-metallique-4","12":"product_tag-artclay","13":"product_tag-bijoux-en-argent","14":"product_tag-buse","15":"product_tag-largent-3","16":"product_tag-pate-a-pulveriser","17":"product_tag-pmc","18":"product_tag-seringue","19":"product_shipping_class-standard","20":"pa_kleur-assortis","21":"pa_kleur-bleu","22":"pa_kleur-gris","23":"pa_kleur-rose","24":"pa_kleur-vert","26":"first","27":"instock","28":"taxable","29":"shipping-taxable","30":"purchasable","31":"product-type-variable"},"acf":[],"_links":{"self":[{"href":"https:\/\/esquell.eu\/fr\/wp-json\/wp\/v2\/product\/24282","targetHints":{"allow":["GET"]}}],"collection":[{"href":"https:\/\/esquell.eu\/fr\/wp-json\/wp\/v2\/product"}],"about":[{"href":"https:\/\/esquell.eu\/fr\/wp-json\/wp\/v2\/types\/product"}],"replies":[{"embeddable":true,"href":"https:\/\/esquell.eu\/fr\/wp-json\/wp\/v2\/comments?post=24282"}],"wp:featuredmedia":[{"embeddable":true,"href":"https:\/\/esquell.eu\/fr\/wp-json\/wp\/v2\/media\/4484"}],"wp:attachment":[{"href":"https:\/\/esquell.eu\/fr\/wp-json\/wp\/v2\/media?parent=24282"}],"wp:term":[{"taxonomy":"more","embeddable":true,"href":"https:\/\/esquell.eu\/fr\/wp-json\/wp\/v2\/more?post=24282"},{"taxonomy":"product_brand","embeddable":true,"href":"https:\/\/esquell.eu\/fr\/wp-json\/wp\/v2\/product_brand?post=24282"},{"taxonomy":"product_cat","embeddable":true,"href":"https:\/\/esquell.eu\/fr\/wp-json\/wp\/v2\/product_cat?post=24282"},{"taxonomy":"product_tag","embeddable":true,"href":"https:\/\/esquell.eu\/fr\/wp-json\/wp\/v2\/product_tag?post=24282"}],"curies":[{"name":"wp","href":"https:\/\/api.w.org\/{rel}","templated":true}]}}