{"id":24248,"date":"2025-04-04T05:37:11","date_gmt":"2025-04-04T05:37:11","guid":{"rendered":"https:\/\/esquell.eu\/product\/brosses-pour-travaux-de-precision-divers-types-acs-f-0740-et-0741-i-0001-et-0002\/"},"modified":"2025-04-04T05:37:11","modified_gmt":"2025-04-04T05:37:11","slug":"brosses-pour-travaux-de-precision-divers-types-acs-f-0740-et-0741-i-0001-et-0002","status":"publish","type":"product","link":"https:\/\/esquell.eu\/fr\/produit\/brosses-pour-travaux-de-precision-divers-types-acs-f-0740-et-0741-i-0001-et-0002\/","title":{"rendered":"Brosses pour travaux de pr\u00e9cision. divers types (ACS F-0740 et 0741 I-0001 et 0002)"},"content":{"rendered":"<p class=\"product-info-title\">Brosses pour travaux de pr\u00e9cision. Diff\u00e9rents types <\/p>\n<p class=\"product-info-title\">(ACS F-0740 et 0741 I-0001 et 0002)<\/p>\n","protected":false},"excerpt":{"rendered":"<p>Pinceau plat pour un travail fin.<\/p>\n<p>Tr\u00e8s appropri\u00e9 pour la p\u00e2te de recouvrement Art Clay Silver<\/p>\n","protected":false},"featured_media":24249,"comment_status":"closed","ping_status":"closed","template":"","meta":{"_acf_changed":false,"_seopress_robots_primary_cat":"none","_seopress_titles_title":"","_seopress_titles_desc":"","_seopress_robots_index":""},"more":[],"product_brand":[6382],"product_cat":[7504,9873,6364,7412,6705],"product_tag":[6386,7016,6473,6741,6404,6378,6405,6376,9668,18152,18154,16003,6634,6472,6559,14879,7695,6636,6726,6536,18153,14621,6407,17271,12571],"class_list":{"0":"post-24248","1":"product","2":"type-product","3":"status-publish","4":"has-post-thumbnail","6":"product_brand-acs","7":"product_cat-argile","8":"product_cat-led-et-resine-uv","9":"product_cat-materiel-supplementaire","10":"product_cat-outils-de-base","11":"product_cat-outils-et-fournitures-pour-lemaillage","12":"product_tag-aida","13":"product_tag-amende-2","14":"product_tag-argile-2","15":"product_tag-argile-3","16":"product_tag-argile-argentee","17":"product_tag-argile-metallique","18":"product_tag-artclay","19":"product_tag-artclaysilver","20":"product_tag-autour-de","21":"product_tag-brosse-3","22":"product_tag-ecureuil","23":"product_tag-fournitures-2","24":"product_tag-largent-3","25":"product_tag-lart","26":"product_tag-lignes-dartisanat","27":"product_tag-mettre-a-jour","28":"product_tag-modelisation-2","29":"product_tag-outils","30":"product_tag-outils-2","31":"product_tag-petit","32":"product_tag-poils-decureuil","33":"product_tag-pointe-2","34":"product_tag-silverclay-co-uk","35":"product_tag-son-2","36":"product_tag-synthetique","37":"product_shipping_class-standard","38":"pa_model-plat","39":"pa_model-pointe-fine","40":"pa_model-pointe-tres-fine","41":"pa_model-tres-beau-plat","43":"first","44":"instock","45":"taxable","46":"shipping-taxable","47":"purchasable","48":"product-type-variable"},"acf":[],"_links":{"self":[{"href":"https:\/\/esquell.eu\/fr\/wp-json\/wp\/v2\/product\/24248","targetHints":{"allow":["GET"]}}],"collection":[{"href":"https:\/\/esquell.eu\/fr\/wp-json\/wp\/v2\/product"}],"about":[{"href":"https:\/\/esquell.eu\/fr\/wp-json\/wp\/v2\/types\/product"}],"replies":[{"embeddable":true,"href":"https:\/\/esquell.eu\/fr\/wp-json\/wp\/v2\/comments?post=24248"}],"wp:featuredmedia":[{"embeddable":true,"href":"https:\/\/esquell.eu\/fr\/wp-json\/wp\/v2\/media\/24249"}],"wp:attachment":[{"href":"https:\/\/esquell.eu\/fr\/wp-json\/wp\/v2\/media?parent=24248"}],"wp:term":[{"taxonomy":"more","embeddable":true,"href":"https:\/\/esquell.eu\/fr\/wp-json\/wp\/v2\/more?post=24248"},{"taxonomy":"product_brand","embeddable":true,"href":"https:\/\/esquell.eu\/fr\/wp-json\/wp\/v2\/product_brand?post=24248"},{"taxonomy":"product_cat","embeddable":true,"href":"https:\/\/esquell.eu\/fr\/wp-json\/wp\/v2\/product_cat?post=24248"},{"taxonomy":"product_tag","embeddable":true,"href":"https:\/\/esquell.eu\/fr\/wp-json\/wp\/v2\/product_tag?post=24248"}],"curies":[{"name":"wp","href":"https:\/\/api.w.org\/{rel}","templated":true}]}}