{"id":24203,"date":"2025-04-04T05:37:04","date_gmt":"2025-04-04T05:37:04","guid":{"rendered":"https:\/\/esquell.eu\/product\/draps-de-polissage-de-differentes-tailles\/"},"modified":"2025-04-04T05:37:04","modified_gmt":"2025-04-04T05:37:04","slug":"draps-de-polissage-de-differentes-tailles","status":"publish","type":"product","link":"https:\/\/esquell.eu\/fr\/produit\/draps-de-polissage-de-differentes-tailles\/","title":{"rendered":"Draps de polissage de diff\u00e9rentes tailles"},"content":{"rendered":"<p>Le chiffon de polissage fait briller les bijoux. Il est sp\u00e9cialement con\u00e7u pour l&rsquo;entretien de vos bijoux. Sp\u00e9cialement con\u00e7u pour l&rsquo;entretien de vos bijoux, il s&rsquo;utilise sans produit de polissage, mais il est \u00e9galement parfait en combinaison avec la p\u00e2te \u00e0 polir. Pour les articles tr\u00e8s sales ou tach\u00e9s, humidifiez-les l\u00e9g\u00e8rement avec de l&rsquo;eau. Plus le chiffon est noir, meilleur est le r\u00e9sultat. En lavant le chiffon, il perd sa pr\u00e9paration mais peut encore \u00eatre utilis\u00e9 par la suite avec de la p\u00e2te \u00e0 polir.     <\/p>\n","protected":false},"excerpt":{"rendered":"<p>  Le chiffon de polissage 16x16cm permet de faire briller les bijoux. Sp\u00e9cialement con\u00e7u pour l&rsquo;entretien de vos bijoux, il s&rsquo;utilise sans produit de polissage, mais il est \u00e9galement parfait en combinaison avec la p\u00e2te \u00e0 polir F-311. Pour les articles tr\u00e8s sales ou tach\u00e9s, humidifiez-les l\u00e9g\u00e8rement avec de l&rsquo;eau. Plus le chiffon est noir, meilleur est le r\u00e9sultat. Le lavage du chiffon lui fait perdre sa pr\u00e9paration.       <\/p>\n","protected":false},"featured_media":3860,"comment_status":"closed","ping_status":"closed","template":"","meta":{"_acf_changed":false,"_seopress_robots_primary_cat":"none","_seopress_titles_title":"","_seopress_titles_desc":"","_seopress_robots_index":""},"more":[],"product_brand":[],"product_cat":[6366],"product_tag":[7760,7409,6386,7016,6376,6372,6389,8179,14586,14591,6579,6650,14587,6745,6563,6381,8682,6559,6759,6536,7933,10185,8861,7506,8301,8304,14589],"class_list":{"0":"post-24203","1":"product","2":"type-product","3":"status-publish","4":"has-post-thumbnail","6":"product_cat-poncage-limage-et-polissage","7":"product_tag-achats-2","8":"product_tag-acier","9":"product_tag-aida","10":"product_tag-amende-2","11":"product_tag-artclaysilver","12":"product_tag-bijoux","13":"product_tag-boutique-en-ligne","14":"product_tag-brosse","15":"product_tag-brosse-a-polir-2","16":"product_tag-brosses-2","17":"product_tag-certifie","18":"product_tag-cuivre","19":"product_tag-exactement","20":"product_tag-instructeur","21":"product_tag-instructeurs","22":"product_tag-japon","23":"product_tag-laiton","24":"product_tag-lignes-dartisanat","25":"product_tag-metal","26":"product_tag-petit","27":"product_tag-petit-2","28":"product_tag-polir-3","29":"product_tag-polissage","30":"product_tag-pour","31":"product_tag-precision","32":"product_tag-travail","33":"product_tag-travaux","34":"product_shipping_class-standard","35":"pa_afmeting-1616-jaune","36":"pa_afmeting-914-rouge","38":"first","39":"instock","40":"taxable","41":"shipping-taxable","42":"purchasable","43":"product-type-variable"},"acf":[],"_links":{"self":[{"href":"https:\/\/esquell.eu\/fr\/wp-json\/wp\/v2\/product\/24203","targetHints":{"allow":["GET"]}}],"collection":[{"href":"https:\/\/esquell.eu\/fr\/wp-json\/wp\/v2\/product"}],"about":[{"href":"https:\/\/esquell.eu\/fr\/wp-json\/wp\/v2\/types\/product"}],"replies":[{"embeddable":true,"href":"https:\/\/esquell.eu\/fr\/wp-json\/wp\/v2\/comments?post=24203"}],"wp:featuredmedia":[{"embeddable":true,"href":"https:\/\/esquell.eu\/fr\/wp-json\/wp\/v2\/media\/3860"}],"wp:attachment":[{"href":"https:\/\/esquell.eu\/fr\/wp-json\/wp\/v2\/media?parent=24203"}],"wp:term":[{"taxonomy":"more","embeddable":true,"href":"https:\/\/esquell.eu\/fr\/wp-json\/wp\/v2\/more?post=24203"},{"taxonomy":"product_brand","embeddable":true,"href":"https:\/\/esquell.eu\/fr\/wp-json\/wp\/v2\/product_brand?post=24203"},{"taxonomy":"product_cat","embeddable":true,"href":"https:\/\/esquell.eu\/fr\/wp-json\/wp\/v2\/product_cat?post=24203"},{"taxonomy":"product_tag","embeddable":true,"href":"https:\/\/esquell.eu\/fr\/wp-json\/wp\/v2\/product_tag?post=24203"}],"curies":[{"name":"wp","href":"https:\/\/api.w.org\/{rel}","templated":true}]}}