{"id":24193,"date":"2025-04-04T05:37:11","date_gmt":"2025-04-04T05:37:11","guid":{"rendered":"https:\/\/esquell.eu\/product\/bandes-en-plastique-de-differentes-epaisseurs-pour-etaler-largile-uniformement-acs\/"},"modified":"2026-03-23T20:16:36","modified_gmt":"2026-03-23T20:16:36","slug":"bandes-en-plastique-de-differentes-epaisseurs-pour-etaler-largile-uniformement-acs","status":"publish","type":"product","link":"https:\/\/esquell.eu\/fr\/produit\/bandes-en-plastique-de-differentes-epaisseurs-pour-etaler-largile-uniformement-acs\/","title":{"rendered":"Bandes en plastique de diff\u00e9rentes \u00e9paisseurs pour \u00e9taler l&rsquo;argile uniform\u00e9ment ACS"},"content":{"rendered":"<p>En \u00e9talant l&rsquo;argile entre ces deux bandes, il est possible de faire en sorte que l&rsquo;\u00e9paisseur de l&rsquo;ornement soit exactement la m\u00eame.<br \/>\nEn passant toujours sur les bandes avec le rouleau d&rsquo;argile, l&rsquo;argile a la m\u00eame \u00e9paisseur partout.<\/p>\n<p>Les lamelles de diff\u00e9rentes \u00e9paisseurs ont des couleurs diff\u00e9rentes. Cela permet de les distinguer facilement. <\/p>\n","protected":false},"excerpt":{"rendered":"<p>En \u00e9talant l&rsquo;argile entre ces deux bandes, il est possible de faire en sorte que l&rsquo;\u00e9paisseur de l&rsquo;ornement soit exactement la m\u00eame.<br \/>\nEn passant toujours sur les bandes avec le rouleau d&rsquo;argile, l&rsquo;argile a la m\u00eame \u00e9paisseur partout.<\/p>\n<p>La pose de l&rsquo;argile sur un tapis de texture, les lattes sur ou \u00e0 c\u00f4t\u00e9 du tapis de texture, puis le roulage de l&rsquo;argile avec un rouleau d&rsquo;argile cr\u00e9ent de belles textures dans l&rsquo;argile. Commencez toujours par texturer l&rsquo;argile, puis d\u00e9coupez-la en forme. Le roulage modifie la forme de l&rsquo;argile.  <\/p>\n<p>Les lamelles de diff\u00e9rentes \u00e9paisseurs ont des couleurs diff\u00e9rentes. Cela permet de les distinguer facilement. <\/p>\n","protected":false},"featured_media":24210,"comment_status":"closed","ping_status":"closed","template":"","meta":{"_acf_changed":false,"_seopress_robots_primary_cat":"none","_seopress_titles_title":"","_seopress_titles_desc":"","_seopress_robots_index":""},"more":[],"product_brand":[6382],"product_cat":[7504,7412],"product_tag":[18108,6645,7760,6646,6939,6386,18104,6923,7339,6388,6473,6404,6420,7028,6378,6390,6405,7567,6376,6393,6396,6372,6658,6389,6796,6941,6935,18105,6649,6706,6423,15106,6743,6655,11495,8222,18096,6374,6785,6635,6401,7479,6653,6933,6659,6745,6381,18103,6634,6472,8220,15156,18102,6559,6789,6400,6656,15108,6661,6937,6643,7405,6636,18109,6391,6665,7094,6751,18098,18100,18101,6663,6787,6667],"class_list":{"0":"post-24193","1":"product","2":"type-product","3":"status-publish","4":"has-post-thumbnail","6":"product_brand-acs","7":"product_cat-argile","8":"product_cat-outils-de-base","9":"product_tag-eu-groningen","10":"product_tag-a","11":"product_tag-achats-2","12":"product_tag-acheter","13":"product_tag-acheter-2","14":"product_tag-aida","15":"product_tag-aide-mondiale","16":"product_tag-amsterdam","17":"product_tag-argent-malleable","18":"product_tag-argile","19":"product_tag-argile-2","20":"product_tag-argile-argentee","21":"product_tag-argile-bronze","22":"product_tag-argile-cuivreuse","23":"product_tag-argile-metallique","24":"product_tag-argile-metallique-2","25":"product_tag-artclay","26":"product_tag-artclayacademy","27":"product_tag-artclaysilver","28":"product_tag-belgique","29":"product_tag-belgique-2","30":"product_tag-bijoux","31":"product_tag-bijoux-en-argile","32":"product_tag-boutique-en-ligne","33":"product_tag-boutique-en-ligne-2","34":"product_tag-brabant","35":"product_tag-bruxelles","36":"product_tag-certifie-3","37":"product_tag-commande","38":"product_tag-commerce-de-gros","39":"product_tag-de","40":"product_tag-deployer","41":"product_tag-distributeur","42":"product_tag-drenthe","43":"product_tag-epais","44":"product_tag-eu","45":"product_tag-europ","46":"product_tag-faire","47":"product_tag-flevoland","48":"product_tag-fournitures","49":"product_tag-france","50":"product_tag-france-2","51":"product_tag-frise","52":"product_tag-gentilhomme","53":"product_tag-gueldre","54":"product_tag-instructeur","55":"product_tag-japon","56":"product_tag-juste","57":"product_tag-largent-3","58":"product_tag-lart","59":"product_tag-leurope","60":"product_tag-lattes","61":"product_tag-lattes-2","62":"product_tag-lignes-dartisanat","63":"product_tag-limbourg","64":"product_tag-luxembourg","65":"product_tag-luxembourg-2","66":"product_tag-meme","67":"product_tag-nord","68":"product_tag-ostende","69":"product_tag-ou","70":"product_tag-outil-2","71":"product_tag-outils","72":"product_tag-overijsel","73":"product_tag-pays-bas","74":"product_tag-pays-bas-2","75":"product_tag-pont","76":"product_tag-reduction","77":"product_tag-rouleau-dargile","78":"product_tag-rouleaux","79":"product_tag-rouleaux-dargile","80":"product_tag-sud","81":"product_tag-utrecht","82":"product_tag-zelande","83":"product_shipping_class-standard","84":"pa_dikte-03mm","85":"pa_dikte-05-mm-2","86":"pa_dikte-15-mm-2","87":"pa_dikte-1mm","88":"pa_dikte-2-mm","89":"pa_dikte-25mm","91":"first","92":"instock","93":"taxable","94":"shipping-taxable","95":"purchasable","96":"product-type-variable"},"acf":[],"_links":{"self":[{"href":"https:\/\/esquell.eu\/fr\/wp-json\/wp\/v2\/product\/24193","targetHints":{"allow":["GET"]}}],"collection":[{"href":"https:\/\/esquell.eu\/fr\/wp-json\/wp\/v2\/product"}],"about":[{"href":"https:\/\/esquell.eu\/fr\/wp-json\/wp\/v2\/types\/product"}],"replies":[{"embeddable":true,"href":"https:\/\/esquell.eu\/fr\/wp-json\/wp\/v2\/comments?post=24193"}],"wp:featuredmedia":[{"embeddable":true,"href":"https:\/\/esquell.eu\/fr\/wp-json\/wp\/v2\/media\/24210"}],"wp:attachment":[{"href":"https:\/\/esquell.eu\/fr\/wp-json\/wp\/v2\/media?parent=24193"}],"wp:term":[{"taxonomy":"more","embeddable":true,"href":"https:\/\/esquell.eu\/fr\/wp-json\/wp\/v2\/more?post=24193"},{"taxonomy":"product_brand","embeddable":true,"href":"https:\/\/esquell.eu\/fr\/wp-json\/wp\/v2\/product_brand?post=24193"},{"taxonomy":"product_cat","embeddable":true,"href":"https:\/\/esquell.eu\/fr\/wp-json\/wp\/v2\/product_cat?post=24193"},{"taxonomy":"product_tag","embeddable":true,"href":"https:\/\/esquell.eu\/fr\/wp-json\/wp\/v2\/product_tag?post=24193"}],"curies":[{"name":"wp","href":"https:\/\/api.w.org\/{rel}","templated":true}]}}