{"id":24148,"date":"2025-04-04T05:37:04","date_gmt":"2025-04-04T05:37:04","guid":{"rendered":"https:\/\/esquell.eu\/product\/pate-a-braser-a-largent-pour-basses-temperatures-divers-contenus\/"},"modified":"2025-04-04T05:37:04","modified_gmt":"2025-04-04T05:37:04","slug":"pate-a-braser-a-largent-pour-basses-temperatures-divers-contenus","status":"publish","type":"product","link":"https:\/\/esquell.eu\/fr\/produit\/pate-a-braser-a-largent-pour-basses-temperatures-divers-contenus\/","title":{"rendered":"P\u00e2te \u00e0 braser \u00e0 l&rsquo;argent pour basses temp\u00e9ratures. divers contenus"},"content":{"rendered":"<p>Il s&rsquo;agit d&rsquo;une p\u00e2te \u00e0 souder non ternissante. Elle est id\u00e9ale pour assembler diff\u00e9rents m\u00e9taux. Elle peut \u00eatre utilis\u00e9e avec le nickel, l&rsquo;argent, l&rsquo;\u00e9tain, le bronze blanc, l&rsquo;acier inoxydable, le laiton et le bronze, entre autres. En raison de la faible teneur en argent, nous vous d\u00e9conseillons d&rsquo;utiliser ce produit sur des objets en argent n\u00e9cessitant un poin\u00e7onnage (925 \/ 999), car cela r\u00e9duirait la teneur en argent.   <\/p>\n<p>&nbsp;<\/p>\n<p>La soudure peut \u00eatre r\u00e9alis\u00e9e \u00e0 basse temp\u00e9rature. M\u00eame avec un briquet au butane. <\/p>\n<p>&nbsp;<\/p>\n","protected":false},"excerpt":{"rendered":"<p>Il s&rsquo;agit d&rsquo;une p\u00e2te \u00e0 souder non ternissante. Elle est id\u00e9ale pour assembler diff\u00e9rents m\u00e9taux. Elle peut \u00eatre utilis\u00e9e avec le nickel, l&rsquo;argent, l&rsquo;\u00e9tain, le bronze blanc, l&rsquo;acier inoxydable, le laiton et le bronze, entre autres. En raison de la faible teneur en argent, nous vous d\u00e9conseillons d&rsquo;utiliser ce produit sur des objets en argent n\u00e9cessitant un poin\u00e7onnage (925 \/ 999), car cela r\u00e9duirait la teneur en argent.   <\/p>\n<p>&nbsp;<\/p>\n<p>La soudure peut \u00eatre r\u00e9alis\u00e9e \u00e0 basse temp\u00e9rature. M\u00eame avec un briquet au butane. <\/p>\n<p>&nbsp;<\/p>\n<p>&nbsp;<\/p>\n<p>&nbsp;<\/p>\n<p>&nbsp;<\/p>\n","protected":false},"featured_media":4722,"comment_status":"closed","ping_status":"closed","template":"","meta":{"_acf_changed":false,"_seopress_robots_primary_cat":"none","_seopress_titles_title":"","_seopress_titles_desc":"","_seopress_robots_index":""},"more":[],"product_brand":[6736],"product_cat":[6364,10058],"product_tag":[6372,7498,18030,11756,8165,6644,8078,13474,18029],"class_list":{"0":"post-24148","1":"product","2":"type-product","3":"status-publish","4":"has-post-thumbnail","6":"product_brand-des-outils-sympas","7":"product_cat-materiel-supplementaire","8":"product_cat-soudure","9":"product_tag-bijoux","10":"product_tag-cuivre-3","11":"product_tag-pate-a-braser-au-cuivre","12":"product_tag-pate-a-souder","13":"product_tag-pates","14":"product_tag-pieces","15":"product_tag-soudure","16":"product_tag-soudure-3","17":"product_tag-soudure-au-cuivre","18":"product_shipping_class-standard","19":"pa_hoeveelheid-147-grammes","20":"pa_hoeveelheid-7-grammes","22":"first","23":"instock","24":"taxable","25":"shipping-taxable","26":"purchasable","27":"product-type-variable"},"acf":[],"_links":{"self":[{"href":"https:\/\/esquell.eu\/fr\/wp-json\/wp\/v2\/product\/24148","targetHints":{"allow":["GET"]}}],"collection":[{"href":"https:\/\/esquell.eu\/fr\/wp-json\/wp\/v2\/product"}],"about":[{"href":"https:\/\/esquell.eu\/fr\/wp-json\/wp\/v2\/types\/product"}],"replies":[{"embeddable":true,"href":"https:\/\/esquell.eu\/fr\/wp-json\/wp\/v2\/comments?post=24148"}],"wp:featuredmedia":[{"embeddable":true,"href":"https:\/\/esquell.eu\/fr\/wp-json\/wp\/v2\/media\/4722"}],"wp:attachment":[{"href":"https:\/\/esquell.eu\/fr\/wp-json\/wp\/v2\/media?parent=24148"}],"wp:term":[{"taxonomy":"more","embeddable":true,"href":"https:\/\/esquell.eu\/fr\/wp-json\/wp\/v2\/more?post=24148"},{"taxonomy":"product_brand","embeddable":true,"href":"https:\/\/esquell.eu\/fr\/wp-json\/wp\/v2\/product_brand?post=24148"},{"taxonomy":"product_cat","embeddable":true,"href":"https:\/\/esquell.eu\/fr\/wp-json\/wp\/v2\/product_cat?post=24148"},{"taxonomy":"product_tag","embeddable":true,"href":"https:\/\/esquell.eu\/fr\/wp-json\/wp\/v2\/product_tag?post=24148"}],"curies":[{"name":"wp","href":"https:\/\/api.w.org\/{rel}","templated":true}]}}