{"id":24098,"date":"2025-04-04T05:36:53","date_gmt":"2025-04-04T05:36:53","guid":{"rendered":"https:\/\/esquell.eu\/product\/kit-de-demarrage-argile-argentee-xxl-tres-complet-avec-argile-argentee-y-compris-largent-et-les-outils\/"},"modified":"2026-03-09T17:42:20","modified_gmt":"2026-03-09T17:42:20","slug":"kit-de-demarrage-argile-dargent-xxl-tres-complet-avec-argile-dargent-y-compris-largent-et-les-outils","status":"publish","type":"product","link":"https:\/\/esquell.eu\/fr\/produit\/kit-de-demarrage-argile-dargent-xxl-tres-complet-avec-argile-dargent-y-compris-largent-et-les-outils\/","title":{"rendered":"Kit de d\u00e9marrage argile argent\u00e9e XXL tr\u00e8s complet avec argile argent\u00e9e, y compris l&rsquo;argent et les outils."},"content":{"rendered":"<p><strong>Tout ce dont vous avez besoin pour fabriquer vos propres bijoux en argent \u00e0 la maison,  <\/strong><\/p>\n<p><strong>Tout ce dont vous avez besoin pour fabriquer vos propres bijoux en argent \u00e0 la maison  <\/strong><\/p>\n<p>Kit de d\u00e9marrage tr\u00e8s complet comprenant 2x 7 grammes d&rsquo;argile argent\u00e9e, 5 grammes d&rsquo;argile en spray, des outils pour les anneaux, des outils pour la cuisson et la soudure, le modelage, la fabrication d&rsquo;anneaux, le pon\u00e7age, le limage et le polissage, etc. Vous pouvez commencer tout de suite !<\/p>\n<p>Valeur au d\u00e9tail environ \u20ac 289.00<\/p>\n<p><strong>Inclut la description \u00e9tape par \u00e9tape de 1 projet (pendentif feuille) +<br \/>\n<\/strong><\/p>\n<p><strong> <u><a href=\"https:\/\/youtube.com\/playlist?list=PLNV9RRmkyYO2aNRoLNnIsMgcqqvCUWXJK&amp;si=CIbzX7ngiDCq4fSP\">15 projets en ligne, \u00e9tape par \u00e9tape<\/a><br \/>\n<\/u><\/strong><\/p>\n<p><strong><u><br \/>\n<\/u><\/strong>Contenu de l&#8217;emballage<strong><u><br \/>\n<\/u><\/strong><\/p>\n<ul>\n<li>2x argile argent\u00e9e 7 grammes<\/li>\n<\/ul>\n<ul>\n<li>1 x 5 g d&rsquo;argile \u00e0 pulv\u00e9riser \/ seringue<\/li>\n<li>Formule antiadh\u00e9sive Coolslip (pour les moules et les textures)<\/li>\n<\/ul>\n<ul>\n<li>Tapis de travail avec grille A4<\/li>\n<\/ul>\n<ul>\n<li>Feuille de vermiculite Surface pour la cuisson et le brasage R\u00e9sistance \u00e0 la chaleur<\/li>\n<\/ul>\n<ul>\n<li>Torche \u00e0 main. La torche peut \u00eatre remplie de gaz butane (disponible dans les quincailleries, etc.). <\/li>\n<\/ul>\n<ul>\n<li>1x Seringue de distribution<\/li>\n<\/ul>\n<ul>\n<li>4x Buses suppl\u00e9mentaires de diff\u00e9rentes \u00e9paisseurs<\/li>\n<\/ul>\n<ul>\n<li>Rouleau d&rsquo;argile pour \u00e9taler l&rsquo;argile<\/li>\n<\/ul>\n<ul>\n<li>Coupe-cercles, set de 8, par exemple pour percer des trous pour boucles d&rsquo;oreilles et breloques<\/li>\n<\/ul>\n<ul>\n<li>Mandrin pour m\u00e8ches et fraises, entre autres<\/li>\n<li>Forets de diff\u00e9rentes tailles pour percer l&rsquo;argile s\u00e9ch\u00e9e ou les m\u00e9taux.<\/li>\n<\/ul>\n<ul>\n<li>Mini-moule en silicone pour la r\u00e9alisation de petits ornements en p\u00e2te \u00e0 modeler<\/li>\n<\/ul>\n<ul>\n<li>Gabarit de bijou pour d\u00e9couper des formes dans l&rsquo;argile, \u00e0 l&rsquo;aide du stylo \u00e0 aiguille fourni dans cet emballage.<\/li>\n<\/ul>\n<ul>\n<li>Lamelles d&rsquo;\u00e9cartement Pour \u00e9taler l&rsquo;argile uniform\u00e9ment en 2 \u00e9paisseurs diff\u00e9rentes<\/li>\n<\/ul>\n<ul>\n<li>Crayon pour ramasser les zircons et les petites perles<\/li>\n<\/ul>\n<ul>\n<li>Assortiment de 5 pi\u00e8ces en zircone (la composition peut diff\u00e9rer de la photo)<\/li>\n<\/ul>\n<ul>\n<li>3M Patins de pon\u00e7age 3 pi\u00e8ces Patins de pon\u00e7age doux et flexibles pour le pon\u00e7age \u00e0 sec et \u00e0 l&rsquo;eau. Convient pour l&rsquo;argile s\u00e9ch\u00e9e et les m\u00e9taux cuits au four. <\/li>\n<\/ul>\n<ul>\n<li>Loomer ou couteau \u00e0 argile, pour couper l&rsquo;argile en ligne droite<\/li>\n<\/ul>\n<ul>\n<li>Stylo en agate, pour le polissage haute brillance, Brunissoir<\/li>\n<\/ul>\n<ul>\n<li>Pince \u00e0 \u00e9piler r\u00e9sistante \u00e0 la chaleur<\/li>\n<\/ul>\n<ul>\n<li>Pince \u00e0 \u00e9piler \u00e0 verrouillage automatique r\u00e9sistante \u00e0 la chaleur, convient \u00e9galement pour la soudure<\/li>\n<\/ul>\n<ul>\n<li>Spatules de modelage, lot de 5, pour l&rsquo;argile \u00e0 modeler. La pointe arrondie en m\u00e9tal peut \u00e9galement \u00eatre utilis\u00e9e pour polir les zones difficiles d&rsquo;acc\u00e8s. <\/li>\n<\/ul>\n<ul>\n<li>Limes diamant\u00e9es, lot de 5, formes vari\u00e9es <\/li>\n<\/ul>\n<ul>\n<li>Tapis de s\u00e9chage en t\u00e9flon, pour s\u00e9cher l&rsquo;argile sur une feuille de s\u00e9chage, r\u00e9sistant \u00e0 la chaleur.<\/li>\n<\/ul>\n<ul>\n<li>Papier abrasif 1x grossier 1x fin, Pour le pon\u00e7age de l&rsquo;argile ou des m\u00e9taux<\/li>\n<\/ul>\n<ul>\n<li>Brosse \u00e0 polir<\/li>\n<\/ul>\n<ul>\n<li>Chiffon de polissage petit<\/li>\n<\/ul>\n<ul>\n<li>P\u00e2te \u00e0 polir pour le polissage haute brillance<\/li>\n<\/ul>\n<ul>\n<li>Aiguille, stylo \u00e0 aiguille. Pour d\u00e9couper l&rsquo;argile <\/li>\n<\/ul>\n<ul>\n<li>Baguette en bois<\/li>\n<\/ul>\n<ul>\n<li>Taille de bague en japase sp\u00e9cialement pour l&rsquo;argent Art Clay. Un tableau des tailles de bagues est inclus. <\/li>\n<\/ul>\n<ul>\n<li>Tache \u00e9clair<\/li>\n<\/ul>\n<ul>\n<li>D\u00e9pliant<\/li>\n<\/ul>\n<ul>\n<li>Tableau des tailles de bagues<\/li>\n<li>Description de 1 projet pour commencer (pendentif feuille)<\/li>\n<\/ul>\n","protected":false},"excerpt":{"rendered":"<p><strong>Tout ce dont vous avez besoin pour fabriquer vos propres bijoux en argent \u00e0 la maison,<br \/>\n<\/strong><\/p>\n<p><strong>Tout ce dont vous avez besoin pour fabriquer vos propres bijoux en argent \u00e0 la maison<\/strong><\/p>\n<p>Kit de d\u00e9marrage tr\u00e8s complet comprenant 2x 7 grammes d&rsquo;argile argent\u00e9e, 5 grammes d&rsquo;argile en spray, des outils pour les anneaux, des outils pour la cuisson et la soudure, le modelage, la fabrication d&rsquo;anneaux, le pon\u00e7age, le limage et le polissage, etc. Vous pouvez commencer tout de suite !<\/p>\n<p>Valeur au d\u00e9tail environ \u20ac 299.00<\/p>\n<p><strong>Inclut la description \u00e9tape par \u00e9tape de 1 projet (pendentif feuille) +<br \/>\n<\/strong><\/p>\n<p><strong><u><a href=\"https:\/\/youtube.com\/playlist?list=PLNV9RRmkyYO2aNRoLNnIsMgcqqvCUWXJK&amp;si=CIbzX7ngiDCq4fSP\">15 projets en ligne, \u00e9tape par \u00e9tape<\/a><br \/>\n<\/u><\/strong><\/p>\n<p><strong><u><br \/>\n<\/u><\/strong>Contenu de l&#8217;emballage<strong><u><br \/>\n<\/u><\/strong><\/p>\n<ul>\n<li>2x argile argent\u00e9e 7 grammes<\/li>\n<\/ul>\n<ul>\n<li>1 x 5 g d&rsquo;argile \u00e0 pulv\u00e9riser \/ seringue<\/li>\n<li>Formule antiadh\u00e9sive Coolslip (pour les moules et les textures)<\/li>\n<\/ul>\n<ul>\n<li>Tapis de travail avec grille A5<\/li>\n<\/ul>\n<ul>\n<li>Feuille de vermiculite pour la cuisson et la soudure R\u00e9sistant \u00e0 la chaleur<\/li>\n<\/ul>\n<ul>\n<li>Torche \u00e0 main. La torche peut \u00eatre remplie de gaz butane (disponible dans les quincailleries, etc.). <\/li>\n<\/ul>\n<ul>\n<li>1x Seringue de distribution<\/li>\n<\/ul>\n<ul>\n<li>4x Buses suppl\u00e9mentaires de diff\u00e9rentes \u00e9paisseurs<\/li>\n<\/ul>\n<ul>\n<li>Rouleau d&rsquo;argile pour \u00e9taler l&rsquo;argile<\/li>\n<\/ul>\n<ul>\n<li>Jeu de 4 cutters (peut diff\u00e9rer de la photo) <\/li>\n<li>Coupe-cercles, set de 8, par exemple pour percer des trous pour boucles d&rsquo;oreilles et breloques<\/li>\n<\/ul>\n<ul>\n<li>Mandrin pour m\u00e8ches et fraises, entre autres<\/li>\n<li>Forets de diff\u00e9rentes tailles pour percer l&rsquo;argile s\u00e9ch\u00e9e ou les m\u00e9taux.<\/li>\n<\/ul>\n<ul>\n<li>Mini-moule en silicone pour la r\u00e9alisation de petits ornements en p\u00e2te \u00e0 modeler<\/li>\n<\/ul>\n<ul>\n<li>Gabarit de bijou pour d\u00e9couper des formes dans l&rsquo;argile, \u00e0 l&rsquo;aide du stylo \u00e0 aiguille fourni dans cet emballage.<\/li>\n<\/ul>\n<ul>\n<li>Lamelles d&rsquo;espacement Pour \u00e9taler l&rsquo;argile uniform\u00e9ment en 3 \u00e9paisseurs diff\u00e9rentes<\/li>\n<\/ul>\n<ul>\n<li>Crayon pour ramasser les zircons et les petites perles<\/li>\n<\/ul>\n<ul>\n<li>Assortiment de 8 pi\u00e8ces en zircone (la composition peut diff\u00e9rer de la photo)<\/li>\n<\/ul>\n<ul>\n<li>3M Patins de pon\u00e7age 3 pi\u00e8ces Patins de pon\u00e7age doux et flexibles pour le pon\u00e7age \u00e0 sec et \u00e0 l&rsquo;eau. Convient pour l&rsquo;argile s\u00e9ch\u00e9e et les m\u00e9taux cuits au four. <\/li>\n<\/ul>\n<ul>\n<li>Loomer ou couteau \u00e0 argile, pour couper l&rsquo;argile en ligne droite<\/li>\n<\/ul>\n<ul>\n<li>Stylo en agate, pour le polissage haute brillance, Brunissoir<\/li>\n<\/ul>\n<ul>\n<li>Pince \u00e0 \u00e9piler r\u00e9sistante \u00e0 la chaleur<\/li>\n<\/ul>\n<ul>\n<li>Pince \u00e0 \u00e9piler \u00e0 verrouillage automatique r\u00e9sistante \u00e0 la chaleur, convient \u00e9galement pour la soudure<\/li>\n<\/ul>\n<ul>\n<li>Spatules de modelage, lot de 5, pour l&rsquo;argile \u00e0 modeler. La pointe arrondie en m\u00e9tal peut \u00e9galement \u00eatre utilis\u00e9e pour polir les zones difficiles d&rsquo;acc\u00e8s. <\/li>\n<\/ul>\n<ul>\n<li>Limes diamant\u00e9es, lot de 5, formes vari\u00e9es <\/li>\n<\/ul>\n<ul>\n<li>Tapis de s\u00e9chage en t\u00e9flon, pour s\u00e9cher l&rsquo;argile sur une feuille de s\u00e9chage, r\u00e9sistant \u00e0 la chaleur.<\/li>\n<\/ul>\n<ul>\n<li>Papier abrasif 1x grossier 1x fin, Pour le pon\u00e7age de l&rsquo;argile ou des m\u00e9taux<\/li>\n<\/ul>\n<ul>\n<li>Brosse \u00e0 polir<\/li>\n<\/ul>\n<ul>\n<li>Chiffon de polissage petit<\/li>\n<\/ul>\n<ul>\n<li>P\u00e2te \u00e0 polir pour le polissage haute brillance<\/li>\n<\/ul>\n<ul>\n<li>Aiguille, stylo \u00e0 aiguille. Pour d\u00e9couper l&rsquo;argile <\/li>\n<\/ul>\n<ul>\n<li>Grille de s\u00e9chage en acier inoxydable &#8211; grille de cuisson. Convient \u00e9galement pour la cuisson sur la cuisini\u00e8re \u00e0 gaz. <\/li>\n<\/ul>\n<ul>\n<li>Baguette en bois<\/li>\n<\/ul>\n<ul>\n<li>Taille de bague en japase sp\u00e9cialement pour l&rsquo;argent Art Clay. Un tableau des tailles de bagues est inclus. <\/li>\n<\/ul>\n<ul>\n<li>Tache \u00e9clair<\/li>\n<\/ul>\n<ul>\n<li>D\u00e9pliant<\/li>\n<\/ul>\n<ul>\n<li>Tableau des tailles de bagues<\/li>\n<li>Description de 1 projet pour commencer (pendentif feuille)<\/li>\n<\/ul>\n<p>&nbsp;<\/p>\n<p>&nbsp;<\/p>\n<p>&nbsp;<\/p>\n<p>&nbsp;<\/p>\n<p>&nbsp;<\/p>\n","protected":false},"featured_media":30540,"comment_status":"closed","ping_status":"closed","template":"","meta":{"_acf_changed":false,"_seopress_robots_primary_cat":"none","_seopress_titles_title":"","_seopress_titles_desc":"","_seopress_robots_index":""},"more":[],"product_brand":[],"product_cat":[7393],"product_tag":[6645,6646,6386,6397,7761,6923,6931,7339,6404,6420,7028,6378,18046,6405,6376,7100,6565,7863,6540,6396,6393,6402,15151,6958,6389,6935,7770,6579,8424,8226,14226,18043,18044,7652,6395,6743,6655,6647,13301,6763,6785,6635,6401,7479,6653,6933,6651,6659,7648,6761,6745,18045,6381,8428,18040,6369,8996,18032,6559,6789,6400,7304,18035,18048,6661,6567,6937,6643,18038,7405,6726,18042,6657,7394,6714,18041,15152,6665,6391,7670,6751,6925,6407,6663,6411,6787,6667],"class_list":{"0":"post-24098","1":"product","2":"type-product","3":"status-publish","4":"has-post-thumbnail","6":"product_cat-paquets-de-depart","7":"product_tag-a","8":"product_tag-acheter","9":"product_tag-aida","10":"product_tag-allemagne","11":"product_tag-allemagne-2","12":"product_tag-amsterdam","13":"product_tag-anvers","14":"product_tag-argent-malleable","15":"product_tag-argile-argentee","16":"product_tag-argile-bronze","17":"product_tag-argile-cuivreuse","18":"product_tag-argile-metallique","19":"product_tag-arrclaysilver","20":"product_tag-artclay","21":"product_tag-artclaysilver","22":"product_tag-artclaysilvershop","23":"product_tag-atelier","24":"product_tag-atelier-dargile-argentee","25":"product_tag-avantageux","26":"product_tag-belgique-2","27":"product_tag-belgique","28":"product_tag-bon-marche","29":"product_tag-bonn","30":"product_tag-boutique","31":"product_tag-boutique-en-ligne","32":"product_tag-bruxelles","33":"product_tag-camps","34":"product_tag-certifie","35":"product_tag-cooltools","36":"product_tag-cours","37":"product_tag-de-base","38":"product_tag-debutant","39":"product_tag-debutants","40":"product_tag-description-du-travail","41":"product_tag-deutsland","42":"product_tag-distributeur","43":"product_tag-drenthe","44":"product_tag-en-ligne","45":"product_tag-esquell","46":"product_tag-facebook","47":"product_tag-flevoland","48":"product_tag-fournitures","49":"product_tag-france","50":"product_tag-france-2","51":"product_tag-frise","52":"product_tag-gentilhomme","53":"product_tag-groningue","54":"product_tag-gueldre","55":"product_tag-idees","56":"product_tag-instagram","57":"product_tag-instructeur","58":"product_tag-instruction","59":"product_tag-japon","60":"product_tag-kit-de-demarrage","61":"product_tag-kits-de-demarrage-3","62":"product_tag-largent","63":"product_tag-linspiration","64":"product_tag-le-reve-du-nevada","65":"product_tag-lignes-dartisanat","66":"product_tag-limbourg","67":"product_tag-luxembourg","68":"product_tag-metalclayuk","69":"product_tag-metalclayworld","70":"product_tag-muchen-2","71":"product_tag-nord","72":"product_tag-offrir","73":"product_tag-ostende","74":"product_tag-ou","75":"product_tag-ou-acheter","76":"product_tag-outil-2","77":"product_tag-outils-2","78":"product_tag-outils-de-base","79":"product_tag-overijssel","80":"product_tag-pack-de-demarrage-2","81":"product_tag-pack-de-demarrage","82":"product_tag-packs-de-demarrage","83":"product_tag-paris","84":"product_tag-pays-bas-2","85":"product_tag-pays-bas","86":"product_tag-pinterest","87":"product_tag-reduction","88":"product_tag-rotterdam","89":"product_tag-silverclay-co-uk","90":"product_tag-sud","91":"product_tag-tempete-de-sable","92":"product_tag-utrecht","93":"product_tag-zelande","94":"product_shipping_class-standard","95":"pa_startpakket-pack-de-demarrage-xl-tres-complet","97":"first","98":"instock","99":"sale","100":"taxable","101":"shipping-taxable","102":"purchasable","103":"product-type-simple"},"acf":[],"_links":{"self":[{"href":"https:\/\/esquell.eu\/fr\/wp-json\/wp\/v2\/product\/24098","targetHints":{"allow":["GET"]}}],"collection":[{"href":"https:\/\/esquell.eu\/fr\/wp-json\/wp\/v2\/product"}],"about":[{"href":"https:\/\/esquell.eu\/fr\/wp-json\/wp\/v2\/types\/product"}],"replies":[{"embeddable":true,"href":"https:\/\/esquell.eu\/fr\/wp-json\/wp\/v2\/comments?post=24098"}],"wp:featuredmedia":[{"embeddable":true,"href":"https:\/\/esquell.eu\/fr\/wp-json\/wp\/v2\/media\/30540"}],"wp:attachment":[{"href":"https:\/\/esquell.eu\/fr\/wp-json\/wp\/v2\/media?parent=24098"}],"wp:term":[{"taxonomy":"more","embeddable":true,"href":"https:\/\/esquell.eu\/fr\/wp-json\/wp\/v2\/more?post=24098"},{"taxonomy":"product_brand","embeddable":true,"href":"https:\/\/esquell.eu\/fr\/wp-json\/wp\/v2\/product_brand?post=24098"},{"taxonomy":"product_cat","embeddable":true,"href":"https:\/\/esquell.eu\/fr\/wp-json\/wp\/v2\/product_cat?post=24098"},{"taxonomy":"product_tag","embeddable":true,"href":"https:\/\/esquell.eu\/fr\/wp-json\/wp\/v2\/product_tag?post=24098"}],"curies":[{"name":"wp","href":"https:\/\/api.w.org\/{rel}","templated":true}]}}