{"id":24097,"date":"2025-04-04T05:37:04","date_gmt":"2025-04-04T05:37:04","guid":{"rendered":"https:\/\/esquell.eu\/product\/pate-a-braser-pour-le-cuivre-le-bronze-le-laiton-et-les-combinaisons-de-metaux-contenu-de-la-division\/"},"modified":"2026-01-19T08:00:52","modified_gmt":"2026-01-19T08:00:52","slug":"pate-a-braser-pour-le-cuivre-le-bronze-le-laiton-et-les-combinaisons-de-metaux-contenu-de-la-division","status":"publish","type":"product","link":"https:\/\/esquell.eu\/fr\/produit\/pate-a-braser-pour-le-cuivre-le-bronze-le-laiton-et-les-combinaisons-de-metaux-contenu-de-la-division\/","title":{"rendered":"P\u00e2te \u00e0 braser pour le cuivre, le bronze, le laiton et les combinaisons de m\u00e9taux. Contenu de la division"},"content":{"rendered":"<p>P\u00e2te \u00e0 braser pour le cuivre, le bronze, le laiton et les combinaisons <\/p>\n<p>Cet alliage a une couleur cuivr\u00e9e claire et convient parfaitement aux projets en cuivre, laiton, bronze et m\u00e9taux mixtes, tels que la transformation d&rsquo;argent en laiton ou en bronze ou d&rsquo;acier inoxydable en laiton ou en or. Sans cadmium ni indium. S&rsquo;\u00e9coule \u00e0 730 degr\u00e9s centigrades.<\/p>\n","protected":false},"excerpt":{"rendered":"<p>P\u00e2te \u00e0 braser pour le cuivre, le bronze, le laiton et les combinaisons <\/p>\n<p>Cet alliage a une couleur cuivr\u00e9e claire et est id\u00e9al pour les projets en cuivre, laiton, bronze et m\u00e9taux mixtes tels que l&rsquo;argent sur laiton ou bronze ou l&rsquo;acier inoxydable sur laiton ou or. Exempt de cadmium et d&rsquo;indium. Se fluidifie \u00e0 environ 730 degr\u00e9s Celsius.  <\/p>\n<p>&nbsp;<\/p>\n<p>&nbsp;<\/p>\n<p>&nbsp;<\/p>\n<p>&nbsp;<\/p>\n","protected":false},"featured_media":24100,"comment_status":"closed","ping_status":"closed","template":"","meta":{"_acf_changed":false,"_seopress_robots_primary_cat":"none","_seopress_titles_title":"","_seopress_titles_desc":"","_seopress_robots_index":""},"more":[],"product_brand":[6736],"product_cat":[6364,10058],"product_tag":[6372,7498,18030,11756,8165,6644,8078,13474,18029],"class_list":{"0":"post-24097","1":"product","2":"type-product","3":"status-publish","4":"has-post-thumbnail","6":"product_brand-des-outils-sympas","7":"product_cat-materiel-supplementaire","8":"product_cat-soudure","9":"product_tag-bijoux","10":"product_tag-cuivre-3","11":"product_tag-pate-a-braser-au-cuivre","12":"product_tag-pate-a-souder","13":"product_tag-pates","14":"product_tag-pieces","15":"product_tag-soudure","16":"product_tag-soudure-3","17":"product_tag-soudure-au-cuivre","18":"product_shipping_class-standard","19":"pa_gram-147-grammes","20":"pa_gram-7-grammes","22":"first","23":"instock","24":"taxable","25":"shipping-taxable","26":"purchasable","27":"product-type-variable"},"acf":[],"_links":{"self":[{"href":"https:\/\/esquell.eu\/fr\/wp-json\/wp\/v2\/product\/24097","targetHints":{"allow":["GET"]}}],"collection":[{"href":"https:\/\/esquell.eu\/fr\/wp-json\/wp\/v2\/product"}],"about":[{"href":"https:\/\/esquell.eu\/fr\/wp-json\/wp\/v2\/types\/product"}],"replies":[{"embeddable":true,"href":"https:\/\/esquell.eu\/fr\/wp-json\/wp\/v2\/comments?post=24097"}],"wp:featuredmedia":[{"embeddable":true,"href":"https:\/\/esquell.eu\/fr\/wp-json\/wp\/v2\/media\/24100"}],"wp:attachment":[{"href":"https:\/\/esquell.eu\/fr\/wp-json\/wp\/v2\/media?parent=24097"}],"wp:term":[{"taxonomy":"more","embeddable":true,"href":"https:\/\/esquell.eu\/fr\/wp-json\/wp\/v2\/more?post=24097"},{"taxonomy":"product_brand","embeddable":true,"href":"https:\/\/esquell.eu\/fr\/wp-json\/wp\/v2\/product_brand?post=24097"},{"taxonomy":"product_cat","embeddable":true,"href":"https:\/\/esquell.eu\/fr\/wp-json\/wp\/v2\/product_cat?post=24097"},{"taxonomy":"product_tag","embeddable":true,"href":"https:\/\/esquell.eu\/fr\/wp-json\/wp\/v2\/product_tag?post=24097"}],"curies":[{"name":"wp","href":"https:\/\/api.w.org\/{rel}","templated":true}]}}