{"id":24024,"date":"2025-04-04T05:36:53","date_gmt":"2025-04-04T05:36:53","guid":{"rendered":"https:\/\/esquell.eu\/product\/pack-de-demarrage-petit\/"},"modified":"2026-01-31T15:30:03","modified_gmt":"2026-01-31T15:30:03","slug":"pack-de-demarrage-petit","status":"publish","type":"product","link":"https:\/\/esquell.eu\/fr\/produit\/pack-de-demarrage-petit\/","title":{"rendered":"Pack de d\u00e9marrage Petit."},"content":{"rendered":"<p>Kit de d\u00e9marrage S. Outils uniquement.<\/p>\n<p><strong>Inclut la description \u00e9tape par \u00e9tape de 1 projet (pendentif feuille) +<br \/>\n<\/strong><\/p>\n<p><strong><u><a href=\"https:\/\/youtube.com\/playlist?list=PLNV9RRmkyYO2aNRoLNnIsMgcqqvCUWXJK&amp;si=CIbzX7ngiDCq4fSP\">15 projets en ligne, \u00e9tape par \u00e9tape<\/a><br \/>\n<\/u><\/strong><\/p>\n<p>Contenu de l&#8217;emballage :<\/p>\n<ul>\n<li>Rouleau d&rsquo;argile<\/li>\n<li>2x Lamelles \/ entretoises 1mm<\/li>\n<li>2x Lamelles \/ entretoises 1,5 mm<\/li>\n<li>3x tampons de pon\u00e7age pour l&rsquo;argile m\u00e9tallique<\/li>\n<li>Lomer ou couteau \u00e0 argile en acier inoxydable<\/li>\n<li>Spatules de modelage, lot de 5, pour l&rsquo;argile \u00e0 modeler.<br \/>\nLa pointe arrondie en m\u00e9tal peut \u00e9galement \u00eatre utilis\u00e9e pour polir les endroits difficiles d&rsquo;acc\u00e8s.<\/li>\n<\/ul>\n<ul>\n<li>Pince \u00e0 \u00e9piler r\u00e9sistante \u00e0 la chaleur<\/li>\n<li>Tapis en t\u00e9flon, tapis de travail, tapis de s\u00e9chage brun<\/li>\n<\/ul>\n<ul>\n<li>Brosse \u00e0 polir \/ brosse en acier<\/li>\n<\/ul>\n<ul>\n<li>Lime micor ronde<\/li>\n<li>Outil \u00e0 aiguille, claypick, stylo \u00e0 aiguille pour d\u00e9couper l&rsquo;argile<\/li>\n<\/ul>\n<ul>\n<li>Chiffon de polissage petit.<\/li>\n<li>Brochure d&rsquo;information<\/li>\n<li>Description 1 projet<\/li>\n<\/ul>\n","protected":false},"excerpt":{"rendered":"<p>Pack de d\u00e9marrage S<\/p>\n<p>Avec 7 grammes d&rsquo;arguile d&rsquo;argent<\/p>\n<p><strong>Inclut la description \u00e9tape par \u00e9tape de 1 projet (pendentif feuille) +<br \/>\n<\/strong><\/p>\n<p><strong> <u><a href=\"https:\/\/youtube.com\/playlist?list=PLNV9RRmkyYO2aNRoLNnIsMgcqqvCUWXJK&amp;si=CIbzX7ngiDCq4fSP\">15 projets en ligne, \u00e9tape par \u00e9tape<\/a><br \/>\n<\/u><\/strong><\/p>\n<p><strong><u> <\/u><\/strong><\/p>\n<p>Contenu de l&#8217;emballage :<\/p>\n<ul>\n<li>Rouleau d&rsquo;argile<\/li>\n<li>2x Lamelles \/ entretoises 1mm<\/li>\n<li>2x Lamelles \/ entretoises 1,5 mm<\/li>\n<li>3x tampons de pon\u00e7age pour l&rsquo;argile m\u00e9tallique<\/li>\n<li>Lomer ou couteau \u00e0 argile en acier inoxydable<\/li>\n<li>Spatules de modelage, lot de 5, pour l&rsquo;argile \u00e0 modeler.<br \/>\nLa pointe arrondie en m\u00e9tal peut \u00e9galement \u00eatre utilis\u00e9e pour polir les endroits difficiles d&rsquo;acc\u00e8s.<\/li>\n<\/ul>\n<ul>\n<li>Pince \u00e0 \u00e9piler r\u00e9sistante \u00e0 la chaleur<\/li>\n<li>Tapis en t\u00e9flon, tapis de travail, tapis de s\u00e9chage brun<\/li>\n<\/ul>\n<ul>\n<li>Brosse \u00e0 polir \/ brosse en acier<\/li>\n<\/ul>\n<ul>\n<li>Lime micor ronde<\/li>\n<li>Outil \u00e0 aiguille, claypick, stylo \u00e0 aiguille pour d\u00e9couper l&rsquo;argile<\/li>\n<\/ul>\n<ul>\n<li>Chiffon de polissage petit.<\/li>\n<li>Brochure d&rsquo;information<\/li>\n<li>Description 1 projet<\/li>\n<\/ul>\n<p>&nbsp;<\/p>\n<p>&nbsp;<\/p>\n<p>&nbsp;<\/p>\n","protected":false},"featured_media":4765,"comment_status":"closed","ping_status":"closed","template":"","meta":{"_acf_changed":false,"_seopress_robots_primary_cat":"none","_seopress_titles_title":"","_seopress_titles_desc":"","_seopress_robots_index":""},"more":[],"product_brand":[10819],"product_cat":[7412,7393],"product_tag":[15038,6645,8192,6646,6923,7098,6638,7590,6388,6473,6741,6404,6406,6420,7028,6378,6390,6405,6565,6575,8620,6372,6718,7578,13946,7598,6402,8350,8737,6641,6958,8735,6389,6796,8355,6941,6716,6409,6412,6819,6794,6772,11482,13954,8739,17999,6738,8424,8629,6650,6655,8084,6647,6374,6798,6815,6785,6653,6651,6659,7659,7662,6801,8722,8433,8733,6472,6403,18001,18000,6789,7851,7650,6759,7031,6416,7657,6661,6410,6567,6643,6636,6726,6657,6714,7394,6816,6665,14295,6774,7092,11208,7029,8736,11210,6805,6663,10139,6787,7102,6803,6408,6807,6667],"class_list":{"0":"post-24024","1":"product","2":"type-product","3":"status-publish","4":"has-post-thumbnail","6":"product_brand-div","7":"product_cat-outils-de-base","8":"product_cat-paquets-de-depart","9":"product_tag-voici","10":"product_tag-a","11":"product_tag-a-4","12":"product_tag-acheter","13":"product_tag-amsterdam","14":"product_tag-anneau","15":"product_tag-anneaux","16":"product_tag-argent-malleable-2","17":"product_tag-argile","18":"product_tag-argile-2","19":"product_tag-argile-3","20":"product_tag-argile-argentee","21":"product_tag-argile-aurifere","22":"product_tag-argile-bronze","23":"product_tag-argile-cuivreuse","24":"product_tag-argile-metallique","25":"product_tag-argile-metallique-2","26":"product_tag-artclay","27":"product_tag-atelier","28":"product_tag-ateliers","29":"product_tag-base-de-connaissances","30":"product_tag-bijoux","31":"product_tag-bijoux-3","32":"product_tag-bijoux-commemoratifs","33":"product_tag-bijoux-commemoratifs-3","34":"product_tag-bijoux-en-frene","35":"product_tag-bon-marche","36":"product_tag-boucle-doreille","37":"product_tag-boucle-doreille-2","38":"product_tag-boucles-doreilles","39":"product_tag-boutique","40":"product_tag-boutique-2","41":"product_tag-boutique-en-ligne","42":"product_tag-boutique-en-ligne-2","43":"product_tag-bouton-doreille","44":"product_tag-brabant","45":"product_tag-breloques","46":"product_tag-bricolage","47":"product_tag-bronze","48":"product_tag-cernit","49":"product_tag-chaine","50":"product_tag-charme","51":"product_tag-cher","52":"product_tag-cher-2","53":"product_tag-clous-doreilles-2","54":"product_tag-conception","55":"product_tag-cool","56":"product_tag-cooltools","57":"product_tag-cremation","58":"product_tag-cuivre","59":"product_tag-drenthe","60":"product_tag-empreinte-digitale","61":"product_tag-en-ligne","62":"product_tag-faire","63":"product_tag-faire-2","64":"product_tag-fimo","65":"product_tag-flevoland","66":"product_tag-frise","67":"product_tag-groningue","68":"product_tag-gueldre","69":"product_tag-hollande-du-nord","70":"product_tag-hollande-du-sud","71":"product_tag-il","72":"product_tag-internet","73":"product_tag-kits-de-demarrage","74":"product_tag-kits-de-demarrage-2","75":"product_tag-lart","76":"product_tag-lor","77":"product_tag-le-voisinage","78":"product_tag-les-5","79":"product_tag-limbourg","80":"product_tag-manuel","81":"product_tag-manuels","82":"product_tag-metal","83":"product_tag-metal-2","84":"product_tag-modelisation","85":"product_tag-nop","86":"product_tag-nord","87":"product_tag-nouveau","88":"product_tag-offrir","89":"product_tag-ou","90":"product_tag-outils","91":"product_tag-outils-2","92":"product_tag-overijssel","93":"product_tag-pack-de-demarrage","94":"product_tag-pack-de-demarrage-2","95":"product_tag-pate-polymere","96":"product_tag-pays-bas-2","97":"product_tag-pendentif-3","98":"product_tag-pendentif","99":"product_tag-pendentif-2","100":"product_tag-personnel-2","101":"product_tag-pmc","102":"product_tag-presomptueux","103":"product_tag-rappel","104":"product_tag-soi","105":"product_tag-sud","106":"product_tag-unique","107":"product_tag-utrecht","108":"product_tag-vasieres","109":"product_tag-votre","110":"product_tag-vous","111":"product_tag-vous-2","112":"product_tag-zelande","113":"product_shipping_class-standard","115":"first","116":"instock","117":"taxable","118":"shipping-taxable","119":"purchasable","120":"product-type-simple"},"acf":[],"_links":{"self":[{"href":"https:\/\/esquell.eu\/fr\/wp-json\/wp\/v2\/product\/24024","targetHints":{"allow":["GET"]}}],"collection":[{"href":"https:\/\/esquell.eu\/fr\/wp-json\/wp\/v2\/product"}],"about":[{"href":"https:\/\/esquell.eu\/fr\/wp-json\/wp\/v2\/types\/product"}],"replies":[{"embeddable":true,"href":"https:\/\/esquell.eu\/fr\/wp-json\/wp\/v2\/comments?post=24024"}],"wp:featuredmedia":[{"embeddable":true,"href":"https:\/\/esquell.eu\/fr\/wp-json\/wp\/v2\/media\/4765"}],"wp:attachment":[{"href":"https:\/\/esquell.eu\/fr\/wp-json\/wp\/v2\/media?parent=24024"}],"wp:term":[{"taxonomy":"more","embeddable":true,"href":"https:\/\/esquell.eu\/fr\/wp-json\/wp\/v2\/more?post=24024"},{"taxonomy":"product_brand","embeddable":true,"href":"https:\/\/esquell.eu\/fr\/wp-json\/wp\/v2\/product_brand?post=24024"},{"taxonomy":"product_cat","embeddable":true,"href":"https:\/\/esquell.eu\/fr\/wp-json\/wp\/v2\/product_cat?post=24024"},{"taxonomy":"product_tag","embeddable":true,"href":"https:\/\/esquell.eu\/fr\/wp-json\/wp\/v2\/product_tag?post=24024"}],"curies":[{"name":"wp","href":"https:\/\/api.w.org\/{rel}","templated":true}]}}