{"id":23947,"date":"2025-04-04T05:32:44","date_gmt":"2025-04-04T05:32:44","guid":{"rendered":"https:\/\/esquell.eu\/product\/suppositoire-ovale-en-argent-fin-999-differentes-tailles\/"},"modified":"2025-04-04T05:32:44","modified_gmt":"2025-04-04T05:32:44","slug":"suppositoire-ovale-en-argent-fin-999-differentes-tailles","status":"publish","type":"product","link":"https:\/\/esquell.eu\/fr\/produit\/suppositoire-ovale-en-argent-fin-999-differentes-tailles\/","title":{"rendered":"Suppositoire ovale en argent fin 999. Diff\u00e9rentes tailles"},"content":{"rendered":"<p>Putter ovale en argent fin 999.<\/p>\n<p>Diff\u00e9rentes tailles<\/p>\n<p>Bord lisse.<br \/>\nPour les strass, les cabochons, les pierres naturelles, les pierres pr\u00e9cieuses, les pierres semi-pr\u00e9cieuses.<\/p>\n<p>Convient pour la cocuisson dans l&rsquo;argile m\u00e9tallique. En cas de cocuisson avec de la p\u00e2te d&rsquo;argent, nous recommandons la p\u00e2te de recouvrement Art Clay Silver pour une bonne adh\u00e9rence. <\/p>\n","protected":false},"excerpt":{"rendered":"<p>Bo\u00eetes \u00e0 mastic ovales en argent fin 999.<\/p>\n<p>Diff\u00e9rentes tailles<\/p>\n<p>Bord lisse.<\/p>\n<p>Convient \u00e0 la cocuisson dans la p\u00e2te \u00e0 modeler.<\/p>\n","protected":false},"featured_media":5714,"comment_status":"closed","ping_status":"closed","template":"","meta":{"_acf_changed":false,"_seopress_robots_primary_cat":"none","_seopress_titles_title":"","_seopress_titles_desc":"","_seopress_robots_index":""},"more":[],"product_brand":[7186],"product_cat":[10991,10990],"product_tag":[6477,6476,6960,7500,6390,7418,7430,8057,8318,11079,11031,6369,6550,6634,6478,8053,11012,6922,9284,6778,6964,6776,7414,6482,7604],"class_list":{"0":"post-23947","1":"product","2":"type-product","3":"status-publish","4":"has-post-thumbnail","6":"product_brand-rio","7":"product_cat-pieces-adaptees-a-la-cocuisson-avec-de-largile-metallique","8":"product_cat-reglements-et-chatons","9":"product_tag-6477","10":"product_tag-6476","11":"product_tag-amende","12":"product_tag-argile-argentee-3","13":"product_tag-argile-metallique-2","14":"product_tag-boite-de-reglage","15":"product_tag-cabochon","16":"product_tag-chaton","17":"product_tag-cz","18":"product_tag-incorpore","19":"product_tag-integration","20":"product_tag-largent","21":"product_tag-largent-2","22":"product_tag-largent-3","23":"product_tag-lunette","24":"product_tag-pierre-3","25":"product_tag-pierre-cz","26":"product_tag-pur","27":"product_tag-pur-3","28":"product_tag-reel","29":"product_tag-sollid","30":"product_tag-vraiment","31":"product_tag-zetkast","32":"product_tag-zircone","33":"product_tag-zircone-2","34":"product_shipping_class-standard","35":"pa_afmeting-10-14-mm","36":"pa_afmeting-1012-mm","37":"pa_afmeting-108-mm","38":"pa_afmeting-64-mm","40":"first","41":"instock","42":"taxable","43":"shipping-taxable","44":"purchasable","45":"product-type-variable"},"acf":[],"_links":{"self":[{"href":"https:\/\/esquell.eu\/fr\/wp-json\/wp\/v2\/product\/23947","targetHints":{"allow":["GET"]}}],"collection":[{"href":"https:\/\/esquell.eu\/fr\/wp-json\/wp\/v2\/product"}],"about":[{"href":"https:\/\/esquell.eu\/fr\/wp-json\/wp\/v2\/types\/product"}],"replies":[{"embeddable":true,"href":"https:\/\/esquell.eu\/fr\/wp-json\/wp\/v2\/comments?post=23947"}],"wp:featuredmedia":[{"embeddable":true,"href":"https:\/\/esquell.eu\/fr\/wp-json\/wp\/v2\/media\/5714"}],"wp:attachment":[{"href":"https:\/\/esquell.eu\/fr\/wp-json\/wp\/v2\/media?parent=23947"}],"wp:term":[{"taxonomy":"more","embeddable":true,"href":"https:\/\/esquell.eu\/fr\/wp-json\/wp\/v2\/more?post=23947"},{"taxonomy":"product_brand","embeddable":true,"href":"https:\/\/esquell.eu\/fr\/wp-json\/wp\/v2\/product_brand?post=23947"},{"taxonomy":"product_cat","embeddable":true,"href":"https:\/\/esquell.eu\/fr\/wp-json\/wp\/v2\/product_cat?post=23947"},{"taxonomy":"product_tag","embeddable":true,"href":"https:\/\/esquell.eu\/fr\/wp-json\/wp\/v2\/product_tag?post=23947"}],"curies":[{"name":"wp","href":"https:\/\/api.w.org\/{rel}","templated":true}]}}