{"id":23863,"date":"2025-04-04T05:32:23","date_gmt":"2025-04-04T05:32:23","guid":{"rendered":"https:\/\/esquell.eu\/product\/sertissage-de-tube-lunette-de-tube-artclay-3mm-ou-4mm-k-0554-k-0553\/"},"modified":"2025-11-08T10:32:34","modified_gmt":"2025-11-08T10:32:34","slug":"sertissage-de-tube-lunette-de-tube-artclay-3mm-ou-4mm-k-0554-k-0553","status":"publish","type":"product","link":"https:\/\/esquell.eu\/fr\/produit\/sertissage-de-tube-lunette-de-tube-artclay-3mm-ou-4mm-k-0554-k-0553\/","title":{"rendered":"Sertissage de tube, lunette de tube ArtClay 3mm ou 4mm (K-0554 K-0553)"},"content":{"rendered":"<p>R\u00e9glage du tube,<\/p>\n<p>Article exclusif d&rsquo;ArtClay<\/p>\n<p>Diff\u00e9rentes tailles. Pour sertir les pierres. <\/p>\n<p>Chaton, lunette et bo\u00eetier pr\u00e9-frais\u00e9s pour pierres rondes.<br \/>\nLe bo\u00eetier peut \u00eatre soud\u00e9 ou co-cuit avec l&rsquo;argile m\u00e9tallique \u00e0 une temp\u00e9rature maximale de 750 degr\u00e9s pendant 30 minutes.<\/p>\n","protected":false},"excerpt":{"rendered":"<p>&nbsp;<\/p>\n<p>R\u00e9glage du tube,<\/p>\n<p>Article exclusif d&rsquo;ArtClay<\/p>\n<p>Diff\u00e9rentes tailles. Pour sertir des pierres dans des bijoux en p\u00e2te d&rsquo;argent, en p\u00e2te \u00e0 modeler ou en p\u00e2te m\u00e9tallique. <\/p>\n","protected":false},"featured_media":5813,"comment_status":"closed","ping_status":"closed","template":"","meta":{"_acf_changed":false,"_seopress_robots_primary_cat":"none","_seopress_titles_title":"","_seopress_titles_desc":"","_seopress_robots_index":""},"more":[],"product_brand":[6382],"product_cat":[10991,10990],"product_tag":[15038,6470,6476,6645,6646,17943,7045,6923,7098,6638,6931,7096,16206,6473,6404,6378,6390,17939,6947,6949,13773,6753,6540,6393,6372,7418,6402,8737,6641,6941,6792,8368,7116,6409,6935,7770,6794,6772,8057,7762,6962,7780,8224,17938,11026,7847,7047,7652,7640,7642,6655,8492,7043,8289,6374,6785,13733,6653,17941,6481,6933,13531,6651,6659,6951,7120,7648,6634,6369,6930,7030,6789,6478,6426,7851,7398,17945,17944,6661,6567,6937,6643,6657,11756,6391,6665,6774,7092,7279,8053,17942,13121,11634,7029,7094,6922,9284,6751,7426,6925,17940,8078,6663,8647,11033,6787,7102,6776,6667,7414,7604,7032],"class_list":{"0":"post-23863","1":"product","2":"type-product","3":"status-publish","4":"has-post-thumbnail","6":"product_brand-acs","7":"product_cat-pieces-adaptees-a-la-cocuisson-avec-de-largile-metallique","8":"product_cat-reglements-et-chatons","9":"product_tag-voici","10":"product_tag-6470","11":"product_tag-6476","12":"product_tag-a","13":"product_tag-acheter","14":"product_tag-action","15":"product_tag-almelo","16":"product_tag-amsterdam","17":"product_tag-anneau","18":"product_tag-anneaux","19":"product_tag-anvers","20":"product_tag-apeldoorn","21":"product_tag-argent","22":"product_tag-argile-2","23":"product_tag-argile-argentee","24":"product_tag-argile-metallique","25":"product_tag-argile-metallique-2","26":"product_tag-armoire-2","27":"product_tag-arnhem","28":"product_tag-assen","29":"product_tag-astuces","30":"product_tag-avantage","31":"product_tag-avantageux","32":"product_tag-belgique","33":"product_tag-bijoux","34":"product_tag-boite-de-reglage","35":"product_tag-bon-marche","36":"product_tag-boucle-doreille-2","37":"product_tag-boucles-doreilles","38":"product_tag-brabant","39":"product_tag-bracelet","40":"product_tag-brachelet","41":"product_tag-breloques-2","42":"product_tag-bricolage","43":"product_tag-bruxelles","44":"product_tag-camps","45":"product_tag-chaine","46":"product_tag-charme","47":"product_tag-chaton","48":"product_tag-coevorden","49":"product_tag-collier","50":"product_tag-collier-3","51":"product_tag-conseils","52":"product_tag-cubiczircone","53":"product_tag-cubique","54":"product_tag-degagement","55":"product_tag-delft","56":"product_tag-description-du-travail","57":"product_tag-diamant-2","58":"product_tag-diamants","59":"product_tag-drenthe","60":"product_tag-emmen","61":"product_tag-enschede","62":"product_tag-explication","63":"product_tag-faire","64":"product_tag-flevoland","65":"product_tag-franeker","66":"product_tag-frise","67":"product_tag-galet","68":"product_tag-galets","69":"product_tag-gentilhomme","70":"product_tag-grille","71":"product_tag-groningue","72":"product_tag-gueldre","73":"product_tag-heerenveen","74":"product_tag-hoogeveen","75":"product_tag-idees","76":"product_tag-largent-3","77":"product_tag-largent","78":"product_tag-leeuwarden","79":"product_tag-liege","80":"product_tag-limbourg","81":"product_tag-lunette","82":"product_tag-malleable","83":"product_tag-manuel","84":"product_tag-mettre","85":"product_tag-muiden","86":"product_tag-naarden","87":"product_tag-nord","88":"product_tag-offrir","89":"product_tag-ostende","90":"product_tag-ou","91":"product_tag-overijssel","92":"product_tag-pate-a-souder","93":"product_tag-pays-bas","94":"product_tag-pays-bas-2","95":"product_tag-pendentif","96":"product_tag-pendentif-2","97":"product_tag-pierre-2","98":"product_tag-pierre-3","99":"product_tag-pierre-a-souder","100":"product_tag-pierres","101":"product_tag-plaque-de-soudure","102":"product_tag-pmc","103":"product_tag-pont","104":"product_tag-pur","105":"product_tag-pur-3","106":"product_tag-reduction","107":"product_tag-reglage","108":"product_tag-rotterdam","109":"product_tag-soude","110":"product_tag-soudure","111":"product_tag-sud","112":"product_tag-torche","113":"product_tag-tube","114":"product_tag-utrecht","115":"product_tag-vasieres","116":"product_tag-vraiment","117":"product_tag-zelande","118":"product_tag-zetkast","119":"product_tag-zircone-2","120":"product_tag-zwolle","121":"product_shipping_class-standard","122":"pa_doorsnee-1-piece-pour-une-pierre-de-3-mm","123":"pa_doorsnee-1-piece-pour-une-pierre-de-4-mm","124":"pa_doorsnee-5-pieces-pour-une-pierre-de-3-mm","125":"pa_doorsnee-5-pieces-pour-une-pierre-de-4-mm","127":"first","128":"instock","129":"taxable","130":"shipping-taxable","131":"purchasable","132":"product-type-variable"},"acf":[],"_links":{"self":[{"href":"https:\/\/esquell.eu\/fr\/wp-json\/wp\/v2\/product\/23863","targetHints":{"allow":["GET"]}}],"collection":[{"href":"https:\/\/esquell.eu\/fr\/wp-json\/wp\/v2\/product"}],"about":[{"href":"https:\/\/esquell.eu\/fr\/wp-json\/wp\/v2\/types\/product"}],"replies":[{"embeddable":true,"href":"https:\/\/esquell.eu\/fr\/wp-json\/wp\/v2\/comments?post=23863"}],"wp:featuredmedia":[{"embeddable":true,"href":"https:\/\/esquell.eu\/fr\/wp-json\/wp\/v2\/media\/5813"}],"wp:attachment":[{"href":"https:\/\/esquell.eu\/fr\/wp-json\/wp\/v2\/media?parent=23863"}],"wp:term":[{"taxonomy":"more","embeddable":true,"href":"https:\/\/esquell.eu\/fr\/wp-json\/wp\/v2\/more?post=23863"},{"taxonomy":"product_brand","embeddable":true,"href":"https:\/\/esquell.eu\/fr\/wp-json\/wp\/v2\/product_brand?post=23863"},{"taxonomy":"product_cat","embeddable":true,"href":"https:\/\/esquell.eu\/fr\/wp-json\/wp\/v2\/product_cat?post=23863"},{"taxonomy":"product_tag","embeddable":true,"href":"https:\/\/esquell.eu\/fr\/wp-json\/wp\/v2\/product_tag?post=23863"}],"curies":[{"name":"wp","href":"https:\/\/api.w.org\/{rel}","templated":true}]}}