{"id":23801,"date":"2025-04-04T05:32:15","date_gmt":"2025-04-04T05:32:15","guid":{"rendered":"https:\/\/esquell.eu\/product\/chaton-round-stone-div-sizes-premium-k-0027k-0028k-0029k-0030\/"},"modified":"2026-03-23T20:17:14","modified_gmt":"2026-03-23T20:17:14","slug":"chaton-round-stone-div-sizes-premium-k-0027k-0028k-0029k-0030","status":"publish","type":"product","link":"https:\/\/esquell.eu\/fr\/produit\/chaton-round-stone-div-sizes-premium-k-0027k-0028k-0029k-0030\/","title":{"rendered":"Chaton Round Stone Div. sizes premium (K-0027,K-0028,K-0029,K-0030)"},"content":{"rendered":"<p>Remise sur volume par 5 pi\u00e8ces<\/p>\n<p>Exclusivit\u00e9 d&rsquo;Art Clay. Qualit\u00e9 sup\u00e9rieure <\/p>\n<p>Argent.<br \/>\nConvient \u00e0 la co-cuisson dans l&rsquo;argile argent\u00e9e<br \/>\nChaton\/ lunette\/ bo\u00eetier de sertissage pr\u00e9-frais\u00e9s. 2mm, 3mm, 4mm ou 5mm <\/p>\n<p>Convient \u00e0 la zircone, y compris. Pierres CZ, zircone cubique <\/p>\n","protected":false},"excerpt":{"rendered":"<p>Argent. Convient \u00e0 la co-cuisson dans l&rsquo;argile argent\u00e9e<br \/>\nChaton\/ lunette\/ bo\u00eetier de sertissage pr\u00e9-frais\u00e9s. 2mm, 3mm, 4mm, 5mm  <\/p>\n<p>Convient \u00e0 la zircone, y compris. Pierres CZ, zircone cubique <\/p>\n","protected":false},"featured_media":23802,"comment_status":"closed","ping_status":"closed","template":"","meta":{"_acf_changed":false,"_seopress_robots_primary_cat":"none","_seopress_titles_title":"","_seopress_titles_desc":"","_seopress_robots_index":""},"more":[],"product_brand":[6382],"product_cat":[10991,10990],"product_tag":[9296,9299,9303,7664,12038,6386,6378,6390,7567,17907,6376,7571,6393,6372,6658,7418,6480,6402,6796,6409,11289,11029,6706,11026,8318,6743,6374,6635,6401,7479,11079,6563,11031,6381,6369,6559,6400,7398,10255,7313,6652,17906,6636,6391,6644,17905,6428,7602,7420,7411,7426,8351,17904,7414,6482,7604],"class_list":{"0":"post-23801","1":"product","2":"type-product","3":"status-publish","4":"has-post-thumbnail","6":"product_brand-acs","7":"product_cat-pieces-adaptees-a-la-cocuisson-avec-de-largile-metallique","8":"product_cat-reglements-et-chatons","9":"product_tag-9296","10":"product_tag-9299","11":"product_tag-9303","12":"product_tag-7664","13":"product_tag-12038","14":"product_tag-aida","15":"product_tag-argile-metallique","16":"product_tag-argile-metallique-2","17":"product_tag-artclayacademy","18":"product_tag-artclayeurope","19":"product_tag-artclaysilver","20":"product_tag-artclayworld","21":"product_tag-belgique","22":"product_tag-bijoux","23":"product_tag-bijoux-en-argile","24":"product_tag-boite-de-reglage","25":"product_tag-boites-de-composition","26":"product_tag-bon-marche","27":"product_tag-boutique-en-ligne-2","28":"product_tag-bricolage","29":"product_tag-certifie-2","30":"product_tag-chatons","31":"product_tag-commerce-de-gros","32":"product_tag-cubique","33":"product_tag-cz","34":"product_tag-distributeur","35":"product_tag-faire","36":"product_tag-fournitures","37":"product_tag-france","38":"product_tag-france-2","39":"product_tag-incorpore","40":"product_tag-instructeurs","41":"product_tag-integration","42":"product_tag-japon","43":"product_tag-largent","44":"product_tag-lignes-dartisanat","45":"product_tag-luxembourg","46":"product_tag-mettre","47":"product_tag-mm","48":"product_tag-orfevre-2","49":"product_tag-orfevres","50":"product_tag-orfevres-boutique-en-ligne","51":"product_tag-outils","52":"product_tag-pays-bas","53":"product_tag-pieces","54":"product_tag-pieces-materiaux","55":"product_tag-pierre","56":"product_tag-pierres-precieuses","57":"product_tag-plateau-de-brassage","58":"product_tag-plateaux-de-composition","59":"product_tag-reglage","60":"product_tag-reglage-2","61":"product_tag-uk","62":"product_tag-zetkast","63":"product_tag-zircone","64":"product_tag-zircone-2","65":"product_shipping_class-standard","66":"pa_afmeting-2mm-1-piece","67":"pa_afmeting-2mm-5-pieces","68":"pa_afmeting-3mm-1-piece","69":"pa_afmeting-3mm-5-pieces","70":"pa_afmeting-4mm-1-piece","71":"pa_afmeting-4mm-5-pieces","72":"pa_afmeting-5mm-1-piece","73":"pa_afmeting-5mm-5-pieces","75":"first","76":"instock","77":"taxable","78":"shipping-taxable","79":"purchasable","80":"product-type-variable"},"acf":[],"_links":{"self":[{"href":"https:\/\/esquell.eu\/fr\/wp-json\/wp\/v2\/product\/23801","targetHints":{"allow":["GET"]}}],"collection":[{"href":"https:\/\/esquell.eu\/fr\/wp-json\/wp\/v2\/product"}],"about":[{"href":"https:\/\/esquell.eu\/fr\/wp-json\/wp\/v2\/types\/product"}],"replies":[{"embeddable":true,"href":"https:\/\/esquell.eu\/fr\/wp-json\/wp\/v2\/comments?post=23801"}],"wp:featuredmedia":[{"embeddable":true,"href":"https:\/\/esquell.eu\/fr\/wp-json\/wp\/v2\/media\/23802"}],"wp:attachment":[{"href":"https:\/\/esquell.eu\/fr\/wp-json\/wp\/v2\/media?parent=23801"}],"wp:term":[{"taxonomy":"more","embeddable":true,"href":"https:\/\/esquell.eu\/fr\/wp-json\/wp\/v2\/more?post=23801"},{"taxonomy":"product_brand","embeddable":true,"href":"https:\/\/esquell.eu\/fr\/wp-json\/wp\/v2\/product_brand?post=23801"},{"taxonomy":"product_cat","embeddable":true,"href":"https:\/\/esquell.eu\/fr\/wp-json\/wp\/v2\/product_cat?post=23801"},{"taxonomy":"product_tag","embeddable":true,"href":"https:\/\/esquell.eu\/fr\/wp-json\/wp\/v2\/product_tag?post=23801"}],"curies":[{"name":"wp","href":"https:\/\/api.w.org\/{rel}","templated":true}]}}