{"id":23730,"date":"2025-04-04T05:32:05","date_gmt":"2025-04-04T05:32:05","guid":{"rendered":"https:\/\/esquell.eu\/product\/capuchon-en-acier-inoxydable-perle-hypoallergenique-differentes-tailles-prix-emballe-par-10-pieces\/"},"modified":"2025-04-04T05:32:05","modified_gmt":"2025-04-04T05:32:05","slug":"capuchon-en-acier-inoxydable-perle-hypoallergenique-differentes-tailles-prix-emballe-par-10-pieces","status":"publish","type":"product","link":"https:\/\/esquell.eu\/fr\/produit\/capuchon-en-acier-inoxydable-perle-hypoallergenique-differentes-tailles-prix-emballe-par-10-pieces\/","title":{"rendered":"Capuchon en acier inoxydable perl\u00e9. Hypoallerg\u00e9nique. Diff\u00e9rentes tailles. Prix \/ emball\u00e9 par 10 pi\u00e8ces"},"content":{"rendered":"<div class=\"product-addition-content\">\n<p>Bouchons en acier inoxydable ronds et lisses. Couleur argent\u00e9e <\/p>\n<p>6mm (pour les perles de 6-7 mm)<\/p>\n<p>8mm (pour les perles de 8-9 mm)<\/p>\n<p>10mm (pour les perles de 10-12mm)<\/p>\n<p>L&rsquo;acier inoxydable ne provoque pas de r\u00e9action allergique. Les bijoux en acier inoxydable sont des bijoux parfaits car ils sont hypoallerg\u00e9niques, de sorte qu&rsquo;une r\u00e9action allergique se produit rarement. Il est \u00e9galement appel\u00e9 acier chirurgical ou acier inoxydable et est utilis\u00e9, par exemple, pour les boutons d&rsquo;ulc\u00e8re port\u00e9s apr\u00e8s les boucles d&rsquo;oreilles de tir. Les bijoux en acier inoxydable sont \u00e9galement appel\u00e9s bijoux m\u00e9dicaux.   <\/p>\n<\/div>\n","protected":false},"excerpt":{"rendered":"<p>Bouchons en acier inoxydable ronds et lisses. Couleur argent\u00e9e <\/p>\n<p>6mm (pour les perles de 6-7 mm)<\/p>\n<p>8mm (pour les perles de 8-9 mm)<\/p>\n<p>10mm (pour les perles de 10-12mm)<\/p>\n<p>L&rsquo;acier inoxydable ne provoque pas de r\u00e9action allergique. Les bijoux en acier inoxydable sont des bijoux parfaits car ils sont hypoallerg\u00e9niques, de sorte qu&rsquo;une r\u00e9action allergique se produit rarement. Il est \u00e9galement appel\u00e9 acier chirurgical ou acier inoxydable et est utilis\u00e9, par exemple, pour les boutons d&rsquo;ulc\u00e8re port\u00e9s apr\u00e8s les boucles d&rsquo;oreilles de tir. Les bijoux en acier inoxydable sont \u00e9galement appel\u00e9s bijoux m\u00e9dicaux.   <\/p>\n","protected":false},"featured_media":7818,"comment_status":"closed","ping_status":"closed","template":"","meta":{"_acf_changed":false,"_seopress_robots_primary_cat":"none","_seopress_titles_title":"","_seopress_titles_desc":"","_seopress_robots_index":""},"more":[],"product_brand":[6398],"product_cat":[11514],"product_tag":[6645,6646,13277,7409,10187,6847,16376,6945,12440,14166,17855,7024,7036,6923,6638,6947,6949,6372,6402,6641,7814,6958,6389,6941,7360,7582,6409,7770,16668,17723,16667,17856,8042,6794,8694,14177,6962,14290,6649,6655,8503,8509,8492,6647,7766,6374,6798,8505,6653,12024,6651,6659,17865,7120,12439,12006,6801,17863,13858,11992,17861,7981,6930,7026,6789,7042,7681,17867,6759,8701,7040,7278,13276,6661,6410,6567,13280,6643,6657,6391,6665,6966,8009,6927,14171,6925,12020,6805,6663,6787,6803,6807,6667,17859,7032],"class_list":{"0":"post-23730","1":"product","2":"type-product","3":"status-publish","4":"has-post-thumbnail","6":"product_brand-l1","7":"product_cat-perles","8":"product_tag-a","9":"product_tag-acheter","10":"product_tag-acier-3","11":"product_tag-acier","12":"product_tag-acier-2","13":"product_tag-acier-inoxydable","14":"product_tag-acier-inoxydable-4","15":"product_tag-alkmaar","16":"product_tag-allergene","17":"product_tag-allergique","18":"product_tag-allergique-2","19":"product_tag-almere","20":"product_tag-amersfoort","21":"product_tag-amsterdam","22":"product_tag-anneaux","23":"product_tag-arnhem","24":"product_tag-assen","25":"product_tag-bijoux","26":"product_tag-bon-marche","27":"product_tag-boucles-doreilles","28":"product_tag-boucles-doreilles-2","29":"product_tag-boutique","30":"product_tag-boutique-en-ligne","31":"product_tag-brabant","32":"product_tag-bracelets","33":"product_tag-breda","34":"product_tag-bricolage","35":"product_tag-camps","36":"product_tag-capuchon-2","37":"product_tag-capuchon-3","38":"product_tag-casquette-perlee","39":"product_tag-casquette-perlee-2","40":"product_tag-casquettes-perlees","41":"product_tag-chaine","42":"product_tag-chaines","43":"product_tag-chirurgicale","44":"product_tag-collier","45":"product_tag-colliers-2","46":"product_tag-commande","47":"product_tag-drenthe","48":"product_tag-dronten","49":"product_tag-emmeloord","50":"product_tag-emmen","51":"product_tag-en-ligne","52":"product_tag-etreilen","53":"product_tag-faire","54":"product_tag-faire-2","55":"product_tag-filetage","56":"product_tag-frise","57":"product_tag-gratuit-2","58":"product_tag-groningue","59":"product_tag-gueldre","60":"product_tag-hererenveen","61":"product_tag-hoogeveen","62":"product_tag-hypo","63":"product_tag-hypoallergenique","64":"product_tag-il","65":"product_tag-iles-wadden-2","66":"product_tag-inoxydable-2","67":"product_tag-inoxydable","68":"product_tag-largent-6","69":"product_tag-largent-4","70":"product_tag-leeuwarden","71":"product_tag-lelystad","72":"product_tag-limbourg","73":"product_tag-maastricht","74":"product_tag-magasin-de-perles","75":"product_tag-magasin-de-perles-2","76":"product_tag-metal","77":"product_tag-metal-3","78":"product_tag-middelburg","79":"product_tag-noble","80":"product_tag-non-2","81":"product_tag-nord","82":"product_tag-nouveau","83":"product_tag-offrir","84":"product_tag-oosterhout","85":"product_tag-ou","86":"product_tag-overijssel","87":"product_tag-pays-bas","88":"product_tag-pays-bas-2","89":"product_tag-perles-2","90":"product_tag-perles-3","91":"product_tag-plomb","92":"product_tag-reponse","93":"product_tag-rotterdam","94":"product_tag-rouille","95":"product_tag-soi","96":"product_tag-sud","97":"product_tag-utrecht","98":"product_tag-votre","99":"product_tag-vous-2","100":"product_tag-zelande","101":"product_tag-zilvertone","102":"product_tag-zwolle","103":"product_shipping_class-standard","105":"first","106":"instock","107":"taxable","108":"shipping-taxable","109":"purchasable","110":"product-type-variable"},"acf":[],"_links":{"self":[{"href":"https:\/\/esquell.eu\/fr\/wp-json\/wp\/v2\/product\/23730","targetHints":{"allow":["GET"]}}],"collection":[{"href":"https:\/\/esquell.eu\/fr\/wp-json\/wp\/v2\/product"}],"about":[{"href":"https:\/\/esquell.eu\/fr\/wp-json\/wp\/v2\/types\/product"}],"replies":[{"embeddable":true,"href":"https:\/\/esquell.eu\/fr\/wp-json\/wp\/v2\/comments?post=23730"}],"wp:featuredmedia":[{"embeddable":true,"href":"https:\/\/esquell.eu\/fr\/wp-json\/wp\/v2\/media\/7818"}],"wp:attachment":[{"href":"https:\/\/esquell.eu\/fr\/wp-json\/wp\/v2\/media?parent=23730"}],"wp:term":[{"taxonomy":"more","embeddable":true,"href":"https:\/\/esquell.eu\/fr\/wp-json\/wp\/v2\/more?post=23730"},{"taxonomy":"product_brand","embeddable":true,"href":"https:\/\/esquell.eu\/fr\/wp-json\/wp\/v2\/product_brand?post=23730"},{"taxonomy":"product_cat","embeddable":true,"href":"https:\/\/esquell.eu\/fr\/wp-json\/wp\/v2\/product_cat?post=23730"},{"taxonomy":"product_tag","embeddable":true,"href":"https:\/\/esquell.eu\/fr\/wp-json\/wp\/v2\/product_tag?post=23730"}],"curies":[{"name":"wp","href":"https:\/\/api.w.org\/{rel}","templated":true}]}}