{"id":23605,"date":"2025-04-04T05:37:11","date_gmt":"2025-04-04T05:37:11","guid":{"rendered":"https:\/\/esquell.eu\/product\/liquide-de-placage-ceramique-pour-elex-lite-diverses-couleurs-contenu-200ml\/"},"modified":"2025-04-04T05:37:11","modified_gmt":"2025-04-04T05:37:11","slug":"liquide-de-placage-ceramique-pour-elex-lite-diverses-couleurs-contenu-200ml","status":"publish","type":"product","link":"https:\/\/esquell.eu\/fr\/produit\/liquide-de-placage-ceramique-pour-elex-lite-diverses-couleurs-contenu-200ml\/","title":{"rendered":"Liquide de placage c\u00e9ramique pour Elex lite. Diverses couleurs Contenu 200ml"},"content":{"rendered":"<p>Placage c\u00e9ramique pour Elex lite. pour la couleur ou la protection contre le ternissement. <\/p>\n<p>Un rev\u00eatement anti-tarnish est un rev\u00eatement qui emp\u00eache les bijoux en argent de devenir ternes ou d\u00e9color\u00e9s\/noirs. Pour un rev\u00eatement anti-tarnish, optez pour le Ceramic Clear. <\/p>\n<p>Avec les autres couleurs, vous donnez \u00e0 l&rsquo;argent une couche de couleur c\u00e9ramique.<\/p>\n<p>Contenu 200 ml<\/p>\n","protected":false},"excerpt":{"rendered":"<p>Placage c\u00e9ramique pour Elex lite. pour la couleur ou la protection contre le ternissement. <\/p>\n<p>&nbsp;<\/p>\n<p>Un rev\u00eatement anti-tarnish est un rev\u00eatement qui emp\u00eache les bijoux en argent de devenir ternes ou d\u00e9color\u00e9s\/noirs. Pour un rev\u00eatement anti-tarnish, optez pour le Ceramic Clear. <\/p>\n<p>&nbsp;<\/p>\n<p>Avec les autres couleurs, vous donnez \u00e0 l&rsquo;argent une couche de couleur c\u00e9ramique.<\/p>\n<p>&nbsp;<\/p>\n<p>Contenu 200 ml<\/p>\n<p>&nbsp;<\/p>\n<p>&nbsp;<\/p>\n<p>&nbsp;<\/p>\n<p>&nbsp;<\/p>\n","protected":false},"featured_media":4113,"comment_status":"closed","ping_status":"closed","template":"","meta":{"_acf_changed":false,"_seopress_robots_primary_cat":"none","_seopress_titles_title":"","_seopress_titles_desc":"","_seopress_robots_index":""},"more":[],"product_brand":[6382],"product_cat":[6364],"product_tag":[6372,13362,10875,6520,10241,6369,6531,10224,13364],"class_list":{"0":"post-23605","1":"product","2":"type-product","3":"status-publish","4":"has-post-thumbnail","6":"product_brand-acs","7":"product_cat-materiel-supplementaire","8":"product_tag-bijoux","9":"product_tag-ceramique-5","10":"product_tag-ceramique-3","11":"product_tag-elex","12":"product_tag-faible","13":"product_tag-largent","14":"product_tag-machine","15":"product_tag-revetement","16":"product_tag-revetement-2","17":"product_shipping_class-standard","18":"pa_kleur-bleu-ceramique-f-1351","19":"pa_kleur-ceramic-brown-f-1373","20":"pa_kleur-ceramique-bleu-ciel-f-1371","21":"pa_kleur-ceramique-claire-f-1353","22":"pa_kleur-ceramique-or-f-1346","23":"pa_kleur-ceramique-rose-f-1369","24":"pa_kleur-noir-ceramique-f-2233","25":"pa_kleur-vert-ceramique-f-1372","26":"pa_kleur-violet-ceramique-f-1350","28":"first","29":"instock","30":"taxable","31":"shipping-taxable","32":"purchasable","33":"product-type-variable"},"acf":[],"_links":{"self":[{"href":"https:\/\/esquell.eu\/fr\/wp-json\/wp\/v2\/product\/23605","targetHints":{"allow":["GET"]}}],"collection":[{"href":"https:\/\/esquell.eu\/fr\/wp-json\/wp\/v2\/product"}],"about":[{"href":"https:\/\/esquell.eu\/fr\/wp-json\/wp\/v2\/types\/product"}],"replies":[{"embeddable":true,"href":"https:\/\/esquell.eu\/fr\/wp-json\/wp\/v2\/comments?post=23605"}],"wp:featuredmedia":[{"embeddable":true,"href":"https:\/\/esquell.eu\/fr\/wp-json\/wp\/v2\/media\/4113"}],"wp:attachment":[{"href":"https:\/\/esquell.eu\/fr\/wp-json\/wp\/v2\/media?parent=23605"}],"wp:term":[{"taxonomy":"more","embeddable":true,"href":"https:\/\/esquell.eu\/fr\/wp-json\/wp\/v2\/more?post=23605"},{"taxonomy":"product_brand","embeddable":true,"href":"https:\/\/esquell.eu\/fr\/wp-json\/wp\/v2\/product_brand?post=23605"},{"taxonomy":"product_cat","embeddable":true,"href":"https:\/\/esquell.eu\/fr\/wp-json\/wp\/v2\/product_cat?post=23605"},{"taxonomy":"product_tag","embeddable":true,"href":"https:\/\/esquell.eu\/fr\/wp-json\/wp\/v2\/product_tag?post=23605"}],"curies":[{"name":"wp","href":"https:\/\/api.w.org\/{rel}","templated":true}]}}