{"id":23557,"date":"2025-04-04T05:37:19","date_gmt":"2025-04-04T05:37:19","guid":{"rendered":"https:\/\/esquell.eu\/product\/papier-de-verre-autocollant-de-differentes-tailles-f-0617-0618-0619-0620\/"},"modified":"2025-04-04T05:37:19","modified_gmt":"2025-04-04T05:37:19","slug":"papier-de-verre-autocollant-de-differentes-tailles-f-0617-0618-0619-0620","status":"publish","type":"product","link":"https:\/\/esquell.eu\/fr\/produit\/papier-de-verre-autocollant-de-differentes-tailles-f-0617-0618-0619-0620\/","title":{"rendered":"Papier de verre autocollant de diff\u00e9rentes tailles. (F-0617, 0618, 0619, 0620)"},"content":{"rendered":"<p>Ces rouleaux de papier de verre autocollant sont id\u00e9aux pour un pon\u00e7age serr\u00e9.<br \/>\nVous pouvez attacher le papier \u00e0 un bloc de caoutchouc, un b\u00e2ton \u00e0 anneaux, un sac plat, le manche d&rsquo;une brosse \u00e0 polir, etc.<br \/>\nDisponible en 4 tailles.# 180 #240 #320 #400<\/p>\n","protected":false},"excerpt":{"rendered":"<p>Ces rouleaux de papier de verre autocollant sont id\u00e9aux pour un pon\u00e7age serr\u00e9. Vous pouvez attacher le papier \u00e0 un bloc de caoutchouc, un b\u00e2ton \u00e0 anneaux, un sac plat, le manche d&rsquo;une brosse \u00e0 polir, etc. Disponible en 4 tailles.# 180 #240 #320 #400<\/p>\n","protected":false},"featured_media":4111,"comment_status":"closed","ping_status":"closed","template":"","meta":{"_acf_changed":false,"_seopress_robots_primary_cat":"none","_seopress_titles_title":"","_seopress_titles_desc":"","_seopress_robots_index":""},"more":[],"product_brand":[6382],"product_cat":[7412,6366],"product_tag":[6470,6476,6645,17734,6646,6960,7016,6923,6638,6420,7028,6390,7588,6405,6376,17726,6565,17764,17750,6372,17757,17748,14883,6402,6958,6389,6941,6409,11335,13649,6819,11342,8226,6655,17652,6374,6798,17763,6815,6785,6653,6651,6659,7659,7662,6801,6369,6789,6426,7657,6661,6410,6643,6657,11371,6816,6665,7029,11628,7656,8861,8743,17766,11367,6805,6663,6787,6803,6408,6807,6667,17746],"class_list":{"0":"post-23557","1":"product","2":"type-product","3":"status-publish","4":"has-post-thumbnail","6":"product_brand-acs","7":"product_cat-outils-de-base","8":"product_cat-poncage-limage-et-polissage","9":"product_tag-6470","10":"product_tag-6476","11":"product_tag-a","12":"product_tag-abresif","13":"product_tag-acheter","14":"product_tag-amende","15":"product_tag-amende-2","16":"product_tag-amsterdam","17":"product_tag-anneaux","18":"product_tag-argile-bronze","19":"product_tag-argile-cuivreuse","20":"product_tag-argile-metallique-2","21":"product_tag-argile-metallique-3","22":"product_tag-artclay","23":"product_tag-artclaysilver","24":"product_tag-artclaysilverworld","25":"product_tag-atelier","26":"product_tag-autocollant","27":"product_tag-bande-abrasive","28":"product_tag-bijoux","29":"product_tag-bloc-de-caoutchouc","30":"product_tag-bloc-de-poncage","31":"product_tag-bloc-de-travail","32":"product_tag-bon-marche","33":"product_tag-boutique","34":"product_tag-boutique-en-ligne","35":"product_tag-brabant","36":"product_tag-bricolage","37":"product_tag-caoutchouc-2","38":"product_tag-cereales","39":"product_tag-cernit","40":"product_tag-contenu-2","41":"product_tag-cours","42":"product_tag-drenthe","43":"product_tag-empreinte-digitale-2","44":"product_tag-faire","45":"product_tag-faire-2","46":"product_tag-feuilles-abrasives","47":"product_tag-fimo","48":"product_tag-flevoland","49":"product_tag-frise","50":"product_tag-groningue","51":"product_tag-gueldre","52":"product_tag-hollande-du-nord","53":"product_tag-hollande-du-sud","54":"product_tag-il","55":"product_tag-largent","56":"product_tag-limbourg","57":"product_tag-malleable","58":"product_tag-nop","59":"product_tag-nord","60":"product_tag-nouveau","61":"product_tag-ou","62":"product_tag-overijssel","63":"product_tag-papier-de-verre","64":"product_tag-pate-polymere","65":"product_tag-pays-bas-2","66":"product_tag-pmc","67":"product_tag-polder","68":"product_tag-polder-du-nord-est","69":"product_tag-polissage","70":"product_tag-poncage","71":"product_tag-poncage-de-largile-argentee","72":"product_tag-premier","73":"product_tag-soi","74":"product_tag-sud","75":"product_tag-utrecht","76":"product_tag-votre","77":"product_tag-vous","78":"product_tag-vous-2","79":"product_tag-zelande","80":"product_tag-zilveklei-co-uk-boutique-dargenterie-artclay","81":"product_shipping_class-standard","82":"pa_korrel-grain-180","83":"pa_korrel-grain-240","84":"pa_korrel-grain-400","85":"pa_korrel-granulometrie-320","87":"first","88":"instock","89":"taxable","90":"shipping-taxable","91":"purchasable","92":"product-type-variable"},"acf":[],"_links":{"self":[{"href":"https:\/\/esquell.eu\/fr\/wp-json\/wp\/v2\/product\/23557","targetHints":{"allow":["GET"]}}],"collection":[{"href":"https:\/\/esquell.eu\/fr\/wp-json\/wp\/v2\/product"}],"about":[{"href":"https:\/\/esquell.eu\/fr\/wp-json\/wp\/v2\/types\/product"}],"replies":[{"embeddable":true,"href":"https:\/\/esquell.eu\/fr\/wp-json\/wp\/v2\/comments?post=23557"}],"wp:featuredmedia":[{"embeddable":true,"href":"https:\/\/esquell.eu\/fr\/wp-json\/wp\/v2\/media\/4111"}],"wp:attachment":[{"href":"https:\/\/esquell.eu\/fr\/wp-json\/wp\/v2\/media?parent=23557"}],"wp:term":[{"taxonomy":"more","embeddable":true,"href":"https:\/\/esquell.eu\/fr\/wp-json\/wp\/v2\/more?post=23557"},{"taxonomy":"product_brand","embeddable":true,"href":"https:\/\/esquell.eu\/fr\/wp-json\/wp\/v2\/product_brand?post=23557"},{"taxonomy":"product_cat","embeddable":true,"href":"https:\/\/esquell.eu\/fr\/wp-json\/wp\/v2\/product_cat?post=23557"},{"taxonomy":"product_tag","embeddable":true,"href":"https:\/\/esquell.eu\/fr\/wp-json\/wp\/v2\/product_tag?post=23557"}],"curies":[{"name":"wp","href":"https:\/\/api.w.org\/{rel}","templated":true}]}}