{"id":23458,"date":"2025-04-04T05:31:08","date_gmt":"2025-04-04T05:31:08","guid":{"rendered":"https:\/\/esquell.eu\/product\/seringue-clay-seringue-art-clay-silver-10-g-avec-0-1-ou-3-buses-za-0281\/"},"modified":"2026-01-10T14:30:05","modified_gmt":"2026-01-10T14:30:05","slug":"seringue-clay-seringue-art-clay-silver-10-g-avec-0-1-ou-3-buses-za-0281","status":"publish","type":"product","link":"https:\/\/esquell.eu\/fr\/produit\/seringue-clay-seringue-art-clay-silver-10-g-avec-0-1-ou-3-buses-za-0281\/","title":{"rendered":"Seringue Clay\/ Seringue Art Clay Silver 10 g avec 0, 1 ou 3 buses (ZA-0281)"},"content":{"rendered":"<p>La seringue \/ le spray d&rsquo;Art Clay peut \u00eatre utilis\u00e9 pour tracer des lignes fines et cr\u00e9er des motifs d\u00e9licats pour des pi\u00e8ces ajour\u00e9es. Comme la p\u00e2te, vous pouvez l&rsquo;attacher \u00e0 l&rsquo;argile, r\u00e9parer les fissures, etc. dans l&rsquo;argile et appliquer des motifs et de la texture.  <\/p>\n<p>Vous pouvez placer trois embouts diff\u00e9rents sur la seringue.<br \/>\nBleu = fin | Vert = moyen | Gris = \u00e9pais.<br \/>\nLes embouts peuvent \u00e9galement \u00eatre coup\u00e9s pour obtenir une ouverture encore plus grande ou de mani\u00e8re \u00e0 ce qu&rsquo;une ficelle d\u00e9form\u00e9e en sorte.<\/p>\n<p>Lorsque vous n&rsquo;utilisez pas la p\u00e2te \u00e0 pulv\u00e9riser avec la buse, mettez-la toujours dans un bol d&rsquo;eau.<br \/>\nCela \u00e9vite que la p\u00e2te contenue dans la buse ne s\u00e8che.<\/p>\n<p><a href=\"https:\/\/esquell.eu\/fr\/base-de-connaissances\/argile-dargent-art-clay-silver\/\">Base de connaissances \/ silver clay<\/a><\/p>\n","protected":false},"excerpt":{"rendered":"<p>Avec ce produit, une certaine quantit\u00e9 d&rsquo;eau est ajout\u00e9e au type d&rsquo;argile, bien malax\u00e9e, puis appliqu\u00e9e dans une seringue vide. Il permet de tracer des lignes fines et de cr\u00e9er des motifs d\u00e9licats pour les pi\u00e8ces ajour\u00e9es. Comme pour la p\u00e2te, vous pouvez l&rsquo;attacher \u00e0 l&rsquo;argile, r\u00e9parer les fissures, etc. dans l&rsquo;argile et appliquer des motifs et de la texture.   <\/p>\n<p>Vous pouvez placer trois embouts diff\u00e9rents sur la seringue.<br \/>\nBleu = fin | Vert = moyen | Gris = \u00e9pais.<br \/>\nLes embouts peuvent \u00e9galement \u00eatre coup\u00e9s pour obtenir une ouverture encore plus grande ou de mani\u00e8re \u00e0 ce qu&rsquo;une ficelle d\u00e9form\u00e9e en sorte.<\/p>\n<p style=\"text-align: justify;\">Lorsque vous n&rsquo;utilisez pas la p\u00e2te \u00e0 pulv\u00e9riser avec la buse, mettez-la toujours dans un bol d&rsquo;eau.<br \/>\nCela \u00e9vite que la p\u00e2te contenue dans la buse ne s\u00e8che.<\/p>\n","protected":false},"featured_media":23468,"comment_status":"closed","ping_status":"closed","template":"","meta":{"_acf_changed":false,"_seopress_robots_primary_cat":"none","_seopress_titles_title":"","_seopress_titles_desc":"","_seopress_robots_index":""},"more":[],"product_brand":[6382],"product_cat":[6427],"product_tag":[6470,6477,6476,6645,6646,7647,6960,7016,6638,8329,8589,7590,6404,6780,7588,7632,6405,6565,6372,7578,7592,7598,7636,8350,6641,6796,8324,8355,6792,8368,7582,6716,8340,6409,8358,8592,7586,7634,6794,8334,6772,11624,6962,7600,7640,7642,6655,6374,6798,7594,6785,6653,6651,6659,7659,7662,6801,7645,6369,6550,6634,6789,8363,6708,7398,7657,6661,6652,6643,6657,7584,6665,6774,7092,8345,6485,6428,7602,7029,7656,7644,6778,7580,7649,6782,7964,6805,6964,7606,6663,7638,7655,7651,7596,6787,7102,7055,7653,6803,6807,6776,6667,6482,7604],"class_list":{"0":"post-23458","1":"product","2":"type-product","3":"status-publish","4":"has-post-thumbnail","6":"product_brand-acs","7":"product_cat-argile-dargent-art-clay-silver","8":"product_tag-6470","9":"product_tag-6477","10":"product_tag-6476","11":"product_tag-a","12":"product_tag-acheter","13":"product_tag-ameland","14":"product_tag-amende","15":"product_tag-amende-2","16":"product_tag-anneaux","17":"product_tag-argent-fin","18":"product_tag-argent-fin-2","19":"product_tag-argent-malleable-2","20":"product_tag-argile-argentee","21":"product_tag-argile-en-spray","22":"product_tag-argile-metallique-3","23":"product_tag-argile-metallique-4","24":"product_tag-artclay","25":"product_tag-atelier","26":"product_tag-bijoux","27":"product_tag-bijoux-commemoratifs","28":"product_tag-bijoux-en-argent","29":"product_tag-bijoux-en-frene","30":"product_tag-bijoux-en-frene-2","31":"product_tag-boucle-doreille","32":"product_tag-boucles-doreilles","33":"product_tag-boutique-en-ligne-2","34":"product_tag-boutique-boutique","35":"product_tag-bouton-doreille","36":"product_tag-bracelet","37":"product_tag-brachelet","38":"product_tag-breda","39":"product_tag-breloques","40":"product_tag-breloques-3","41":"product_tag-bricolage","42":"product_tag-broche-2","43":"product_tag-broche-3","44":"product_tag-buse","45":"product_tag-buse-2","46":"product_tag-chaine","47":"product_tag-chaine-2","48":"product_tag-charme","49":"product_tag-coin-arriere","50":"product_tag-collier","51":"product_tag-confirmer","52":"product_tag-diamant-2","53":"product_tag-diamants","54":"product_tag-drenthe","55":"product_tag-faire","56":"product_tag-faire-2","57":"product_tag-filigrane","58":"product_tag-flevoland","59":"product_tag-frise","60":"product_tag-groningue","61":"product_tag-gueldre","62":"product_tag-hollande-du-nord","63":"product_tag-hollande-du-sud","64":"product_tag-il","65":"product_tag-iles","66":"product_tag-largent","67":"product_tag-largent-2","68":"product_tag-largent-3","69":"product_tag-limbourg","70":"product_tag-manchette","71":"product_tag-mercerie","72":"product_tag-mettre","73":"product_tag-nop","74":"product_tag-nord","75":"product_tag-orfevres","76":"product_tag-ou","77":"product_tag-overijssel","78":"product_tag-pate-a-pulveriser","79":"product_tag-pays-bas-2","80":"product_tag-pendentif","81":"product_tag-pendentif-2","82":"product_tag-pendentifs-2","83":"product_tag-perles","84":"product_tag-pierre","85":"product_tag-pierres-precieuses","86":"product_tag-pmc","87":"product_tag-polder-du-nord-est","88":"product_tag-poli","89":"product_tag-reel","90":"product_tag-reparation-2","91":"product_tag-schiermoninkoog","92":"product_tag-seringue","93":"product_tag-site-web","94":"product_tag-soi","95":"product_tag-sollid","96":"product_tag-strass","97":"product_tag-sud","98":"product_tag-swarovski","99":"product_tag-terschelling","100":"product_tag-texel","101":"product_tag-travail-ouvert","102":"product_tag-utrecht","103":"product_tag-vasieres","104":"product_tag-verre","105":"product_tag-vlieland","106":"product_tag-votre","107":"product_tag-vous-2","108":"product_tag-vraiment","109":"product_tag-zelande","110":"product_tag-zircone","111":"product_tag-zircone-2","112":"product_shipping_class-standard","113":"pa_hoeveelheid-1-buse","114":"pa_hoeveelheid-3-buses","115":"pa_hoeveelheid-pas-de-buses","117":"first","118":"instock","119":"taxable","120":"shipping-taxable","121":"purchasable","122":"product-type-variable"},"acf":[],"_links":{"self":[{"href":"https:\/\/esquell.eu\/fr\/wp-json\/wp\/v2\/product\/23458","targetHints":{"allow":["GET"]}}],"collection":[{"href":"https:\/\/esquell.eu\/fr\/wp-json\/wp\/v2\/product"}],"about":[{"href":"https:\/\/esquell.eu\/fr\/wp-json\/wp\/v2\/types\/product"}],"replies":[{"embeddable":true,"href":"https:\/\/esquell.eu\/fr\/wp-json\/wp\/v2\/comments?post=23458"}],"wp:featuredmedia":[{"embeddable":true,"href":"https:\/\/esquell.eu\/fr\/wp-json\/wp\/v2\/media\/23468"}],"wp:attachment":[{"href":"https:\/\/esquell.eu\/fr\/wp-json\/wp\/v2\/media?parent=23458"}],"wp:term":[{"taxonomy":"more","embeddable":true,"href":"https:\/\/esquell.eu\/fr\/wp-json\/wp\/v2\/more?post=23458"},{"taxonomy":"product_brand","embeddable":true,"href":"https:\/\/esquell.eu\/fr\/wp-json\/wp\/v2\/product_brand?post=23458"},{"taxonomy":"product_cat","embeddable":true,"href":"https:\/\/esquell.eu\/fr\/wp-json\/wp\/v2\/product_cat?post=23458"},{"taxonomy":"product_tag","embeddable":true,"href":"https:\/\/esquell.eu\/fr\/wp-json\/wp\/v2\/product_tag?post=23458"}],"curies":[{"name":"wp","href":"https:\/\/api.w.org\/{rel}","templated":true}]}}