{"id":23441,"date":"2025-04-04T05:31:08","date_gmt":"2025-04-04T05:31:08","guid":{"rendered":"https:\/\/esquell.eu\/product\/boites-a-bijoux-noir-differentes-tailles\/"},"modified":"2025-04-04T05:31:08","modified_gmt":"2025-04-04T05:31:08","slug":"boites-a-bijoux-noir-differentes-tailles","status":"publish","type":"product","link":"https:\/\/esquell.eu\/fr\/produit\/boites-a-bijoux-noir-differentes-tailles\/","title":{"rendered":"Bo\u00eetes \u00e0 bijoux Noir Diff\u00e9rentes tailles"},"content":{"rendered":"<p>Bo\u00eete \u00e0 bijoux<\/p>\n<p>Noire<\/p>\n<p>Diff\u00e9rentes tailles.<\/p>\n<p>Avec coussin<\/p>\n<p>Les bo\u00eetes \u00e0 couches conviennent \u00e9galement comme bo\u00eetes d&rsquo;exp\u00e9dition.<\/p>\n","protected":false},"excerpt":{"rendered":"<p>Bo\u00eete \u00e0 bijoux<\/p>\n<p>Noire<\/p>\n<p>Diff\u00e9rentes tailles.<\/p>\n<p>Avec coussin<\/p>\n<p>Les bo\u00eetes \u00e0 couches conviennent \u00e9galement comme bo\u00eetes d&rsquo;exp\u00e9dition.<\/p>\n","protected":false},"featured_media":23442,"comment_status":"closed","ping_status":"closed","template":"","meta":{"_acf_changed":false,"_seopress_robots_primary_cat":"none","_seopress_titles_title":"","_seopress_titles_desc":"","_seopress_robots_index":""},"more":[],"product_brand":[6363],"product_cat":[6364],"product_tag":[6645,7760,6646,6939,6638,6372,6642,17608,17607,17606,6641,6389,6792,6962,6649,6706,6569,6647,6724,6643,7506],"class_list":{"0":"post-23441","1":"product","2":"type-product","3":"status-publish","4":"has-post-thumbnail","6":"product_brand-bm","7":"product_cat-materiel-supplementaire","8":"product_tag-a","9":"product_tag-achats-2","10":"product_tag-acheter","11":"product_tag-acheter-2","12":"product_tag-anneaux","13":"product_tag-bijoux","14":"product_tag-bijoux-2","15":"product_tag-boite-a-bijoux","16":"product_tag-boite-aux-lettres","17":"product_tag-boite-dexpedition","18":"product_tag-boucles-doreilles","19":"product_tag-boutique-en-ligne","20":"product_tag-bracelet","21":"product_tag-collier","22":"product_tag-commande","23":"product_tag-commerce-de-gros","24":"product_tag-emballage","25":"product_tag-en-ligne","26":"product_tag-envoyer","27":"product_tag-ou","28":"product_tag-pour","29":"product_shipping_class-standard","30":"pa_afmeting-505020-mm","31":"pa_afmeting-17605","32":"pa_afmeting-17604","33":"pa_afmeting-858525-mm","35":"first","36":"instock","37":"taxable","38":"shipping-taxable","39":"purchasable","40":"product-type-variable"},"acf":[],"_links":{"self":[{"href":"https:\/\/esquell.eu\/fr\/wp-json\/wp\/v2\/product\/23441","targetHints":{"allow":["GET"]}}],"collection":[{"href":"https:\/\/esquell.eu\/fr\/wp-json\/wp\/v2\/product"}],"about":[{"href":"https:\/\/esquell.eu\/fr\/wp-json\/wp\/v2\/types\/product"}],"replies":[{"embeddable":true,"href":"https:\/\/esquell.eu\/fr\/wp-json\/wp\/v2\/comments?post=23441"}],"wp:featuredmedia":[{"embeddable":true,"href":"https:\/\/esquell.eu\/fr\/wp-json\/wp\/v2\/media\/23442"}],"wp:attachment":[{"href":"https:\/\/esquell.eu\/fr\/wp-json\/wp\/v2\/media?parent=23441"}],"wp:term":[{"taxonomy":"more","embeddable":true,"href":"https:\/\/esquell.eu\/fr\/wp-json\/wp\/v2\/more?post=23441"},{"taxonomy":"product_brand","embeddable":true,"href":"https:\/\/esquell.eu\/fr\/wp-json\/wp\/v2\/product_brand?post=23441"},{"taxonomy":"product_cat","embeddable":true,"href":"https:\/\/esquell.eu\/fr\/wp-json\/wp\/v2\/product_cat?post=23441"},{"taxonomy":"product_tag","embeddable":true,"href":"https:\/\/esquell.eu\/fr\/wp-json\/wp\/v2\/product_tag?post=23441"}],"curies":[{"name":"wp","href":"https:\/\/api.w.org\/{rel}","templated":true}]}}