{"id":23406,"date":"2025-04-04T05:31:08","date_gmt":"2025-04-04T05:31:08","guid":{"rendered":"https:\/\/esquell.eu\/product\/compose-anti-retrecissement-pour-largile-metallique-argile-argentee-differents-contenus\/"},"modified":"2025-04-04T05:31:08","modified_gmt":"2025-04-04T05:31:08","slug":"compose-anti-retrecissement-pour-largile-metallique-argile-dargent-differents-contenus","status":"publish","type":"product","link":"https:\/\/esquell.eu\/fr\/produit\/compose-anti-retrecissement-pour-largile-metallique-argile-dargent-differents-contenus\/","title":{"rendered":"Compos\u00e9 anti-r\u00e9tr\u00e9cissement pour l&rsquo;argile m\u00e9tallique \/ argile argent\u00e9e Diff\u00e9rents contenus"},"content":{"rendered":"<p>Ce compos\u00e9 anti-retrait convient, entre autres, au sertissage de pierres irr\u00e9guli\u00e8res et de pierres pour lesquelles un sertissage organique est souhait\u00e9.<\/p>\n<p>R\u00e9sistant \u00e0 des temp\u00e9ratures allant jusqu&rsquo;\u00e0 900 degr\u00e9s Celsius<\/p>\n<p>Le compos\u00e9 emp\u00eache le retrait de l&rsquo;argile \u00e0 l&rsquo;endroit o\u00f9 les briques\/pierres doivent \u00eatre plac\u00e9es.<\/p>\n<p>Le compos\u00e9 est fabriqu\u00e9 \u00e0 partir de mat\u00e9riaux naturels et son utilisation est totalement s\u00fbre.<\/p>\n<p>Utilisez les pierres d&rsquo;origine pour former les plateaux de sertissage et de sertissage en argile m\u00e9tallique\/arguile d&rsquo;argent.<br \/>\nLaissez s\u00e9cher et retirez les pierres avant de proc\u00e9der \u00e0 la cuisson.<\/p>\n<p>M\u00e9langez le compos\u00e9 avec quelques gouttes d&rsquo;eau jusqu&rsquo;\u00e0 ce que vous puissiez le p\u00e9trir, comme une p\u00e2te.<\/p>\n<p>Remplissez l&#8217;emplacement vide r\u00e9sultant avec le compos\u00e9.<\/p>\n<p>Veillez \u00e0 ce que toute la cavit\u00e9 soit bien remplie et \u00e0 ce que la p\u00e2te soit bien s\u00e8che avant la cuisson.<\/p>\n<p>Faites cuire comme d&rsquo;habitude.<\/p>\n<p><a href=\"https:\/\/esquell.eu\/de\/kennisbank\/unregelmaessige-steine-setzen\/\">Plus d&rsquo;informations ici<\/a><\/p>\n<p>&nbsp;<\/p>\n<p><img alt=\"\" loading=\"lazy\" decoding=\"async\" class=\"alignnone wp-image-3870\" src=\"https:\/\/esquell.eu\/app\/uploads\/2025\/04\/anti-krimp-300x113.png\" alt=\"\" width=\"400\" height=\"150\" srcset=\"https:\/\/esquell.eu\/app\/uploads\/2025\/04\/anti-krimp-300x113.png 300w, https:\/\/esquell.eu\/app\/uploads\/2025\/04\/anti-krimp-1024x384.png 1024w, https:\/\/esquell.eu\/app\/uploads\/2025\/04\/anti-krimp-768x288.png 768w, https:\/\/esquell.eu\/app\/uploads\/2025\/04\/anti-krimp-600x225.png 600w, https:\/\/esquell.eu\/app\/uploads\/2025\/04\/anti-krimp.png 1500w\" sizes=\"auto, (max-width: 400px) 100vw, 400px\" \/> <img alt=\"\" loading=\"lazy\" decoding=\"async\" class=\"alignnone wp-image-3869\" src=\"https:\/\/esquell.eu\/app\/uploads\/2025\/04\/anti-krimp-2-300x113.png\" alt=\"\" width=\"400\" height=\"150\" srcset=\"https:\/\/esquell.eu\/app\/uploads\/2025\/04\/anti-krimp-2-300x113.png 300w, https:\/\/esquell.eu\/app\/uploads\/2025\/04\/anti-krimp-2-1024x384.png 1024w, https:\/\/esquell.eu\/app\/uploads\/2025\/04\/anti-krimp-2-768x288.png 768w, https:\/\/esquell.eu\/app\/uploads\/2025\/04\/anti-krimp-2-600x225.png 600w, https:\/\/esquell.eu\/app\/uploads\/2025\/04\/anti-krimp-2.png 1500w\" sizes=\"auto, (max-width: 400px) 100vw, 400px\" \/><\/p>\n","protected":false},"excerpt":{"rendered":"<p>Contenu divers<\/p>\n<p>Ce compos\u00e9 anti-retrait convient, entre autres, au sertissage de pierres irr\u00e9guli\u00e8res et de pierres pour lesquelles un sertissage organique est souhait\u00e9.  <\/p>\n<p>R\u00e9sistant \u00e0 des temp\u00e9ratures allant jusqu&rsquo;\u00e0 900 degr\u00e9s Celsius  <\/p>\n<\/p>\n<p>Le compos\u00e9 emp\u00eache le retrait de l&rsquo;argile \u00e0 l&rsquo;endroit o\u00f9 les briques\/pierres doivent \u00eatre plac\u00e9es.<\/p>\n<p>Le compos\u00e9 est fabriqu\u00e9 \u00e0 partir de mat\u00e9riaux naturels et son utilisation est totalement s\u00fbre.<\/p>\n<p><\/p>\n<p>Mode d&#8217;emploi. ( voir aussi la photo 2) <\/p>\n<p>Utilisation des pierres d&rsquo;origine pour former la monture et les plateaux de sertissage en argile m\u00e9tallique\/arguile d&rsquo;argent.  <br \/>Laissez s\u00e9cher et retirez les pierres avant la cuisson.  <\/p>\n<p>M\u00e9langez le compos\u00e9 avec quelques gouttes d&rsquo;eau jusqu&rsquo;\u00e0 ce que vous puissiez le p\u00e9trir, comme une p\u00e2te.<\/p>\n<p>  Remplissez l&#8217;emplacement vide r\u00e9sultant avec le compos\u00e9.  <\/p>\n<p>Veillez \u00e0 ce que toute la cavit\u00e9 soit bien remplie.  <\/p>\n<p>Faites cuire comme d&rsquo;habitude.<\/p>\n<p><\/p>\n<p>Retirez-les apr\u00e8s la cuisson.  <\/p>\n<p>Placez la pi\u00e8ce cuite dans l&rsquo;eau pendant 5 minutes. Cela ramollira le compos\u00e9 et le rendra plus facile \u00e0 enlever. S&rsquo;il reste des r\u00e9sidus inattendus, vous pouvez les enlever \u00e0 l&rsquo;aide d&rsquo;un dremel ou d&rsquo;un outil similaire.    <\/p>\n<p><\/p>\n<p>Si vous ne souhaitez pas utiliser un dremel ou un outil similaire, la m\u00e9thode ci-dessous fonctionne \u00e9galement :  <\/p>\n<p> <span><span>Mettre dans le borax et bien recuire, puis remettre \u00e0 chaud dans le borax et recuire \u00e0 nouveau.<\/span><\/span> <\/p>\n<p><\/p>\n<p><\/p>\n<p><\/p>\n","protected":false},"featured_media":3875,"comment_status":"closed","ping_status":"closed","template":"","meta":{"_acf_changed":false,"_seopress_robots_primary_cat":"none","_seopress_titles_title":"","_seopress_titles_desc":"","_seopress_robots_index":""},"more":[],"product_brand":[],"product_cat":[7504,6364,7412],"product_tag":[17568,6473,6404,7500,6390,6376,6372,8288,13730,14559,6374,17586,17589,7031,17578,10552,17576,11575,17591,8638,17579,15051,17590],"class_list":{"0":"post-23406","1":"product","2":"type-product","3":"status-publish","4":"has-post-thumbnail","6":"product_cat-argile","7":"product_cat-materiel-supplementaire","8":"product_cat-outils-de-base","9":"product_tag-anit","10":"product_tag-argile-2","11":"product_tag-argile-argentee","12":"product_tag-argile-argentee-3","13":"product_tag-argile-metallique-2","14":"product_tag-artclaysilver","15":"product_tag-bijoux","16":"product_tag-cire","17":"product_tag-clie-metallique","18":"product_tag-compose","19":"product_tag-faire","20":"product_tag-fourmi","21":"product_tag-i-retrecissement","22":"product_tag-metal-2","23":"product_tag-moulage","24":"product_tag-moule-3","25":"product_tag-organique-2","26":"product_tag-organique","27":"product_tag-pour-2","28":"product_tag-retrecissement","29":"product_tag-retrecissement-2","30":"product_tag-sculpture","31":"product_tag-sculpture-sur-cire","32":"product_shipping_class-standard","33":"pa_gram-100_grammes","34":"pa_gram-250_grammes","36":"first","37":"instock","38":"taxable","39":"shipping-taxable","40":"purchasable","41":"product-type-variable"},"acf":[],"_links":{"self":[{"href":"https:\/\/esquell.eu\/fr\/wp-json\/wp\/v2\/product\/23406","targetHints":{"allow":["GET"]}}],"collection":[{"href":"https:\/\/esquell.eu\/fr\/wp-json\/wp\/v2\/product"}],"about":[{"href":"https:\/\/esquell.eu\/fr\/wp-json\/wp\/v2\/types\/product"}],"replies":[{"embeddable":true,"href":"https:\/\/esquell.eu\/fr\/wp-json\/wp\/v2\/comments?post=23406"}],"wp:featuredmedia":[{"embeddable":true,"href":"https:\/\/esquell.eu\/fr\/wp-json\/wp\/v2\/media\/3875"}],"wp:attachment":[{"href":"https:\/\/esquell.eu\/fr\/wp-json\/wp\/v2\/media?parent=23406"}],"wp:term":[{"taxonomy":"more","embeddable":true,"href":"https:\/\/esquell.eu\/fr\/wp-json\/wp\/v2\/more?post=23406"},{"taxonomy":"product_brand","embeddable":true,"href":"https:\/\/esquell.eu\/fr\/wp-json\/wp\/v2\/product_brand?post=23406"},{"taxonomy":"product_cat","embeddable":true,"href":"https:\/\/esquell.eu\/fr\/wp-json\/wp\/v2\/product_cat?post=23406"},{"taxonomy":"product_tag","embeddable":true,"href":"https:\/\/esquell.eu\/fr\/wp-json\/wp\/v2\/product_tag?post=23406"}],"curies":[{"name":"wp","href":"https:\/\/api.w.org\/{rel}","templated":true}]}}