{"id":23354,"date":"2025-04-03T09:29:21","date_gmt":"2025-04-03T09:29:21","guid":{"rendered":"https:\/\/esquell.eu\/product\/lustre-template-pe1010\/"},"modified":"2025-04-03T09:29:21","modified_gmt":"2025-04-03T09:29:21","slug":"lustre-template-pe1010","status":"publish","type":"product","link":"https:\/\/esquell.eu\/fr\/produit\/lustre-template-pe1010\/","title":{"rendered":"Lustre Template PE1010"},"content":{"rendered":"<p>Gabarit Pam East . Gabarit pour la fabrication de bijoux. Transparent, il est facile \u00e0 utiliser et \u00e0 positionner. Utilisez un stylo \u00e0 aiguille pour le d\u00e9coupage. Vous obtiendrez ainsi les meilleurs r\u00e9sultats.    <\/p>\n<p>Gabarit : 100 x 150mm<br \/>\nForme la plus \u00e9troite : 5 x 7mm<br \/>\nForme la plus grande : 25 x 50 mm<\/p>\n<p>&nbsp;<\/p>\n","protected":false},"excerpt":{"rendered":"<p>&nbsp;<\/p>\n<p>Gabarit Pam East . Gabarit pour la fabrication de bijoux. Transparent, il est facile \u00e0 utiliser et \u00e0 positionner. Utilisez un stylo \u00e0 aiguille pour le d\u00e9coupage. Vous obtiendrez ainsi les meilleurs r\u00e9sultats.    <\/p>\n","protected":false},"featured_media":5589,"comment_status":"closed","ping_status":"closed","template":"","meta":{"_acf_changed":false,"_seopress_robots_primary_cat":"none","_seopress_titles_title":"","_seopress_titles_desc":"","_seopress_robots_index":""},"more":[],"product_brand":[10590],"product_cat":[11334],"product_tag":[6645,7760,6646,6386,12032,6388,6404,6378,6390,6405,6376,13147,6393,6396,6372,6642,7477,7654,6658,7272,7418,6402,6389,6796,6819,8057,7188,9480,13149,13151,6649,6706,11842,7245,8457,13146,11026,15359,9997,6743,6647,10080,6815,6849,6401,9392,13119,6381,9459,6559,6478,6400,6656,11336,16904,8747,15360,13156,6567,6643,15357,15152,6391,13127,13121,7420,7506,13125,13126,7426,13118,13120,11519,9488,13143,15333,7266,10802,9467,13145,7604],"class_list":{"0":"post-23354","1":"product","2":"type-product","3":"status-publish","4":"has-post-thumbnail","6":"product_brand-pameast","7":"product_cat-gabarits-pour-la-fabrication-de-bijoux","8":"product_tag-a","9":"product_tag-achats-2","10":"product_tag-acheter","11":"product_tag-aida","12":"product_tag-ambre-2","13":"product_tag-argile","14":"product_tag-argile-argentee","15":"product_tag-argile-metallique","16":"product_tag-argile-metallique-2","17":"product_tag-artclay","18":"product_tag-artclaysilver","19":"product_tag-beaucoup","20":"product_tag-belgique","21":"product_tag-belgique-2","22":"product_tag-bijoux","23":"product_tag-bijoux-2","24":"product_tag-bijoux-4","25":"product_tag-bijoux-5","26":"product_tag-bijoux-en-argile","27":"product_tag-bleu-2","28":"product_tag-boite-de-reglage","29":"product_tag-bon-marche","30":"product_tag-boutique-en-ligne","31":"product_tag-boutique-en-ligne-2","32":"product_tag-cernit","33":"product_tag-chaton","34":"product_tag-clair","35":"product_tag-clair-2","36":"product_tag-colliers","37":"product_tag-collor","38":"product_tag-commande","39":"product_tag-commerce-de-gros","40":"product_tag-couleur","41":"product_tag-couleurs","42":"product_tag-couper","43":"product_tag-couper-4","44":"product_tag-cubique","45":"product_tag-cubique-3","46":"product_tag-daimond","47":"product_tag-distributeur","48":"product_tag-en-ligne","49":"product_tag-fabrication-de-bijoux-2","50":"product_tag-fimo","51":"product_tag-formulaires","52":"product_tag-france","53":"product_tag-gamme","54":"product_tag-grand-2","55":"product_tag-japon","56":"product_tag-jaune-2","57":"product_tag-lignes-dartisanat","58":"product_tag-lunette","59":"product_tag-luxembourg","60":"product_tag-luxembourg-2","61":"product_tag-modele","62":"product_tag-modele-3","63":"product_tag-modeles","64":"product_tag-modeles-3","65":"product_tag-mulit","66":"product_tag-offrir","67":"product_tag-ou","68":"product_tag-ovale-3","69":"product_tag-paris","70":"product_tag-pays-bas","71":"product_tag-pierre-precieuse-2","72":"product_tag-pierres","73":"product_tag-plateau-de-brassage","74":"product_tag-pour","75":"product_tag-pyramide","76":"product_tag-qui","77":"product_tag-reglage","78":"product_tag-rio","79":"product_tag-riogrande","80":"product_tag-ronde-2","81":"product_tag-rouge-2","82":"product_tag-saphir","83":"product_tag-synthetique-3","84":"product_tag-transparent","85":"product_tag-verre-2","86":"product_tag-vert-2","87":"product_tag-zircon","88":"product_tag-zircone-2","89":"product_shipping_class-standard","91":"first","92":"outofstock","93":"taxable","94":"shipping-taxable","95":"purchasable","96":"product-type-simple"},"acf":[],"_links":{"self":[{"href":"https:\/\/esquell.eu\/fr\/wp-json\/wp\/v2\/product\/23354","targetHints":{"allow":["GET"]}}],"collection":[{"href":"https:\/\/esquell.eu\/fr\/wp-json\/wp\/v2\/product"}],"about":[{"href":"https:\/\/esquell.eu\/fr\/wp-json\/wp\/v2\/types\/product"}],"replies":[{"embeddable":true,"href":"https:\/\/esquell.eu\/fr\/wp-json\/wp\/v2\/comments?post=23354"}],"wp:featuredmedia":[{"embeddable":true,"href":"https:\/\/esquell.eu\/fr\/wp-json\/wp\/v2\/media\/5589"}],"wp:attachment":[{"href":"https:\/\/esquell.eu\/fr\/wp-json\/wp\/v2\/media?parent=23354"}],"wp:term":[{"taxonomy":"more","embeddable":true,"href":"https:\/\/esquell.eu\/fr\/wp-json\/wp\/v2\/more?post=23354"},{"taxonomy":"product_brand","embeddable":true,"href":"https:\/\/esquell.eu\/fr\/wp-json\/wp\/v2\/product_brand?post=23354"},{"taxonomy":"product_cat","embeddable":true,"href":"https:\/\/esquell.eu\/fr\/wp-json\/wp\/v2\/product_cat?post=23354"},{"taxonomy":"product_tag","embeddable":true,"href":"https:\/\/esquell.eu\/fr\/wp-json\/wp\/v2\/product_tag?post=23354"}],"curies":[{"name":"wp","href":"https:\/\/api.w.org\/{rel}","templated":true}]}}