{"id":23340,"date":"2025-04-03T09:29:21","date_gmt":"2025-04-03T09:29:21","guid":{"rendered":"https:\/\/esquell.eu\/product\/gabarit-modele-ovale-ondule\/"},"modified":"2025-04-03T09:29:21","modified_gmt":"2025-04-03T09:29:21","slug":"gabarit-modele-ovale-ondule","status":"publish","type":"product","link":"https:\/\/esquell.eu\/fr\/produit\/gabarit-modele-ovale-ondule\/","title":{"rendered":"Gabarit, mod\u00e8le Ovale ondul\u00e9"},"content":{"rendered":"<p>Gabarit de dessin avec diff\u00e9rentes tailles de formes.<br \/>\nLes tailles vont de 15 mm \u00e0 47,5 mm.<\/p>\n<p>La transparence facilite le positionnement correct du mod\u00e8le.<\/p>\n<p>Pour utiliser le pochoir sur de l&rsquo;argile polym\u00e8re, m\u00e9tallique ou c\u00e9ramique, posez une plaque lisse ou textur\u00e9e sur votre surface de travail. D\u00e9coupez la forme \u00e0 l&rsquo;aide d&rsquo;un stylo aiguille bien aiguis\u00e9. Commencez par les coins ext\u00e9rieurs et coupez vers les coins int\u00e9rieurs pour obtenir les plus jolies d\u00e9coupes. Retirez le pochoir et enlevez l&rsquo;exc\u00e9dent d&rsquo;argile.  <\/p>\n","protected":false},"excerpt":{"rendered":"<p>Gabarit de dessin avec diff\u00e9rentes tailles de formes. Convient \u00e9galement \u00e0 la fabrication de bijoux tels que boucles d&rsquo;oreilles, bagues, maillons, pendentifs et breloques. <\/p>\n<p>Le pochoir est fabriqu\u00e9 en acrylique transparent, solide et non flexible. La solidit\u00e9 du pochoir permet de d\u00e9couper facilement les formes \u00e0 l&rsquo;aide du claypick (outil \u00e0 aiguille). <\/p>\n<p>Les pochoirs peuvent \u00e9galement \u00eatre utilis\u00e9s comme moules en relief en les pressant doucement dans l&rsquo;argile.<\/p>\n<p>*Les couleurs peuvent varier.<\/p>\n","protected":false},"featured_media":4034,"comment_status":"closed","ping_status":"closed","template":"","meta":{"_acf_changed":false,"_seopress_robots_primary_cat":"none","_seopress_titles_title":"","_seopress_titles_desc":"","_seopress_robots_index":""},"more":[],"product_brand":[6736],"product_cat":[11334],"product_tag":[6645,8048,6646,6939,14943,6388,6473,6741,6404,6420,7028,6378,6390,15021,17395,6405,6376,9668,9349,6372,6642,6718,13909,6658,7548,9444,7697,9324,17488,6796,17491,9385,6819,7683,16941,17474,8457,7871,15509,14313,9384,6647,6815,12609,7510,9369,16944,6859,6849,8241,6472,8705,16904,17475,17490,17529,8747,17482,17484,17486,15097,6643,6399,14945,6636,6726,8718,12000,6816,9389,17480,7270,7266,17477],"class_list":{"0":"post-23340","1":"product","2":"type-product","3":"status-publish","4":"has-post-thumbnail","6":"product_brand-des-outils-sympas","7":"product_cat-gabarits-pour-la-fabrication-de-bijoux","8":"product_tag-a","9":"product_tag-a-vendre","10":"product_tag-acheter","11":"product_tag-acheter-2","12":"product_tag-aiguille","13":"product_tag-argile","14":"product_tag-argile-2","15":"product_tag-argile-3","16":"product_tag-argile-argentee","17":"product_tag-argile-bronze","18":"product_tag-argile-cuivreuse","19":"product_tag-argile-metallique","20":"product_tag-argile-metallique-2","21":"product_tag-argiles","22":"product_tag-art-de-largile-2","23":"product_tag-artclay","24":"product_tag-artclaysilver","25":"product_tag-autour-de","26":"product_tag-bijou","27":"product_tag-bijoux","28":"product_tag-bijoux-2","29":"product_tag-bijoux-3","30":"product_tag-bijoux-cernit","31":"product_tag-bijoux-en-argile","32":"product_tag-bijoux-en-argile-2","33":"product_tag-bijoux-en-cernite","34":"product_tag-bijoux-en-fimo","35":"product_tag-bijoux-en-pate-polymere","36":"product_tag-bijoux-en-pate-polymere-2","37":"product_tag-boutique-en-ligne-2","38":"product_tag-boutique-en-ligne-de-commande","39":"product_tag-carre","40":"product_tag-cernit","41":"product_tag-chute","42":"product_tag-conception-de-bijoux-2","43":"product_tag-conception-de-bijoux-3","44":"product_tag-couper","45":"product_tag-creatif","46":"product_tag-decouper","47":"product_tag-dessins-et-modeles","48":"product_tag-divers","49":"product_tag-en-ligne","50":"product_tag-fimo","51":"product_tag-fimojewelry","52":"product_tag-flexible","53":"product_tag-fondant","54":"product_tag-formes-de-bijoux-2","55":"product_tag-formulaire","56":"product_tag-formulaires","57":"product_tag-hobby","58":"product_tag-lart","59":"product_tag-magasin-de-loisirs","60":"product_tag-modele-3","61":"product_tag-modele-de-bijou","62":"product_tag-modele-de-bijou-2","63":"product_tag-modele-de-bijou-3","64":"product_tag-modeles","65":"product_tag-modeles-5","66":"product_tag-modeles-de-bijoux","67":"product_tag-modeles-de-dessin","68":"product_tag-moules-2","69":"product_tag-ou","70":"product_tag-outil","71":"product_tag-outil-daiguille","72":"product_tag-outils","73":"product_tag-outils-2","74":"product_tag-outils-en-argile","75":"product_tag-ovale-2","76":"product_tag-pate-polymere","77":"product_tag-rectangle","78":"product_tag-ressources","79":"product_tag-semi","80":"product_tag-transparent","81":"product_tag-triangle","82":"product_shipping_class-standard","84":"first","85":"instock","86":"taxable","87":"shipping-taxable","88":"purchasable","89":"product-type-simple"},"acf":[],"_links":{"self":[{"href":"https:\/\/esquell.eu\/fr\/wp-json\/wp\/v2\/product\/23340","targetHints":{"allow":["GET"]}}],"collection":[{"href":"https:\/\/esquell.eu\/fr\/wp-json\/wp\/v2\/product"}],"about":[{"href":"https:\/\/esquell.eu\/fr\/wp-json\/wp\/v2\/types\/product"}],"replies":[{"embeddable":true,"href":"https:\/\/esquell.eu\/fr\/wp-json\/wp\/v2\/comments?post=23340"}],"wp:featuredmedia":[{"embeddable":true,"href":"https:\/\/esquell.eu\/fr\/wp-json\/wp\/v2\/media\/4034"}],"wp:attachment":[{"href":"https:\/\/esquell.eu\/fr\/wp-json\/wp\/v2\/media?parent=23340"}],"wp:term":[{"taxonomy":"more","embeddable":true,"href":"https:\/\/esquell.eu\/fr\/wp-json\/wp\/v2\/more?post=23340"},{"taxonomy":"product_brand","embeddable":true,"href":"https:\/\/esquell.eu\/fr\/wp-json\/wp\/v2\/product_brand?post=23340"},{"taxonomy":"product_cat","embeddable":true,"href":"https:\/\/esquell.eu\/fr\/wp-json\/wp\/v2\/product_cat?post=23340"},{"taxonomy":"product_tag","embeddable":true,"href":"https:\/\/esquell.eu\/fr\/wp-json\/wp\/v2\/product_tag?post=23340"}],"curies":[{"name":"wp","href":"https:\/\/api.w.org\/{rel}","templated":true}]}}