{"id":23217,"date":"2025-04-03T09:29:12","date_gmt":"2025-04-03T09:29:12","guid":{"rendered":"https:\/\/esquell.eu\/product\/gabarit-de-formes-diverses-2\/"},"modified":"2025-12-22T10:56:25","modified_gmt":"2025-12-22T10:56:25","slug":"gabarit-de-formes-diverses-2","status":"publish","type":"product","link":"https:\/\/esquell.eu\/fr\/produit\/gabarit-de-formes-diverses-2\/","title":{"rendered":"Gabarit de formes diverses"},"content":{"rendered":"<p>Mod\u00e8le de dessin. Peut \u00e9galement \u00eatre utilis\u00e9 pour les bijoux. Le pochoir est fabriqu\u00e9 en acrylique solide, non flexible et transparent.   Mod\u00e8le de bijoux, bijoux.<\/p>\n","protected":false},"excerpt":{"rendered":"<p>Mod\u00e8le de dessin. Peut \u00e9galement \u00eatre utilis\u00e9 pour les bijoux. Le pochoir est fabriqu\u00e9 en acrylique solide, non flexible et transparent.  <\/p>\n","protected":false},"featured_media":23222,"comment_status":"closed","ping_status":"closed","template":"","meta":{"_acf_changed":false,"_seopress_robots_primary_cat":"none","_seopress_titles_title":"","_seopress_titles_desc":"","_seopress_robots_index":""},"more":[],"product_brand":[],"product_cat":[11334],"product_tag":[6645,8048,6646,6939,14943,6388,6473,6741,6404,6420,7028,6378,6390,15021,17395,6405,6376,9668,9349,6372,6642,6718,13909,7548,6658,9444,7697,17488,9324,6796,17491,9385,6819,7683,17474,16941,8457,7871,15509,14313,9384,6647,6815,12609,7510,9369,16944,6859,6849,8241,6472,8705,16904,17530,17529,21853,17490,17475,17482,8747,17484,17486,15097,6643,6399,14945,6636,6726,8718,12000,6816,9389,17480,7270,7266,17477],"class_list":{"0":"post-23217","1":"product","2":"type-product","3":"status-publish","4":"has-post-thumbnail","6":"product_cat-gabarits-pour-la-fabrication-de-bijoux","7":"product_tag-a","8":"product_tag-a-vendre","9":"product_tag-acheter","10":"product_tag-acheter-2","11":"product_tag-aiguille","12":"product_tag-argile","13":"product_tag-argile-2","14":"product_tag-argile-3","15":"product_tag-argile-argentee","16":"product_tag-argile-bronze","17":"product_tag-argile-cuivreuse","18":"product_tag-argile-metallique","19":"product_tag-argile-metallique-2","20":"product_tag-argiles","21":"product_tag-art-de-largile-2","22":"product_tag-artclay","23":"product_tag-artclaysilver","24":"product_tag-autour-de","25":"product_tag-bijou","26":"product_tag-bijoux","27":"product_tag-bijoux-2","28":"product_tag-bijoux-3","29":"product_tag-bijoux-cernit","30":"product_tag-bijoux-en-argile-2","31":"product_tag-bijoux-en-argile","32":"product_tag-bijoux-en-cernite","33":"product_tag-bijoux-en-fimo","34":"product_tag-bijoux-en-pate-polymere-2","35":"product_tag-bijoux-en-pate-polymere","36":"product_tag-boutique-en-ligne-2","37":"product_tag-boutique-en-ligne-de-commande","38":"product_tag-carre","39":"product_tag-cernit","40":"product_tag-chute","41":"product_tag-conception-de-bijoux-3","42":"product_tag-conception-de-bijoux-2","43":"product_tag-couper","44":"product_tag-creatif","45":"product_tag-decouper","46":"product_tag-dessins-et-modeles","47":"product_tag-divers","48":"product_tag-en-ligne","49":"product_tag-fimo","50":"product_tag-fimojewelry","51":"product_tag-flexible","52":"product_tag-fondant","53":"product_tag-formes-de-bijoux-2","54":"product_tag-formulaire","55":"product_tag-formulaires","56":"product_tag-hobby","57":"product_tag-lart","58":"product_tag-magasin-de-loisirs","59":"product_tag-modele-3","60":"product_tag-modele-de-bijou-4","61":"product_tag-modele-de-bijou-3","62":"product_tag-modele-de-bijou-7","63":"product_tag-modele-de-bijou-2","64":"product_tag-modele-de-bijou","65":"product_tag-modeles-5","66":"product_tag-modeles","67":"product_tag-modeles-de-bijoux","68":"product_tag-modeles-de-dessin","69":"product_tag-moules-2","70":"product_tag-ou","71":"product_tag-outil","72":"product_tag-outil-daiguille","73":"product_tag-outils","74":"product_tag-outils-2","75":"product_tag-outils-en-argile","76":"product_tag-ovale-2","77":"product_tag-pate-polymere","78":"product_tag-rectangle","79":"product_tag-ressources","80":"product_tag-semi","81":"product_tag-transparent","82":"product_tag-triangle","83":"product_shipping_class-standard","85":"first","86":"instock","87":"taxable","88":"shipping-taxable","89":"purchasable","90":"product-type-simple"},"acf":[],"_links":{"self":[{"href":"https:\/\/esquell.eu\/fr\/wp-json\/wp\/v2\/product\/23217","targetHints":{"allow":["GET"]}}],"collection":[{"href":"https:\/\/esquell.eu\/fr\/wp-json\/wp\/v2\/product"}],"about":[{"href":"https:\/\/esquell.eu\/fr\/wp-json\/wp\/v2\/types\/product"}],"replies":[{"embeddable":true,"href":"https:\/\/esquell.eu\/fr\/wp-json\/wp\/v2\/comments?post=23217"}],"wp:featuredmedia":[{"embeddable":true,"href":"https:\/\/esquell.eu\/fr\/wp-json\/wp\/v2\/media\/23222"}],"wp:attachment":[{"href":"https:\/\/esquell.eu\/fr\/wp-json\/wp\/v2\/media?parent=23217"}],"wp:term":[{"taxonomy":"more","embeddable":true,"href":"https:\/\/esquell.eu\/fr\/wp-json\/wp\/v2\/more?post=23217"},{"taxonomy":"product_brand","embeddable":true,"href":"https:\/\/esquell.eu\/fr\/wp-json\/wp\/v2\/product_brand?post=23217"},{"taxonomy":"product_cat","embeddable":true,"href":"https:\/\/esquell.eu\/fr\/wp-json\/wp\/v2\/product_cat?post=23217"},{"taxonomy":"product_tag","embeddable":true,"href":"https:\/\/esquell.eu\/fr\/wp-json\/wp\/v2\/product_tag?post=23217"}],"curies":[{"name":"wp","href":"https:\/\/api.w.org\/{rel}","templated":true}]}}