{"id":23202,"date":"2025-04-03T09:29:02","date_gmt":"2025-04-03T09:29:02","guid":{"rendered":"https:\/\/esquell.eu\/product\/tapis-de-texture-caoutchouc-approx-2215-cm-elements-pour-artistes-bijoutiers-feuilles-et-perles-tex-150\/"},"modified":"2025-04-03T09:29:02","modified_gmt":"2025-04-03T09:29:02","slug":"tapis-de-texture-caoutchouc-approx-2215-cm-elements-pour-artistes-bijoutiers-feuilles-et-perles-tex-150","status":"publish","type":"product","link":"https:\/\/esquell.eu\/fr\/produit\/tapis-de-texture-caoutchouc-approx-2215-cm-elements-pour-artistes-bijoutiers-feuilles-et-perles-tex-150\/","title":{"rendered":"Tapis de texture caoutchouc approx 22*15 cm El\u00e9ments pour artistes bijoutiers &#8211; Feuilles et perles TEX-150"},"content":{"rendered":"<p>Tapis de texture Caoutchouc approx 22*15 cm<br \/>\nPendentifs et breloques<br \/>\nBijoux en argile, argile, argile m\u00e9tallique, arguile d&rsquo;argent<\/p>\n","protected":false},"excerpt":{"rendered":"<p>Tapis de textures avec \u00e9l\u00e9ments pour bijoutiers<br \/>\nLa deuxi\u00e8me photo est un exemple d&rsquo;un des \u00e9l\u00e9ments dans l&rsquo;argile.<br \/>\nBagues et bracelets Les textures sont parfaites pour fabriquer des bracelets de plusieurs tailles ou des bagues avec des motifs d\u00e9licats. R\u00e9alisez des pendentifs et des boucles d&rsquo;oreilles assortis avec les m\u00eames carreaux.<x id=\"gid_2\"><\/x>Ces textures sont souples, lavables et peuvent \u00eatre utilis\u00e9es avec n&rsquo;importe quelle argile molle. Appliquez la formule antiadh\u00e9sive CoolSlip avant de commencer.  <\/p>\n<p>&nbsp;<\/p>\n<p>Lorsque vous utilisez l&rsquo;arguile d&rsquo;argent, l&rsquo;argile cuivr\u00e9e, l&rsquo;argile bronze et l&rsquo;argile dor\u00e9e, vaporisez d&rsquo;abord les tapis textur\u00e9s avec la formule antiadh\u00e9sive <a href=\"https:\/\/www.esquell.nl\/p\/textuurmat-rubber-5-10-cm-veertjes?ObjectPath=\/Shops\/83636376\/Products\/AM0007\">coolslip<\/a>.<\/p>\n<p>Si vous utilisez de la fimo, du cernit, du premo, du sculpy, etc., utilisez du talc, par exemple, pour \u00e9viter qu&rsquo;ils ne collent.<\/p>\n<p>&nbsp;<\/p>\n","protected":false},"featured_media":8168,"comment_status":"closed","ping_status":"closed","template":"","meta":{"_acf_changed":false,"_seopress_robots_primary_cat":"none","_seopress_titles_title":"","_seopress_titles_desc":"","_seopress_robots_index":""},"more":[],"product_brand":[6736],"product_cat":[12226],"product_tag":[6386,6388,6378,6405,17456,6372,6658,6409,6706,8424,17457,17455,8209,6374,6849,6381,8745,6559,6640,17458,7429,15220,11337,6408],"class_list":{"0":"post-23202","1":"product","2":"type-product","3":"status-publish","4":"has-post-thumbnail","6":"product_brand-des-outils-sympas","7":"product_cat-textures-et-tampons","8":"product_tag-aida","9":"product_tag-argile","10":"product_tag-argile-metallique","11":"product_tag-artclay","12":"product_tag-artiste","13":"product_tag-bijoux","14":"product_tag-bijoux-en-argile","15":"product_tag-bricolage","16":"product_tag-commerce-de-gros","17":"product_tag-cooltools","18":"product_tag-elements","19":"product_tag-elements-de-lartiste-joaillier","20":"product_tag-estampillage","21":"product_tag-faire","22":"product_tag-formulaires","23":"product_tag-japon","24":"product_tag-la-texture","25":"product_tag-lignes-dartisanat","26":"product_tag-maison","27":"product_tag-seads","28":"product_tag-structures","29":"product_tag-tapis-de-marquage","30":"product_tag-tapis-de-texture","31":"product_tag-vous","32":"product_shipping_class-standard","34":"first","35":"instock","36":"taxable","37":"shipping-taxable","38":"purchasable","39":"product-type-simple"},"acf":[],"_links":{"self":[{"href":"https:\/\/esquell.eu\/fr\/wp-json\/wp\/v2\/product\/23202","targetHints":{"allow":["GET"]}}],"collection":[{"href":"https:\/\/esquell.eu\/fr\/wp-json\/wp\/v2\/product"}],"about":[{"href":"https:\/\/esquell.eu\/fr\/wp-json\/wp\/v2\/types\/product"}],"replies":[{"embeddable":true,"href":"https:\/\/esquell.eu\/fr\/wp-json\/wp\/v2\/comments?post=23202"}],"wp:featuredmedia":[{"embeddable":true,"href":"https:\/\/esquell.eu\/fr\/wp-json\/wp\/v2\/media\/8168"}],"wp:attachment":[{"href":"https:\/\/esquell.eu\/fr\/wp-json\/wp\/v2\/media?parent=23202"}],"wp:term":[{"taxonomy":"more","embeddable":true,"href":"https:\/\/esquell.eu\/fr\/wp-json\/wp\/v2\/more?post=23202"},{"taxonomy":"product_brand","embeddable":true,"href":"https:\/\/esquell.eu\/fr\/wp-json\/wp\/v2\/product_brand?post=23202"},{"taxonomy":"product_cat","embeddable":true,"href":"https:\/\/esquell.eu\/fr\/wp-json\/wp\/v2\/product_cat?post=23202"},{"taxonomy":"product_tag","embeddable":true,"href":"https:\/\/esquell.eu\/fr\/wp-json\/wp\/v2\/product_tag?post=23202"}],"curies":[{"name":"wp","href":"https:\/\/api.w.org\/{rel}","templated":true}]}}