{"id":23036,"date":"2025-04-03T09:28:06","date_gmt":"2025-04-03T09:28:06","guid":{"rendered":"https:\/\/esquell.eu\/product\/tapis-dencrage-en-silicone-brins-et-feuilles-taille-du-tapis-complet-1116-cm\/"},"modified":"2025-11-08T10:19:04","modified_gmt":"2025-11-08T10:19:04","slug":"tapis-dencrage-en-silicone-brins-et-feuilles-taille-du-tapis-complet-1116-cm","status":"publish","type":"product","link":"https:\/\/esquell.eu\/fr\/produit\/tapis-dencrage-en-silicone-brins-et-feuilles-taille-du-tapis-complet-1116-cm\/","title":{"rendered":"Tapis d&rsquo;encrage en silicone brins et feuilles Taille du tapis complet 11*16 cm"},"content":{"rendered":"<div class=\"product-addition-content\">\n<p>Ce tapis textur\u00e9 vous permet d&rsquo;appliquer des structures \u00e0 l&rsquo;argile.<\/p>\n<p>Tapis de marquage en silicone. Motif brindilles et feuilles <\/p>\n<p>Lorsque vous utilisez l&rsquo;arguile d&rsquo;argent, l&rsquo;argile cuivr\u00e9e, l&rsquo;argile bronze et l&rsquo;argile dor\u00e9e, vaporisez d&rsquo;abord les tapis textur\u00e9s avec la formule antiadh\u00e9sive coolslip ou frottez-les avec de l&rsquo;huile d&rsquo;olive.<\/p>\n<p>Si vous utilisez de la fimo, du cernit, du premo, du sculpy, etc., utilisez du talc, par exemple, pour \u00e9viter qu&rsquo;ils ne collent.<\/p>\n<\/div>\n","protected":false},"excerpt":{"rendered":"<p>Ce tapis textur\u00e9 vous permet d&rsquo;appliquer des structures \u00e0 l&rsquo;argile.<\/p>\n<p>Tapis de marquage en silicone. Motif brindilles et feuilles <\/p>\n<p>Lorsque vous utilisez l&rsquo;arguile d&rsquo;argent, l&rsquo;argile cuivr\u00e9e, l&rsquo;argile bronze et l&rsquo;argile dor\u00e9e, vaporisez d&rsquo;abord les tapis textur\u00e9s avec la formule antiadh\u00e9sive coolslip ou frottez-les avec de l&rsquo;huile d&rsquo;olive.<\/p>\n<p>Si vous utilisez de la fimo, du cernit, du premo, du sculpy, etc., utilisez du talc, par exemple, pour \u00e9viter qu&rsquo;ils ne collent.<\/p>\n","protected":false},"featured_media":8203,"comment_status":"closed","ping_status":"closed","template":"","meta":{"_acf_changed":false,"_seopress_robots_primary_cat":"none","_seopress_titles_title":"","_seopress_titles_desc":"","_seopress_robots_index":""},"more":[],"product_brand":[6398],"product_cat":[12226],"product_tag":[15038,8441,6645,6646,7045,17398,6638,7292,7339,6388,6404,6420,7028,6378,6390,7219,9115,17395,6949,8422,17396,17405,6393,6372,6642,6658,6641,6941,17429,6412,7546,7770,11335,6819,17401,17430,6650,7498,6423,6655,12016,8492,6647,7043,8209,9961,6763,6374,16099,6815,9313,6785,6653,7417,6651,6659,7648,17406,6761,17397,6369,6550,6634,6403,8745,6930,6789,7040,17403,15026,17404,6661,8823,11155,6643,6657,17400,6816,6391,6665,6710,7670,7029,17402,17419,9771,15056,14735,6407,6722,8990,7429,6663,15058,15995,17399,15220,17407,11338,7431,7764,6787,6408,6667,14956,7032],"class_list":{"0":"post-23036","1":"product","2":"type-product","3":"status-publish","4":"has-post-thumbnail","6":"product_brand-l1","7":"product_cat-textures-et-tampons","8":"product_tag-voici","9":"product_tag-3d","10":"product_tag-a","11":"product_tag-acheter","12":"product_tag-almelo","13":"product_tag-amcaw","14":"product_tag-anneaux","15":"product_tag-appliquer","16":"product_tag-argent-malleable","17":"product_tag-argile","18":"product_tag-argile-argentee","19":"product_tag-argile-bronze","20":"product_tag-argile-cuivreuse","21":"product_tag-argile-metallique","22":"product_tag-argile-metallique-2","23":"product_tag-art-clay","24":"product_tag-art-de-largile","25":"product_tag-art-de-largile-2","26":"product_tag-assen","27":"product_tag-aussie","28":"product_tag-auto-decoration","29":"product_tag-baton-2","30":"product_tag-belgique","31":"product_tag-bijoux","32":"product_tag-bijoux-2","33":"product_tag-bijoux-en-argile","34":"product_tag-boucles-doreilles","35":"product_tag-brabant","36":"product_tag-brins-2","37":"product_tag-bronze","38":"product_tag-bronze-3","39":"product_tag-camps","40":"product_tag-caoutchouc-2","41":"product_tag-cernit","42":"product_tag-chabot","43":"product_tag-citrouille","44":"product_tag-cuivre","45":"product_tag-cuivre-3","46":"product_tag-de","47":"product_tag-drenthe","48":"product_tag-elburg","49":"product_tag-emmen","50":"product_tag-en-ligne","51":"product_tag-enschede","52":"product_tag-estampillage","53":"product_tag-fabrication-de-bijoux-par-soi-meme-2","54":"product_tag-facebook","55":"product_tag-faire","56":"product_tag-feuille-de-timbres","57":"product_tag-fimo","58":"product_tag-fimonederland","59":"product_tag-flevoland","60":"product_tag-frise","61":"product_tag-glissiere-de-securite","62":"product_tag-groningue","63":"product_tag-gueldre","64":"product_tag-idees","65":"product_tag-iles-wadden-rotterdam","66":"product_tag-instagram","67":"product_tag-journee-de-largile","68":"product_tag-largent","69":"product_tag-largent-2","70":"product_tag-largent-3","71":"product_tag-lor","72":"product_tag-la-texture","73":"product_tag-leeuwarden","74":"product_tag-limbourg","75":"product_tag-middelburg","76":"product_tag-modele-4","77":"product_tag-modeles-2","78":"product_tag-non-3","79":"product_tag-nord","80":"product_tag-nunspeet","81":"product_tag-ommen","82":"product_tag-ou","83":"product_tag-overijssel","84":"product_tag-papier-peint","85":"product_tag-pate-polymere","86":"product_tag-pays-bas","87":"product_tag-pays-bas-2","88":"product_tag-pendentifs","89":"product_tag-pinterest","90":"product_tag-pmc","91":"product_tag-repetant","92":"product_tag-repetant-2","93":"product_tag-ressource","94":"product_tag-secours","95":"product_tag-silicone","96":"product_tag-silverclay-co-uk","97":"product_tag-silveribelgie","98":"product_tag-structure","99":"product_tag-structures","100":"product_tag-sud","101":"product_tag-tapis","102":"product_tag-tapis-2","103":"product_tag-tapis-dencrage","104":"product_tag-tapis-de-marquage","105":"product_tag-tilbnurg","106":"product_tag-timbre","107":"product_tag-timbres","108":"product_tag-urk","109":"product_tag-utrecht","110":"product_tag-vous","111":"product_tag-zelande","112":"product_tag-zilverkleinderland","113":"product_tag-zwolle","114":"product_shipping_class-standard","116":"first","117":"instock","118":"taxable","119":"shipping-taxable","120":"purchasable","121":"product-type-simple"},"acf":[],"_links":{"self":[{"href":"https:\/\/esquell.eu\/fr\/wp-json\/wp\/v2\/product\/23036","targetHints":{"allow":["GET"]}}],"collection":[{"href":"https:\/\/esquell.eu\/fr\/wp-json\/wp\/v2\/product"}],"about":[{"href":"https:\/\/esquell.eu\/fr\/wp-json\/wp\/v2\/types\/product"}],"replies":[{"embeddable":true,"href":"https:\/\/esquell.eu\/fr\/wp-json\/wp\/v2\/comments?post=23036"}],"wp:featuredmedia":[{"embeddable":true,"href":"https:\/\/esquell.eu\/fr\/wp-json\/wp\/v2\/media\/8203"}],"wp:attachment":[{"href":"https:\/\/esquell.eu\/fr\/wp-json\/wp\/v2\/media?parent=23036"}],"wp:term":[{"taxonomy":"more","embeddable":true,"href":"https:\/\/esquell.eu\/fr\/wp-json\/wp\/v2\/more?post=23036"},{"taxonomy":"product_brand","embeddable":true,"href":"https:\/\/esquell.eu\/fr\/wp-json\/wp\/v2\/product_brand?post=23036"},{"taxonomy":"product_cat","embeddable":true,"href":"https:\/\/esquell.eu\/fr\/wp-json\/wp\/v2\/product_cat?post=23036"},{"taxonomy":"product_tag","embeddable":true,"href":"https:\/\/esquell.eu\/fr\/wp-json\/wp\/v2\/product_tag?post=23036"}],"curies":[{"name":"wp","href":"https:\/\/api.w.org\/{rel}","templated":true}]}}