{"id":23014,"date":"2025-04-03T09:28:06","date_gmt":"2025-04-03T09:28:06","guid":{"rendered":"https:\/\/esquell.eu\/product\/texture-mat-rubber-mehndi-borders-approx-1013-cm\/"},"modified":"2025-04-03T09:28:06","modified_gmt":"2025-04-03T09:28:06","slug":"texture-mat-rubber-mehndi-borders-approx-1013-cm","status":"publish","type":"product","link":"https:\/\/esquell.eu\/fr\/produit\/texture-mat-rubber-mehndi-borders-approx-1013-cm\/","title":{"rendered":"Texture mat Rubber Mehndi Borders approx 10*13 cm"},"content":{"rendered":"<p>Mat textur\u00e9 avec bords<br \/>\nLa deuxi\u00e8me photo est la texture dans l&rsquo;argile.<br \/>\nRings &amp; Bangles Les textures sont parfaites pour fabriquer des bracelets de tailles multiples ou des bagues avec des motifs d\u00e9licats. R\u00e9alisez des pendentifs et des boucles d&rsquo;oreilles assortis avec les m\u00eames carreaux.<x id=\"gid_2\"><\/x>Ces textures sont souples, lavables et peuvent \u00eatre utilis\u00e9es avec n&rsquo;importe quelle argile molle. Appliquez la formule antiadh\u00e9sive CoolSlip avant de commencer.  <\/p>\n<p>Lorsque vous utilisez l&rsquo;arguile d&rsquo;argent, l&rsquo;argile cuivr\u00e9e, l&rsquo;argile bronze et l&rsquo;argile dor\u00e9e, vaporisez d&rsquo;abord les tapis textur\u00e9s avec la formule antiadh\u00e9sive coolslip.<\/p>\n<p>Si vous utilisez de la fimo, du cernit, du premo, du sculpy, etc., utilisez du talc, par exemple, pour \u00e9viter qu&rsquo;ils ne collent.<\/p>\n","protected":false},"excerpt":{"rendered":"<p>Rings &amp; Bangles Texture &#8211;<br \/>\nLa deuxi\u00e8me photo est la texture dans l&rsquo;argile.<br \/>\nLes textures Rings &amp; Bangles sont parfaites pour r\u00e9aliser des bracelets ou des bagues de tailles multiples avec des motifs d\u00e9licats. R\u00e9alisez des pendentifs et des boucles d&rsquo;oreilles assortis avec les m\u00eames tuiles.<x id=\"gid_2\"><\/x>Ces textures sont souples, lavables et peuvent \u00eatre utilis\u00e9es avec n&rsquo;importe quelle argile molle. Appliquez la formule antiadh\u00e9sive CoolSlip avant de commencer.  <\/p>\n<p>&nbsp;<\/p>\n<p>Lorsque vous utilisez l&rsquo;arguile d&rsquo;argent, l&rsquo;argile cuivr\u00e9e, l&rsquo;argile bronze et l&rsquo;argile dor\u00e9e, vaporisez d&rsquo;abord les tapis textur\u00e9s avec la formule antiadh\u00e9sive <a href=\"https:\/\/www.esquell.nl\/p\/textuurmat-rubber-5-10-cm-veertjes?ObjectPath=\/Shops\/83636376\/Products\/AM0007\">coolslip<\/a>.<\/p>\n<p>Si vous utilisez de la fimo, du cernit, du premo, du sculpy, etc., utilisez du talc, par exemple, pour \u00e9viter qu&rsquo;ils ne collent.<\/p>\n<p>&nbsp;<\/p>\n","protected":false},"featured_media":8206,"comment_status":"closed","ping_status":"closed","template":"","meta":{"_acf_changed":false,"_seopress_robots_primary_cat":"none","_seopress_titles_title":"","_seopress_titles_desc":"","_seopress_robots_index":""},"more":[],"product_brand":[6736],"product_cat":[12226],"product_tag":[6386,6388,6378,6405,6372,6658,15809,6409,6706,8209,6374,6849,17388,6381,7355,6559,6640,7429,15220,11337,6408],"class_list":{"0":"post-23014","1":"product","2":"type-product","3":"status-publish","4":"has-post-thumbnail","6":"product_brand-des-outils-sympas","7":"product_cat-textures-et-tampons","8":"product_tag-aida","9":"product_tag-argile","10":"product_tag-argile-metallique","11":"product_tag-artclay","12":"product_tag-bijoux","13":"product_tag-bijoux-en-argile","14":"product_tag-bords-2","15":"product_tag-bricolage","16":"product_tag-commerce-de-gros","17":"product_tag-estampillage","18":"product_tag-faire","19":"product_tag-formulaires","20":"product_tag-graphique","21":"product_tag-japon","22":"product_tag-lignes","23":"product_tag-lignes-dartisanat","24":"product_tag-maison","25":"product_tag-structures","26":"product_tag-tapis-de-marquage","27":"product_tag-tapis-de-texture","28":"product_tag-vous","29":"product_shipping_class-standard","31":"first","32":"instock","33":"taxable","34":"shipping-taxable","35":"purchasable","36":"product-type-simple"},"acf":[],"_links":{"self":[{"href":"https:\/\/esquell.eu\/fr\/wp-json\/wp\/v2\/product\/23014","targetHints":{"allow":["GET"]}}],"collection":[{"href":"https:\/\/esquell.eu\/fr\/wp-json\/wp\/v2\/product"}],"about":[{"href":"https:\/\/esquell.eu\/fr\/wp-json\/wp\/v2\/types\/product"}],"replies":[{"embeddable":true,"href":"https:\/\/esquell.eu\/fr\/wp-json\/wp\/v2\/comments?post=23014"}],"wp:featuredmedia":[{"embeddable":true,"href":"https:\/\/esquell.eu\/fr\/wp-json\/wp\/v2\/media\/8206"}],"wp:attachment":[{"href":"https:\/\/esquell.eu\/fr\/wp-json\/wp\/v2\/media?parent=23014"}],"wp:term":[{"taxonomy":"more","embeddable":true,"href":"https:\/\/esquell.eu\/fr\/wp-json\/wp\/v2\/more?post=23014"},{"taxonomy":"product_brand","embeddable":true,"href":"https:\/\/esquell.eu\/fr\/wp-json\/wp\/v2\/product_brand?post=23014"},{"taxonomy":"product_cat","embeddable":true,"href":"https:\/\/esquell.eu\/fr\/wp-json\/wp\/v2\/product_cat?post=23014"},{"taxonomy":"product_tag","embeddable":true,"href":"https:\/\/esquell.eu\/fr\/wp-json\/wp\/v2\/product_tag?post=23014"}],"curies":[{"name":"wp","href":"https:\/\/api.w.org\/{rel}","templated":true}]}}