{"id":22987,"date":"2025-04-03T09:28:06","date_gmt":"2025-04-03T09:28:06","guid":{"rendered":"https:\/\/esquell.eu\/product\/tapis-de-texture-caoutchouc-windstream-pam-east\/"},"modified":"2025-04-03T09:28:06","modified_gmt":"2025-04-03T09:28:06","slug":"tapis-de-texture-caoutchouc-windstream-pam-east","status":"publish","type":"product","link":"https:\/\/esquell.eu\/fr\/produit\/tapis-de-texture-caoutchouc-windstream-pam-east\/","title":{"rendered":"Tapis de texture Caoutchouc Windstream Pam East"},"content":{"rendered":"<p>La deuxi\u00e8me image montre la texture de l&rsquo;argile.<\/p>\n<p>Taille 14*9,5 cm<\/p>\n<p>Tapis de texture plus large pour l&rsquo;impression dans l&rsquo;argile<\/p>\n<p>Ces textures sont flexibles, lavables et peuvent \u00eatre utilis\u00e9es avec n&rsquo;importe quelle argile molle. Appliquez la formule antiadh\u00e9sive CoolSlip avant de commencer. <\/p>\n<p>Lorsque vous utilisez l&rsquo;arguile d&rsquo;argent, l&rsquo;argile cuivr\u00e9e, l&rsquo;argile bronze et l&rsquo;argile dor\u00e9e, vaporisez d&rsquo;abord les tapis textur\u00e9s avec la formule antiadh\u00e9sive <a href=\"https:\/\/www.esquell.nl\/p\/textuurmat-rubber-5-10-cm-veertjes?ObjectPath=\/Shops\/83636376\/Products\/AM0007\">coolslip<\/a>.<\/p>\n<p>Si vous utilisez de la fimo, du cernit, du premo, du sculpy, etc., utilisez du talc, par exemple, pour \u00e9viter qu&rsquo;ils ne collent.<\/p>\n","protected":false},"excerpt":{"rendered":"<p>La deuxi\u00e8me image montre la texture de l&rsquo;argile.<\/p>\n<p>&nbsp;<\/p>\n<p>Taille 14*9,5 cm<\/p>\n<p>&nbsp;<\/p>\n<p>Tapis de texture plus large pour l&rsquo;impression dans l&rsquo;argile<\/p>\n<p>&nbsp;<\/p>\n<p>Ces textures sont flexibles, lavables et peuvent \u00eatre utilis\u00e9es avec n&rsquo;importe quelle argile molle. Appliquez la formule antiadh\u00e9sive CoolSlip avant de commencer. <\/p>\n<p>&nbsp;<\/p>\n<p>Lorsque vous utilisez l&rsquo;arguile d&rsquo;argent, l&rsquo;argile cuivr\u00e9e, l&rsquo;argile bronze et l&rsquo;argile dor\u00e9e, vaporisez d&rsquo;abord les tapis textur\u00e9s avec la formule antiadh\u00e9sive <a href=\"https:\/\/www.esquell.nl\/p\/textuurmat-rubber-5-10-cm-veertjes?ObjectPath=\/Shops\/83636376\/Products\/AM0007\">coolslip<\/a>.<\/p>\n<p>Si vous utilisez de la fimo, du cernit, du premo, du sculpy, etc., utilisez du talc, par exemple, pour \u00e9viter qu&rsquo;ils ne collent.<\/p>\n<p>&nbsp;<\/p>\n","protected":false},"featured_media":8213,"comment_status":"closed","ping_status":"closed","template":"","meta":{"_acf_changed":false,"_seopress_robots_primary_cat":"none","_seopress_titles_title":"","_seopress_titles_desc":"","_seopress_robots_index":""},"more":[],"product_brand":[10590],"product_cat":[12226],"product_tag":[6386,6388,6378,6405,6372,6658,6409,6706,8209,6374,6849,6381,6559,6640,7429,15220,11337,6408],"class_list":{"0":"post-22987","1":"product","2":"type-product","3":"status-publish","4":"has-post-thumbnail","6":"product_brand-pameast","7":"product_cat-textures-et-tampons","8":"product_tag-aida","9":"product_tag-argile","10":"product_tag-argile-metallique","11":"product_tag-artclay","12":"product_tag-bijoux","13":"product_tag-bijoux-en-argile","14":"product_tag-bricolage","15":"product_tag-commerce-de-gros","16":"product_tag-estampillage","17":"product_tag-faire","18":"product_tag-formulaires","19":"product_tag-japon","20":"product_tag-lignes-dartisanat","21":"product_tag-maison","22":"product_tag-structures","23":"product_tag-tapis-de-marquage","24":"product_tag-tapis-de-texture","25":"product_tag-vous","26":"product_shipping_class-standard","28":"first","29":"instock","30":"taxable","31":"shipping-taxable","32":"purchasable","33":"product-type-simple"},"acf":[],"_links":{"self":[{"href":"https:\/\/esquell.eu\/fr\/wp-json\/wp\/v2\/product\/22987","targetHints":{"allow":["GET"]}}],"collection":[{"href":"https:\/\/esquell.eu\/fr\/wp-json\/wp\/v2\/product"}],"about":[{"href":"https:\/\/esquell.eu\/fr\/wp-json\/wp\/v2\/types\/product"}],"replies":[{"embeddable":true,"href":"https:\/\/esquell.eu\/fr\/wp-json\/wp\/v2\/comments?post=22987"}],"wp:featuredmedia":[{"embeddable":true,"href":"https:\/\/esquell.eu\/fr\/wp-json\/wp\/v2\/media\/8213"}],"wp:attachment":[{"href":"https:\/\/esquell.eu\/fr\/wp-json\/wp\/v2\/media?parent=22987"}],"wp:term":[{"taxonomy":"more","embeddable":true,"href":"https:\/\/esquell.eu\/fr\/wp-json\/wp\/v2\/more?post=22987"},{"taxonomy":"product_brand","embeddable":true,"href":"https:\/\/esquell.eu\/fr\/wp-json\/wp\/v2\/product_brand?post=22987"},{"taxonomy":"product_cat","embeddable":true,"href":"https:\/\/esquell.eu\/fr\/wp-json\/wp\/v2\/product_cat?post=22987"},{"taxonomy":"product_tag","embeddable":true,"href":"https:\/\/esquell.eu\/fr\/wp-json\/wp\/v2\/product_tag?post=22987"}],"curies":[{"name":"wp","href":"https:\/\/api.w.org\/{rel}","templated":true}]}}