{"id":22357,"date":"2025-04-14T10:00:52","date_gmt":"2025-04-14T10:00:52","guid":{"rendered":"https:\/\/esquell.eu\/product\/poincon-globe-diametre-18-mm\/"},"modified":"2025-04-14T10:00:52","modified_gmt":"2025-04-14T10:00:52","slug":"poincon-globe-diametre-18-mm","status":"publish","type":"product","link":"https:\/\/esquell.eu\/fr\/produit\/poincon-globe-diametre-18-mm\/","title":{"rendered":"Poin\u00e7on Globe Diam\u00e8tre 18 mm"},"content":{"rendered":"<p class=\"\" data-start=\"0\" data-end=\"320\">Un poin\u00e7on \u00e0 bille est utilis\u00e9 en joaillerie pour marteler le m\u00e9tal afin de lui donner une forme ronde et convexe. C&rsquo;est un outil indispensable pour former des pi\u00e8ces bomb\u00e9es ou arrondir le m\u00e9tal.  Voici quelques applications sp\u00e9cifiques :<\/p>\n<p data-start=\"322\" data-end=\"377\">\u00c0 quoi sert un poin\u00e7on \u00e0 bille lorsque vous fabriquez des bijoux ?<\/p>\n<ol data-start=\"378\" data-end=\"1108\">\n<li class=\"\" data-start=\"378\" data-end=\"622\">\n<p class=\"\" data-start=\"381\" data-end=\"622\">Doming de disques m\u00e9talliques<br data-start=\"414\" data-end=\"417\">Vous placez un disque m\u00e9tallique plat (par exemple en cuivre, en argent ou en laiton) dans un bloc de dapping et vous le frappez avec le poin\u00e7on \u00e0 bille pour donner au m\u00e9tal une forme h\u00e9misph\u00e9rique.<\/p>\n<\/li>\n<li class=\"\" data-start=\"624\" data-end=\"785\">\n<p class=\"\" data-start=\"627\" data-end=\"785\">Texture ou forme<br data-start=\"657\" data-end=\"660\">Un poin\u00e7on \u00e0 bille peut \u00eatre utilis\u00e9 pour percer de petites bosses ou des billes dans le m\u00e9tal afin d&rsquo;obtenir un effet d\u00e9coratif.<\/p>\n<\/li>\n<li class=\"\" data-start=\"787\" data-end=\"998\">\n<p class=\"\" data-start=\"790\" data-end=\"998\">Sertissage de cabochons ou de pierres<br data-start=\"820\" data-end=\"823\">Pour sertir un cabochon (pierre pr\u00e9cieuse lisse sans facette), vous pouvez utiliser un poin\u00e7on \u00e0 bille pour donner \u00e0 la bo\u00eete de sertissage une forme bien ronde afin que la pierre s&rsquo;y ins\u00e8re correctement.<\/p>\n<\/li>\n<li class=\"\" data-start=\"1000\" data-end=\"1108\">\n<p class=\"\" data-start=\"1003\" data-end=\"1108\">Fabrication de perles<br data-start=\"1024\" data-end=\"1027\">En assemblant deux d\u00f4mes, vous pouvez fabriquer une perle creuse ou un pendentif.<\/p>\n<\/li>\n<\/ol>\n<p class=\"\" data-start=\"1124\" data-end=\"1291\">Utile en combinaison avec un bloc d&rsquo;extraction.<\/p>\n<p class=\"\" data-start=\"1293\" data-end=\"1449\">\n","protected":false},"excerpt":{"rendered":"<p>Un poin\u00e7on \u00e0 bille est utilis\u00e9 en joaillerie pour marteler le m\u00e9tal afin de lui donner une forme ronde et convexe. C&rsquo;est un outil indispensable pour former des pi\u00e8ces bomb\u00e9es ou arrondir le m\u00e9tal. <\/p>\n","protected":false},"featured_media":4507,"comment_status":"closed","ping_status":"closed","template":"","meta":{"_acf_changed":false,"_seopress_robots_primary_cat":"none","_seopress_titles_title":"","_seopress_titles_desc":"","_seopress_robots_index":""},"more":[],"product_brand":[9626],"product_cat":[6364,10216],"product_tag":[9668,6372,9886,15506,9885,6374,6849,7405,17365,17364],"class_list":{"0":"post-22357","1":"product","2":"type-product","3":"status-publish","4":"has-post-thumbnail","6":"product_brand-hh","7":"product_cat-materiel-supplementaire","8":"product_cat-metal","9":"product_tag-autour-de","10":"product_tag-bijoux","11":"product_tag-convexe","12":"product_tag-coup-de-poing","13":"product_tag-creux","14":"product_tag-faire","15":"product_tag-formulaires","16":"product_tag-outil-2","17":"product_tag-poincon-spherique","18":"product_tag-sphere","20":"first","21":"instock","22":"taxable","23":"shipping-taxable","24":"purchasable","25":"product-type-simple"},"acf":[],"_links":{"self":[{"href":"https:\/\/esquell.eu\/fr\/wp-json\/wp\/v2\/product\/22357","targetHints":{"allow":["GET"]}}],"collection":[{"href":"https:\/\/esquell.eu\/fr\/wp-json\/wp\/v2\/product"}],"about":[{"href":"https:\/\/esquell.eu\/fr\/wp-json\/wp\/v2\/types\/product"}],"replies":[{"embeddable":true,"href":"https:\/\/esquell.eu\/fr\/wp-json\/wp\/v2\/comments?post=22357"}],"wp:featuredmedia":[{"embeddable":true,"href":"https:\/\/esquell.eu\/fr\/wp-json\/wp\/v2\/media\/4507"}],"wp:attachment":[{"href":"https:\/\/esquell.eu\/fr\/wp-json\/wp\/v2\/media?parent=22357"}],"wp:term":[{"taxonomy":"more","embeddable":true,"href":"https:\/\/esquell.eu\/fr\/wp-json\/wp\/v2\/more?post=22357"},{"taxonomy":"product_brand","embeddable":true,"href":"https:\/\/esquell.eu\/fr\/wp-json\/wp\/v2\/product_brand?post=22357"},{"taxonomy":"product_cat","embeddable":true,"href":"https:\/\/esquell.eu\/fr\/wp-json\/wp\/v2\/product_cat?post=22357"},{"taxonomy":"product_tag","embeddable":true,"href":"https:\/\/esquell.eu\/fr\/wp-json\/wp\/v2\/product_tag?post=22357"}],"curies":[{"name":"wp","href":"https:\/\/api.w.org\/{rel}","templated":true}]}}