{"id":22223,"date":"2025-04-04T05:37:45","date_gmt":"2025-04-04T05:37:45","guid":{"rendered":"https:\/\/esquell.eu\/product\/moules-de-pose-pour-realiser-des-poses-parfaites-dargile\/"},"modified":"2026-03-23T20:22:42","modified_gmt":"2026-03-23T20:22:42","slug":"moules-de-pose-pour-realiser-des-poses-parfaites-dargile","status":"publish","type":"product","link":"https:\/\/esquell.eu\/fr\/produit\/moules-de-pose-pour-realiser-des-poses-parfaites-dargile\/","title":{"rendered":"Moules de pose pour r\u00e9aliser des poses parfaites d&rsquo;argile"},"content":{"rendered":"<p>Ces moules en silicone sont con\u00e7us pour r\u00e9aliser des montages parfaits pour les pierres \u00e0 facettes telles que la zircone, etc.<\/p>\n<p>Ovale, rond, rond large et carr\u00e9<\/p>\n<p>R\u00e9glage des dimensions : 4x6mm, 5x7mm, et 6x8mm<\/p>\n<p>Marque : Cooltools<br \/>\nIl suffit de presser l&rsquo;argile dans le moule et de racler l&rsquo;argile exc\u00e9dentaire pour r\u00e9aliser de parfaits sertissages de pierres en forme de chaton ou d&rsquo;\u00e9pingle. Si vous r\u00e9alisez un sertissage de type \u00a0\u00bb prong \u00ab\u00a0, non seulement les bords de ces moules ont des c\u00f4t\u00e9s d\u00e9cor\u00e9s rappelant un sertissage \u00a0\u00bb prong \u00ab\u00a0, mais le moule est \u00e9galement con\u00e7u pour faire quatre \u00e9l\u00e9ments qui peuvent \u00eatre plac\u00e9s sur le dessus du sertissage et l\u00e9g\u00e8rement au-dessus de la pierre, donnant l&rsquo;impression d&rsquo;un \u00a0\u00bb prong \u00a0\u00bb pli\u00e9 sur la pierre. Ces moules ne n\u00e9cessitent pas d&rsquo;agents antiadh\u00e9sifs. \u00c0 utiliser avec de l&rsquo;argile m\u00e9tallique ou de l&rsquo;argile polym\u00e8re.   <\/p>\n","protected":false},"excerpt":{"rendered":"<p>Ces moules en silicone sont con\u00e7us pour offrir un cadre parfait aux pierres \u00e0 facettes.<\/p>\n<p>Ovale<\/p>\n<p>R\u00e9glage des dimensions : 4x6mm, 5x7mm, et 6x8mm<\/p>\n<p>&nbsp;<\/p>\n<p>Marque : Cooltools<br \/>\nIl suffit de presser l&rsquo;argile dans le moule et de racler l&rsquo;argile exc\u00e9dentaire pour r\u00e9aliser de parfaits sertissages de pierres en forme de chaton ou d&rsquo;\u00e9pingle. Si vous r\u00e9alisez un sertissage de type \u00a0\u00bb prong \u00ab\u00a0, non seulement les bords de ces moules ont des c\u00f4t\u00e9s d\u00e9cor\u00e9s rappelant un sertissage \u00a0\u00bb prong \u00ab\u00a0, mais le moule est \u00e9galement con\u00e7u pour faire quatre \u00e9l\u00e9ments qui peuvent \u00eatre plac\u00e9s sur le dessus du sertissage et l\u00e9g\u00e8rement au-dessus de la pierre, donnant l&rsquo;impression d&rsquo;un \u00a0\u00bb prong \u00a0\u00bb pli\u00e9 sur la pierre. Ces moules ne n\u00e9cessitent pas d&rsquo;agents antiadh\u00e9sifs. \u00c0 utiliser avec de l&rsquo;argile m\u00e9tallique ou de l&rsquo;argile polym\u00e8re.   <\/p>\n<p>&nbsp;<\/p>\n<p>&nbsp;<\/p>\n","protected":false},"featured_media":22225,"comment_status":"closed","ping_status":"closed","template":"","meta":{"_acf_changed":false,"_seopress_robots_primary_cat":"none","_seopress_titles_title":"","_seopress_titles_desc":"","_seopress_robots_index":""},"more":[17318],"product_brand":[6736],"product_cat":[15643,10990],"product_tag":[15104,6386,6404,6378,7418,8055,8424,12575,6423,12576,10198,11839,16036,6381,10176,9874,10552,22402,15097,7420,7506,22403,6749,7426,8059,22316,8056,14735,16038],"class_list":{"0":"post-22223","1":"product","2":"type-product","3":"status-publish","4":"has-post-thumbnail","6":"more-moules","7":"product_brand-des-outils-sympas","8":"product_cat-moules","9":"product_cat-reglements-et-chatons","10":"product_tag-a-lexclusion","11":"product_tag-aida","12":"product_tag-argile-argentee","13":"product_tag-argile-metallique","14":"product_tag-boite-de-reglage","15":"product_tag-broche","16":"product_tag-cooltools","17":"product_tag-couronnement","18":"product_tag-de","19":"product_tag-dents","20":"product_tag-finition","21":"product_tag-finition-2","22":"product_tag-finition-3","23":"product_tag-japon","24":"product_tag-metaaklei","25":"product_tag-moule-2","26":"product_tag-moule-3","27":"product_tag-moule-a-decanter","28":"product_tag-moules-2","29":"product_tag-plateau-de-brassage","30":"product_tag-pour","31":"product_tag-pour-la-mise-en-place","32":"product_tag-professionnel","33":"product_tag-reglage","34":"product_tag-reglage-des-griffes","35":"product_tag-reglements","36":"product_tag-sertissage","37":"product_tag-silicone","38":"product_tag-toucher","39":"product_shipping_class-standard","40":"pa_vorm-autour-de","41":"pa_vorm-carre","42":"pa_vorm-ensemble-de-3","43":"pa_vorm-ovale","44":"pa_vorm-rond-large","46":"first","47":"instock","48":"taxable","49":"shipping-taxable","50":"purchasable","51":"product-type-variable","52":"has-default-attributes"},"acf":[],"_links":{"self":[{"href":"https:\/\/esquell.eu\/fr\/wp-json\/wp\/v2\/product\/22223","targetHints":{"allow":["GET"]}}],"collection":[{"href":"https:\/\/esquell.eu\/fr\/wp-json\/wp\/v2\/product"}],"about":[{"href":"https:\/\/esquell.eu\/fr\/wp-json\/wp\/v2\/types\/product"}],"replies":[{"embeddable":true,"href":"https:\/\/esquell.eu\/fr\/wp-json\/wp\/v2\/comments?post=22223"}],"wp:featuredmedia":[{"embeddable":true,"href":"https:\/\/esquell.eu\/fr\/wp-json\/wp\/v2\/media\/22225"}],"wp:attachment":[{"href":"https:\/\/esquell.eu\/fr\/wp-json\/wp\/v2\/media?parent=22223"}],"wp:term":[{"taxonomy":"more","embeddable":true,"href":"https:\/\/esquell.eu\/fr\/wp-json\/wp\/v2\/more?post=22223"},{"taxonomy":"product_brand","embeddable":true,"href":"https:\/\/esquell.eu\/fr\/wp-json\/wp\/v2\/product_brand?post=22223"},{"taxonomy":"product_cat","embeddable":true,"href":"https:\/\/esquell.eu\/fr\/wp-json\/wp\/v2\/product_cat?post=22223"},{"taxonomy":"product_tag","embeddable":true,"href":"https:\/\/esquell.eu\/fr\/wp-json\/wp\/v2\/product_tag?post=22223"}],"curies":[{"name":"wp","href":"https:\/\/api.w.org\/{rel}","templated":true}]}}