{"id":22203,"date":"2025-04-04T05:37:45","date_gmt":"2025-04-04T05:37:45","guid":{"rendered":"https:\/\/esquell.eu\/product\/pigment-pour-la-coloration-des-resines-led-et-uv-diverses-couleurs-r-1109-r-1121\/"},"modified":"2025-04-04T05:37:45","modified_gmt":"2025-04-04T05:37:45","slug":"pigment-pour-la-coloration-des-resines-led-et-uv-diverses-couleurs-r-1109-r-1121","status":"publish","type":"product","link":"https:\/\/esquell.eu\/fr\/produit\/pigment-pour-la-coloration-des-resines-led-et-uv-diverses-couleurs-r-1109-r-1121\/","title":{"rendered":"Pigment pour la coloration des r\u00e9sines Led et UV. Diverses couleurs (R-1109 \/ R-1121)"},"content":{"rendered":"<p>Pigment de haute qualit\u00e9 pour la coloration des Led transparentes et des r\u00e9sines UV<br \/>\n13 couleurs diff\u00e9rentes, m\u00e9langeables entre elles<br \/>\nContenu 10 g<\/p>\n","protected":false},"excerpt":{"rendered":"<p>Pigment de haute qualit\u00e9 pour la coloration des Led transparentes et des r\u00e9sines UV<\/p>\n<p>Disponible en 13 couleurs<\/p>\n<p>Contenu 10 g<\/p>\n<p>Couleurs opaques.<\/p>\n<p>Parfait pour combiner avec la r\u00e9sine Moondrop<\/p>\n<p>En pressant le flacon, vous pouvez ajouter la couleur goutte \u00e0 goutte.<\/p>\n<p>Quelques gouttes suffisent.<\/p>\n<p>Les couleurs peuvent \u00eatre m\u00e9lang\u00e9es entre elles.<\/p>\n<p>En pressant le flacon, vous pouvez ajouter la couleur goutte \u00e0 goutte.<\/p>\n<p>Quelques gouttes suffisent.<\/p>\n<p>Les couleurs peuvent \u00eatre m\u00e9lang\u00e9es entre elles.<\/p>\n<p>&nbsp;<\/p>\n<p>&nbsp;<\/p>\n","protected":false},"featured_media":4561,"comment_status":"closed","ping_status":"closed","template":"","meta":{"_acf_changed":false,"_seopress_robots_primary_cat":"none","_seopress_titles_title":"","_seopress_titles_desc":"","_seopress_robots_index":""},"more":[],"product_brand":[6382],"product_cat":[9873],"product_tag":[6939,17316,9660,12930,17315,6649,7245,12350,11505,6647,9797,7268,17310,17317,7774,9894,9896,6443,14620,8638,7266],"class_list":{"0":"post-22203","1":"product","2":"type-product","3":"status-publish","4":"has-post-thumbnail","6":"product_brand-acs","7":"product_cat-led-et-resine-uv","8":"product_tag-acheter-2","9":"product_tag-bordeaux","10":"product_tag-brun","11":"product_tag-brun-2","12":"product_tag-brun-4","13":"product_tag-commande","14":"product_tag-couleurs","15":"product_tag-dirige","16":"product_tag-dur","17":"product_tag-en-ligne","18":"product_tag-epoxy","19":"product_tag-opaque","20":"product_tag-petit-3","21":"product_tag-pigment-bricolage","22":"product_tag-resine","23":"product_tag-resine-2","24":"product_tag-resine-acrylique","25":"product_tag-resine-uv","26":"product_tag-resine-lumiere","27":"product_tag-retrecissement","28":"product_tag-transparent","29":"product_shipping_class-standard","30":"pa_kleur-blanc-r-1109","31":"pa_kleur-bleu-r-1116","32":"pa_kleur-emarald-r-1118","33":"pa_kleur-jaune-r-1110","34":"pa_kleur-marron-r-1120","35":"pa_kleur-noir-r-1121","36":"pa_kleur-orange-r-1111","37":"pa_kleur-outremer-r-1115","38":"pa_kleur-raisin-r-1114","39":"pa_kleur-rose-rouge-r-1113","40":"pa_kleur-rouge-r-1112","41":"pa_kleur-turquoise-r-1117","42":"pa_kleur-vert-pomme-r-1119","44":"first","45":"instock","46":"taxable","47":"shipping-taxable","48":"purchasable","49":"product-type-variable"},"acf":[],"_links":{"self":[{"href":"https:\/\/esquell.eu\/fr\/wp-json\/wp\/v2\/product\/22203","targetHints":{"allow":["GET"]}}],"collection":[{"href":"https:\/\/esquell.eu\/fr\/wp-json\/wp\/v2\/product"}],"about":[{"href":"https:\/\/esquell.eu\/fr\/wp-json\/wp\/v2\/types\/product"}],"replies":[{"embeddable":true,"href":"https:\/\/esquell.eu\/fr\/wp-json\/wp\/v2\/comments?post=22203"}],"wp:featuredmedia":[{"embeddable":true,"href":"https:\/\/esquell.eu\/fr\/wp-json\/wp\/v2\/media\/4561"}],"wp:attachment":[{"href":"https:\/\/esquell.eu\/fr\/wp-json\/wp\/v2\/media?parent=22203"}],"wp:term":[{"taxonomy":"more","embeddable":true,"href":"https:\/\/esquell.eu\/fr\/wp-json\/wp\/v2\/more?post=22203"},{"taxonomy":"product_brand","embeddable":true,"href":"https:\/\/esquell.eu\/fr\/wp-json\/wp\/v2\/product_brand?post=22203"},{"taxonomy":"product_cat","embeddable":true,"href":"https:\/\/esquell.eu\/fr\/wp-json\/wp\/v2\/product_cat?post=22203"},{"taxonomy":"product_tag","embeddable":true,"href":"https:\/\/esquell.eu\/fr\/wp-json\/wp\/v2\/product_tag?post=22203"}],"curies":[{"name":"wp","href":"https:\/\/api.w.org\/{rel}","templated":true}]}}